{"id":12631,"date":"2025-05-20T05:51:42","date_gmt":"2025-05-20T05:51:42","guid":{"rendered":"https:\/\/toprisesafety.com\/?post_type=product&#038;p=12631"},"modified":"2025-05-21T07:03:40","modified_gmt":"2025-05-21T07:03:40","slug":"letter-shaped-fiberglass-bench","status":"publish","type":"product","link":"https:\/\/toprisesafety.com\/es\/producto\/letter-shaped-fiberglass-bench\/","title":{"rendered":"Banco de fibra de vidrio con forma de letra"},"content":{"rendered":"<h1>Banco de fibra de vidrio con forma de letra<\/h1>\n<ul>\n<li>Dise\u00f1o creativo: Las formas \u00fanicas de las letras a\u00f1aden diversi\u00f3n y modernidad, llamando la atenci\u00f3n.<\/li>\n<li>Opciones de personalizaci\u00f3n: Admite la personalizaci\u00f3n personalizada de combinaciones de letras, colores, estilos y tama\u00f1os para satisfacer diferentes necesidades.<\/li>\n<li>Gran durabilidad: El material pl\u00e1stico reforzado con fibra de vidrio es robusto y resistente a la corrosi\u00f3n, apto para un uso prolongado.<\/li>\n<li>Ligeros y f\u00e1ciles de mover: En comparaci\u00f3n con los materiales tradicionales, los asientos de pl\u00e1stico reforzado con fibra de vidrio son ligeros y f\u00e1ciles de mover y colocar.<\/li>\n<li>Experiencia de confort: Dise\u00f1ado ergon\u00f3micamente para ofrecer una experiencia de asiento c\u00f3moda.<\/li>\n<\/ul>\n<table>\n<tbody>\n<tr>\n<td width=\"284\">ART NO.<\/td>\n<td width=\"284\">FB20<\/td>\n<\/tr>\n<tr>\n<td width=\"284\">MATERIAL<\/td>\n<td width=\"284\">Fibra de vidrio<\/td>\n<\/tr>\n<tr>\n<td width=\"284\">TALLA<\/td>\n<td width=\"284\">Personalizado<\/td>\n<\/tr>\n<tr>\n<td width=\"284\">MOQ<\/td>\n<td width=\"284\">1 PC<\/td>\n<\/tr>\n<tr>\n<td colspan=\"2\" width=\"568\">Admitimos dise\u00f1os, tama\u00f1os y colores personalizados. Si usted tiene su dise\u00f1o, podemos hacerlo en consecuencia.<\/td>\n<\/tr>\n<\/tbody>\n<\/table>\n<p>TOPRISE admite varios estilos de personalizaci\u00f3n de bancos y sillas de fibra de vidrio; haga clic para <a href=\"https:\/\/toprisesafety.com\/es\/categoria-producto\/outdoor-goods\/fiberglass-bench\/\">ver m\u00e1s estilos de bancos y sillas de fibra de vidrio.<\/a><\/p>\n<p>Si no encuentra los bancos y sillas de fibra de vidrio que necesita, <a href=\"https:\/\/toprisesafety.com\/es\/contact-us\/\">p\u00f3ngase en contacto con nosotros; <\/a>apoyamos la personalizaci\u00f3n especial con MOQ bajo .<\/p>","protected":false},"excerpt":{"rendered":"<p>&nbsp;<\/p>\n<p>ART NO. FB20<\/p>\n<p>MATERIAL: Fibra de vidrio<\/p>\n<p>Talla: Personalizado<\/p>\n<p>Color: Personalizado<\/p>\n<p>MOQ: 1 PC<\/p>","protected":false},"featured_media":12632,"template":"","meta":{"_acf_changed":false},"product_brand":[],"product_cat":[397,398],"product_tag":[],"class_list":{"0":"post-12631","1":"product","2":"type-product","3":"status-publish","4":"has-post-thumbnail","6":"product_cat-fiberglass-bench","7":"product_cat-frp-products","9":"first","10":"instock","11":"shipping-taxable","12":"product-type-simple"},"acf":[],"_links":{"self":[{"href":"https:\/\/toprisesafety.com\/es\/wp-json\/wp\/v2\/product\/12631"}],"collection":[{"href":"https:\/\/toprisesafety.com\/es\/wp-json\/wp\/v2\/product"}],"about":[{"href":"https:\/\/toprisesafety.com\/es\/wp-json\/wp\/v2\/types\/product"}],"wp:featuredmedia":[{"embeddable":true,"href":"https:\/\/toprisesafety.com\/es\/wp-json\/wp\/v2\/media\/12632"}],"wp:attachment":[{"href":"https:\/\/toprisesafety.com\/es\/wp-json\/wp\/v2\/media?parent=12631"}],"wp:term":[{"taxonomy":"product_brand","embeddable":true,"href":"https:\/\/toprisesafety.com\/es\/wp-json\/wp\/v2\/product_brand?post=12631"},{"taxonomy":"product_cat","embeddable":true,"href":"https:\/\/toprisesafety.com\/es\/wp-json\/wp\/v2\/product_cat?post=12631"},{"taxonomy":"product_tag","embeddable":true,"href":"https:\/\/toprisesafety.com\/es\/wp-json\/wp\/v2\/product_tag?post=12631"}],"curies":[{"name":"wp","href":"https:\/\/api.w.org\/{rel}","templated":true}]}}