{"id":12625,"date":"2025-05-20T05:38:43","date_gmt":"2025-05-20T05:38:43","guid":{"rendered":"https:\/\/toprisesafety.com\/?post_type=product&#038;p=12625"},"modified":"2025-05-21T07:03:55","modified_gmt":"2025-05-21T07:03:55","slug":"special-shaped-bonos-bench","status":"publish","type":"product","link":"https:\/\/toprisesafety.com\/es\/producto\/special-shaped-bonos-bench\/","title":{"rendered":"Banco Bonos de forma especial"},"content":{"rendered":"<h1>Banco Bonos de forma especial<\/h1>\n<ul>\n<li>Dise\u00f1o creativo: Forma de hueso \u00fanica, llena de diversi\u00f3n y modernidad, llamativa.<\/li>\n<li>Servicio de personalizaci\u00f3n: Admite la personalizaci\u00f3n personalizada en estilo, color y tama\u00f1o para satisfacer diferentes necesidades.<\/li>\n<li>Gran durabilidad: El material pl\u00e1stico reforzado con fibra de vidrio es robusto y resistente a la corrosi\u00f3n, apto para su uso en diversos entornos.<\/li>\n<li>Ligeros y f\u00e1ciles de mover: En comparaci\u00f3n con los materiales tradicionales, los bancos de FRP son ligeros y f\u00e1ciles de mover.<\/li>\n<li>Experiencia confortable: El dise\u00f1o se ajusta a la ergonom\u00eda, proporcionando una experiencia c\u00f3moda al sentarse.<\/li>\n<\/ul>\n<table>\n<tbody>\n<tr>\n<td width=\"284\">ART NO.<\/td>\n<td width=\"284\">FB19<\/td>\n<\/tr>\n<tr>\n<td width=\"284\">MATERIAL<\/td>\n<td width=\"284\">Fibra de vidrio<\/td>\n<\/tr>\n<tr>\n<td width=\"284\">TALLA<\/td>\n<td width=\"284\">1800\u00d7600\u00d7400 mm o personalizado<\/td>\n<\/tr>\n<tr>\n<td width=\"284\">MOQ<\/td>\n<td width=\"284\">1 PC<\/td>\n<\/tr>\n<tr>\n<td colspan=\"2\" width=\"568\">Admitimos dise\u00f1os, tama\u00f1os y colores personalizados. Si usted tiene su dise\u00f1o, podemos hacerlo en consecuencia.<\/td>\n<\/tr>\n<\/tbody>\n<\/table>\n<p><img fetchpriority=\"high\" decoding=\"async\" class=\"alignnone wp-image-12627\" src=\"https:\/\/toprisesafety.com\/wp-content\/uploads\/2025\/05\/special-shaped-bench-300x300.jpg\" alt=\"\" width=\"586\" height=\"586\" srcset=\"https:\/\/toprisesafety.com\/wp-content\/uploads\/2025\/05\/special-shaped-bench-300x300.jpg 300w, https:\/\/toprisesafety.com\/wp-content\/uploads\/2025\/05\/special-shaped-bench-1024x1024.jpg 1024w, https:\/\/toprisesafety.com\/wp-content\/uploads\/2025\/05\/special-shaped-bench-150x150.jpg 150w, https:\/\/toprisesafety.com\/wp-content\/uploads\/2025\/05\/special-shaped-bench-768x768.jpg 768w, https:\/\/toprisesafety.com\/wp-content\/uploads\/2025\/05\/special-shaped-bench-1536x1536.jpg 1536w, https:\/\/toprisesafety.com\/wp-content\/uploads\/2025\/05\/special-shaped-bench-2048x2048.jpg 2048w, https:\/\/toprisesafety.com\/wp-content\/uploads\/2025\/05\/special-shaped-bench-600x600.jpg 600w, https:\/\/toprisesafety.com\/wp-content\/uploads\/2025\/05\/special-shaped-bench-100x100.jpg 100w\" sizes=\"(max-width: 586px) 100vw, 586px\" \/><\/p>\n<div style=\"width: 720px;\" class=\"wp-video\"><video class=\"wp-video-shortcode\" id=\"video-12625-1\" width=\"720\" height=\"960\" preload=\"metadata\" controls=\"controls\"><source type=\"video\/mp4\" src=\"https:\/\/toprisesafety.com\/wp-content\/uploads\/2025\/05\/Special-Shaped-Bonos-Bench.mp4?_=1\" \/><a href=\"https:\/\/toprisesafety.com\/wp-content\/uploads\/2025\/05\/Special-Shaped-Bonos-Bench.mp4\">https:\/\/toprisesafety.com\/wp-content\/uploads\/2025\/05\/Special-Shaped-Bonos-Bench.mp4<\/a><\/video><\/div>\n<p>TOPRISE admite varios estilos de personalizaci\u00f3n de bancos y sillas de fibra de vidrio; haga clic para <a href=\"https:\/\/toprisesafety.com\/es\/categoria-producto\/outdoor-goods\/fiberglass-bench\/\">ver m\u00e1s estilos de bancos y sillas de fibra de vidrio.<\/a><\/p>\n<p>Si no encuentra los bancos y sillas de fibra de vidrio que necesita, <a href=\"https:\/\/toprisesafety.com\/es\/contact-us\/\">p\u00f3ngase en contacto con nosotros; <\/a>apoyamos la personalizaci\u00f3n especial con MOQ bajo .<\/p>","protected":false},"excerpt":{"rendered":"<p>N\u00ba ART. FB19<\/p>\n<p>MATERIAL: Fibra de vidrio<\/p>\n<p>Tama\u00f1o: 1800\u00d7600\u00d7400 mm o personalizado<\/p>\n<p>Color: Personalizado<\/p>\n<p>MOQ: 1 PC<\/p>","protected":false},"featured_media":12626,"template":"","meta":{"_acf_changed":false},"product_brand":[],"product_cat":[397,398],"product_tag":[],"class_list":{"0":"post-12625","1":"product","2":"type-product","3":"status-publish","4":"has-post-thumbnail","6":"product_cat-fiberglass-bench","7":"product_cat-frp-products","9":"first","10":"instock","11":"shipping-taxable","12":"product-type-simple"},"acf":[],"_links":{"self":[{"href":"https:\/\/toprisesafety.com\/es\/wp-json\/wp\/v2\/product\/12625","targetHints":{"allow":["GET"]}}],"collection":[{"href":"https:\/\/toprisesafety.com\/es\/wp-json\/wp\/v2\/product"}],"about":[{"href":"https:\/\/toprisesafety.com\/es\/wp-json\/wp\/v2\/types\/product"}],"wp:featuredmedia":[{"embeddable":true,"href":"https:\/\/toprisesafety.com\/es\/wp-json\/wp\/v2\/media\/12626"}],"wp:attachment":[{"href":"https:\/\/toprisesafety.com\/es\/wp-json\/wp\/v2\/media?parent=12625"}],"wp:term":[{"taxonomy":"product_brand","embeddable":true,"href":"https:\/\/toprisesafety.com\/es\/wp-json\/wp\/v2\/product_brand?post=12625"},{"taxonomy":"product_cat","embeddable":true,"href":"https:\/\/toprisesafety.com\/es\/wp-json\/wp\/v2\/product_cat?post=12625"},{"taxonomy":"product_tag","embeddable":true,"href":"https:\/\/toprisesafety.com\/es\/wp-json\/wp\/v2\/product_tag?post=12625"}],"curies":[{"name":"wp","href":"https:\/\/api.w.org\/{rel}","templated":true}]}}