{"id":12623,"date":"2025-05-20T05:10:37","date_gmt":"2025-05-20T05:10:37","guid":{"rendered":"https:\/\/toprisesafety.com\/?post_type=product&#038;p=12623"},"modified":"2025-05-21T07:04:04","modified_gmt":"2025-05-21T07:04:04","slug":"fiberglass-modern-rocker-chair","status":"publish","type":"product","link":"https:\/\/toprisesafety.com\/es\/producto\/fiberglass-modern-rocker-chair\/","title":{"rendered":"Silla mecedora moderna de fibra de vidrio"},"content":{"rendered":"<h1>Silla mecedora moderna de fibra de vidrio<\/h1>\n<ul>\n<li>Dise\u00f1o moderno: La forma aerodin\u00e1mica \u00fanica a\u00f1ade un sentido de arte moderno, adecuado para varios estilos de interior.<\/li>\n<li>Gran comodidad: La funci\u00f3n de balanceo ofrece una experiencia relajante y c\u00f3moda, y est\u00e1 dise\u00f1ada ergon\u00f3micamente.<\/li>\n<li>Durabilidad: El material pl\u00e1stico reforzado con fibra de vidrio es fuerte y duradero, resistente a la corrosi\u00f3n y adecuado para un uso a largo plazo.<\/li>\n<li>Ligero y f\u00e1cil de mover: En comparaci\u00f3n con los materiales tradicionales, el pl\u00e1stico reforzado con fibra de vidrio es ligero y f\u00e1cil de mover.<\/li>\n<li>Opciones de personalizaci\u00f3n: Los estilos, tama\u00f1os y colores se pueden personalizar seg\u00fan los requisitos para satisfacer las necesidades personalizadas.<\/li>\n<\/ul>\n<table>\n<tbody>\n<tr>\n<td width=\"284\">ART NO.<\/td>\n<td width=\"284\">FB18<\/td>\n<\/tr>\n<tr>\n<td width=\"284\">MATERIAL<\/td>\n<td width=\"284\">Fibra de vidrio<\/td>\n<\/tr>\n<tr>\n<td width=\"284\">TALLA<\/td>\n<td width=\"284\">Personalizado<\/td>\n<\/tr>\n<tr>\n<td width=\"284\">MOQ<\/td>\n<td width=\"284\">1 PC<\/td>\n<\/tr>\n<tr>\n<td colspan=\"2\" width=\"568\">Admitimos dise\u00f1os, tama\u00f1os y colores personalizados. Si usted tiene su dise\u00f1o, podemos hacerlo en consecuencia.<\/td>\n<\/tr>\n<\/tbody>\n<\/table>\n<p>TOPRISE admite varios estilos de personalizaci\u00f3n de bancos y sillas de fibra de vidrio; haga clic para <a href=\"https:\/\/toprisesafety.com\/es\/categoria-producto\/outdoor-goods\/fiberglass-bench\/\">ver m\u00e1s estilos de bancos y sillas de fibra de vidrio.<\/a><\/p>\n<p>Si no encuentra los bancos y sillas de fibra de vidrio que necesita, <a href=\"https:\/\/toprisesafety.com\/es\/contact-us\/\">p\u00f3ngase en contacto con nosotros; <\/a>apoyamos la personalizaci\u00f3n especial con MOQ bajo .<\/p>","protected":false},"excerpt":{"rendered":"<p>N\u00ba ART. FB18<\/p>\n<p>MATERIAL: Fibra de vidrio<\/p>\n<p>Talla: Personalizado<\/p>\n<p>Color: Personalizado<\/p>\n<p>MOQ: 1 PC<\/p>","protected":false},"featured_media":12624,"template":"","meta":{"_acf_changed":false},"product_brand":[],"product_cat":[397,398],"product_tag":[],"class_list":{"0":"post-12623","1":"product","2":"type-product","3":"status-publish","4":"has-post-thumbnail","6":"product_cat-fiberglass-bench","7":"product_cat-frp-products","9":"first","10":"instock","11":"shipping-taxable","12":"product-type-simple"},"acf":[],"_links":{"self":[{"href":"https:\/\/toprisesafety.com\/es\/wp-json\/wp\/v2\/product\/12623","targetHints":{"allow":["GET"]}}],"collection":[{"href":"https:\/\/toprisesafety.com\/es\/wp-json\/wp\/v2\/product"}],"about":[{"href":"https:\/\/toprisesafety.com\/es\/wp-json\/wp\/v2\/types\/product"}],"wp:featuredmedia":[{"embeddable":true,"href":"https:\/\/toprisesafety.com\/es\/wp-json\/wp\/v2\/media\/12624"}],"wp:attachment":[{"href":"https:\/\/toprisesafety.com\/es\/wp-json\/wp\/v2\/media?parent=12623"}],"wp:term":[{"taxonomy":"product_brand","embeddable":true,"href":"https:\/\/toprisesafety.com\/es\/wp-json\/wp\/v2\/product_brand?post=12623"},{"taxonomy":"product_cat","embeddable":true,"href":"https:\/\/toprisesafety.com\/es\/wp-json\/wp\/v2\/product_cat?post=12623"},{"taxonomy":"product_tag","embeddable":true,"href":"https:\/\/toprisesafety.com\/es\/wp-json\/wp\/v2\/product_tag?post=12623"}],"curies":[{"name":"wp","href":"https:\/\/api.w.org\/{rel}","templated":true}]}}