{"id":12619,"date":"2025-05-20T04:49:16","date_gmt":"2025-05-20T04:49:16","guid":{"rendered":"https:\/\/toprisesafety.com\/?post_type=product&#038;p=12619"},"modified":"2025-05-21T07:04:29","modified_gmt":"2025-05-21T07:04:29","slug":"fiberglass-bench-stool-with-flower-pot","status":"publish","type":"product","link":"https:\/\/toprisesafety.com\/es\/producto\/fiberglass-bench-stool-with-flower-pot\/","title":{"rendered":"Banco de fibra de vidrio con maceta"},"content":{"rendered":"<h1>Banco de fibra de vidrio con maceta<\/h1>\n<ul>\n<li>Dise\u00f1o creativo: Combinando maceteros y bancos, es a la vez pr\u00e1ctico y est\u00e9tico.<\/li>\n<li>Servicios personalizados: Apoyar la personalizaci\u00f3n personalizada en estilo, tama\u00f1o, color, etc, para satisfacer diferentes necesidades.<\/li>\n<li>Gran durabilidad: El material FRP tiene una excelente resistencia a la corrosi\u00f3n y es adecuado para uso en exteriores.<\/li>\n<li>Materiales respetuosos con el medio ambiente: Utilizaci\u00f3n de materiales pl\u00e1sticos reforzados con fibra de vidrio respetuosos con el medio ambiente, en l\u00ednea con el concepto de desarrollo sostenible.<\/li>\n<li>Experiencia de confort: El dise\u00f1o del banco se ajusta a la ergonom\u00eda, proporcionando una c\u00f3moda experiencia de asiento.<\/li>\n<\/ul>\n<table>\n<tbody>\n<tr>\n<td width=\"284\">ART NO.<\/td>\n<td width=\"284\">FB16<\/td>\n<\/tr>\n<tr>\n<td width=\"284\">MATERIAL<\/td>\n<td width=\"284\">Fibra de vidrio<\/td>\n<\/tr>\n<tr>\n<td width=\"284\">TALLA<\/td>\n<td width=\"284\">Personalizado<\/td>\n<\/tr>\n<tr>\n<td width=\"284\">MOQ<\/td>\n<td width=\"284\">1 PC<\/td>\n<\/tr>\n<tr>\n<td colspan=\"2\" width=\"568\">Admitimos dise\u00f1os, tama\u00f1os y colores personalizados. Si usted tiene su dise\u00f1o, podemos hacerlo en consecuencia.<\/td>\n<\/tr>\n<\/tbody>\n<\/table>\n<p>TOPRISE admite varios estilos de personalizaci\u00f3n de bancos y sillas de fibra de vidrio; haga clic para <a href=\"https:\/\/toprisesafety.com\/es\/categoria-producto\/outdoor-goods\/fiberglass-bench\/\">ver m\u00e1s estilos de bancos y sillas de fibra de vidrio.<\/a><\/p>\n<p>Si no encuentra los bancos y sillas de fibra de vidrio que necesita, <a href=\"https:\/\/toprisesafety.com\/es\/contact-us\/\">p\u00f3ngase en contacto con nosotros; <\/a>apoyamos la personalizaci\u00f3n especial con MOQ bajo .<\/p>","protected":false},"excerpt":{"rendered":"<p>N\u00ba ART. FB16<\/p>\n<p>MATERIAL: Fibra de vidrio<\/p>\n<p>Talla: Personalizado<\/p>\n<p>Color: Personalizado<\/p>\n<p>MOQ: 1 PC<\/p>","protected":false},"featured_media":12620,"template":"","meta":{"_acf_changed":false},"product_brand":[],"product_cat":[397,398],"product_tag":[],"class_list":{"0":"post-12619","1":"product","2":"type-product","3":"status-publish","4":"has-post-thumbnail","6":"product_cat-fiberglass-bench","7":"product_cat-frp-products","9":"first","10":"instock","11":"shipping-taxable","12":"product-type-simple"},"acf":[],"_links":{"self":[{"href":"https:\/\/toprisesafety.com\/es\/wp-json\/wp\/v2\/product\/12619"}],"collection":[{"href":"https:\/\/toprisesafety.com\/es\/wp-json\/wp\/v2\/product"}],"about":[{"href":"https:\/\/toprisesafety.com\/es\/wp-json\/wp\/v2\/types\/product"}],"wp:featuredmedia":[{"embeddable":true,"href":"https:\/\/toprisesafety.com\/es\/wp-json\/wp\/v2\/media\/12620"}],"wp:attachment":[{"href":"https:\/\/toprisesafety.com\/es\/wp-json\/wp\/v2\/media?parent=12619"}],"wp:term":[{"taxonomy":"product_brand","embeddable":true,"href":"https:\/\/toprisesafety.com\/es\/wp-json\/wp\/v2\/product_brand?post=12619"},{"taxonomy":"product_cat","embeddable":true,"href":"https:\/\/toprisesafety.com\/es\/wp-json\/wp\/v2\/product_cat?post=12619"},{"taxonomy":"product_tag","embeddable":true,"href":"https:\/\/toprisesafety.com\/es\/wp-json\/wp\/v2\/product_tag?post=12619"}],"curies":[{"name":"wp","href":"https:\/\/api.w.org\/{rel}","templated":true}]}}