{"id":12612,"date":"2025-05-20T04:35:49","date_gmt":"2025-05-20T04:35:49","guid":{"rendered":"https:\/\/toprisesafety.com\/?post_type=product&#038;p=12612"},"modified":"2025-05-21T07:04:43","modified_gmt":"2025-05-21T07:04:43","slug":"horn-antlers-sex-chair","status":"publish","type":"product","link":"https:\/\/toprisesafety.com\/es\/producto\/horn-antlers-sex-chair\/","title":{"rendered":"Silla sexual Horn Antlers"},"content":{"rendered":"<h1>Silla sexual Horn Antlers<\/h1>\n<ul>\n<li>Unique creative design: The innovative horn shape breaks the traditional chair design and adds a modern touch.<\/li>\n<li>Durability: FRP material is strong and corrosion-resistant, suitable for various indoor and outdoor environments.<\/li>\n<li>Lightweight and easy to carry: Lighter than traditional materials, it is convenient to move and arrange.<\/li>\n<li>Comfort: Ergonomically designed to provide a great sitting experience.<\/li>\n<li>Environmentally friendly materials: FRP material meets environmental protection requirements and reduces the impact on the environment.<\/li>\n<\/ul>\n<table>\n<tbody>\n<tr>\n<td width=\"284\">ART NO.<\/td>\n<td width=\"284\">FB15<\/td>\n<\/tr>\n<tr>\n<td width=\"284\">MATERIAL<\/td>\n<td width=\"284\">Fibra de vidrio<\/td>\n<\/tr>\n<tr>\n<td width=\"284\">TALLA<\/td>\n<td width=\"284\">103 CM * 84 CM<\/td>\n<\/tr>\n<tr>\n<td width=\"284\">MOQ<\/td>\n<td width=\"284\">1 PC<\/td>\n<\/tr>\n<tr>\n<td colspan=\"2\" width=\"568\">Admitimos dise\u00f1os, tama\u00f1os y colores personalizados. Si usted tiene su dise\u00f1o, podemos hacerlo en consecuencia.<\/td>\n<\/tr>\n<\/tbody>\n<\/table>\n<p><img fetchpriority=\"high\" decoding=\"async\" class=\"alignnone size-medium wp-image-12616\" src=\"https:\/\/toprisesafety.com\/wp-content\/uploads\/2025\/05\/Horn-Antlers-Sex-Chair-1-300x300.jpg\" alt=\"\" width=\"300\" height=\"300\" srcset=\"https:\/\/toprisesafety.com\/wp-content\/uploads\/2025\/05\/Horn-Antlers-Sex-Chair-1-300x300.jpg 300w, https:\/\/toprisesafety.com\/wp-content\/uploads\/2025\/05\/Horn-Antlers-Sex-Chair-1-1024x1024.jpg 1024w, https:\/\/toprisesafety.com\/wp-content\/uploads\/2025\/05\/Horn-Antlers-Sex-Chair-1-150x150.jpg 150w, https:\/\/toprisesafety.com\/wp-content\/uploads\/2025\/05\/Horn-Antlers-Sex-Chair-1-768x768.jpg 768w, https:\/\/toprisesafety.com\/wp-content\/uploads\/2025\/05\/Horn-Antlers-Sex-Chair-1-1536x1536.jpg 1536w, https:\/\/toprisesafety.com\/wp-content\/uploads\/2025\/05\/Horn-Antlers-Sex-Chair-1-2048x2048.jpg 2048w, https:\/\/toprisesafety.com\/wp-content\/uploads\/2025\/05\/Horn-Antlers-Sex-Chair-1-600x600.jpg 600w, https:\/\/toprisesafety.com\/wp-content\/uploads\/2025\/05\/Horn-Antlers-Sex-Chair-1-100x100.jpg 100w\" sizes=\"(max-width: 300px) 100vw, 300px\" \/> <img decoding=\"async\" class=\"alignnone size-medium wp-image-12617\" src=\"https:\/\/toprisesafety.com\/wp-content\/uploads\/2025\/05\/Horn-Antlers-Sex-Chair-4-300x300.png\" alt=\"\" width=\"300\" height=\"300\" srcset=\"https:\/\/toprisesafety.com\/wp-content\/uploads\/2025\/05\/Horn-Antlers-Sex-Chair-4-300x300.png 300w, https:\/\/toprisesafety.com\/wp-content\/uploads\/2025\/05\/Horn-Antlers-Sex-Chair-4-150x150.png 150w, https:\/\/toprisesafety.com\/wp-content\/uploads\/2025\/05\/Horn-Antlers-Sex-Chair-4-600x598.png 600w, https:\/\/toprisesafety.com\/wp-content\/uploads\/2025\/05\/Horn-Antlers-Sex-Chair-4-100x100.png 100w, https:\/\/toprisesafety.com\/wp-content\/uploads\/2025\/05\/Horn-Antlers-Sex-Chair-4.png 761w\" sizes=\"(max-width: 300px) 100vw, 300px\" \/><\/p>\n<p>TOPRISE admite varios estilos de personalizaci\u00f3n de bancos y sillas de fibra de vidrio; haga clic para <a href=\"https:\/\/toprisesafety.com\/es\/categoria-producto\/outdoor-goods\/fiberglass-bench\/\">ver m\u00e1s estilos de bancos y sillas de fibra de vidrio.<\/a><\/p>\n<p>Si no encuentra los bancos y sillas de fibra de vidrio que necesita, <a href=\"https:\/\/toprisesafety.com\/es\/contact-us\/\">p\u00f3ngase en contacto con nosotros; <\/a>apoyamos la personalizaci\u00f3n especial con MOQ bajo .<\/p>","protected":false},"excerpt":{"rendered":"<p>ART NO. FB15<\/p>\n<p>MATERIAL: Fibra de vidrio<\/p>\n<p>Size: 103 CM * 84 CM<\/p>\n<p>Color: Personalizado<\/p>\n<p>MOQ: 1 PC<\/p>","protected":false},"featured_media":12613,"template":"","meta":{"_acf_changed":false},"product_brand":[],"product_cat":[397,398],"product_tag":[],"class_list":{"0":"post-12612","1":"product","2":"type-product","3":"status-publish","4":"has-post-thumbnail","6":"product_cat-fiberglass-bench","7":"product_cat-frp-products","9":"first","10":"instock","11":"shipping-taxable","12":"product-type-simple"},"acf":[],"_links":{"self":[{"href":"https:\/\/toprisesafety.com\/es\/wp-json\/wp\/v2\/product\/12612"}],"collection":[{"href":"https:\/\/toprisesafety.com\/es\/wp-json\/wp\/v2\/product"}],"about":[{"href":"https:\/\/toprisesafety.com\/es\/wp-json\/wp\/v2\/types\/product"}],"wp:featuredmedia":[{"embeddable":true,"href":"https:\/\/toprisesafety.com\/es\/wp-json\/wp\/v2\/media\/12613"}],"wp:attachment":[{"href":"https:\/\/toprisesafety.com\/es\/wp-json\/wp\/v2\/media?parent=12612"}],"wp:term":[{"taxonomy":"product_brand","embeddable":true,"href":"https:\/\/toprisesafety.com\/es\/wp-json\/wp\/v2\/product_brand?post=12612"},{"taxonomy":"product_cat","embeddable":true,"href":"https:\/\/toprisesafety.com\/es\/wp-json\/wp\/v2\/product_cat?post=12612"},{"taxonomy":"product_tag","embeddable":true,"href":"https:\/\/toprisesafety.com\/es\/wp-json\/wp\/v2\/product_tag?post=12612"}],"curies":[{"name":"wp","href":"https:\/\/api.w.org\/{rel}","templated":true}]}}