{"id":12597,"date":"2025-05-20T03:00:25","date_gmt":"2025-05-20T03:00:25","guid":{"rendered":"https:\/\/toprisesafety.com\/?post_type=product&#038;p=12597"},"modified":"2025-05-21T07:07:13","modified_gmt":"2025-05-21T07:07:13","slug":"outdoor-fiberglass-bench-chair","status":"publish","type":"product","link":"https:\/\/toprisesafety.com\/es\/producto\/outdoor-fiberglass-bench-chair\/","title":{"rendered":"Silla de fibra de vidrio para exteriores"},"content":{"rendered":"<h1>Silla de fibra de vidrio para exteriores<\/h1>\n<ul>\n<li>Gran durabilidad: El material FRP tiene propiedades anticorrosivas y es apto para diversos entornos.<\/li>\n<li>Ligero y duradero: En comparaci\u00f3n con los materiales tradicionales, el pl\u00e1stico reforzado con fibra de vidrio es m\u00e1s ligero y f\u00e1cil de mover e instalar.<\/li>\n<li>Dise\u00f1o de madera anticorrosi\u00f3n: Combinado con paneles de madera anticorrosi\u00f3n, proporciona comodidad y mejora la est\u00e9tica.<\/li>\n<li>Servicio de personalizaci\u00f3n: Admite la personalizaci\u00f3n personalizada en estilo, tama\u00f1o y color para satisfacer diferentes necesidades.<\/li>\n<li>Respeto del medio ambiente: El pl\u00e1stico reforzado con fibra de vidrio es un material respetuoso con el medio ambiente, que se ajusta al concepto de desarrollo sostenible y reduce el desperdicio de recursos.<\/li>\n<\/ul>\n<table>\n<tbody>\n<tr>\n<td width=\"284\">ART NO.<\/td>\n<td width=\"284\">FB11<\/td>\n<\/tr>\n<tr>\n<td width=\"284\">MATERIAL<\/td>\n<td width=\"284\">Fibra de vidrio<\/td>\n<\/tr>\n<tr>\n<td width=\"284\">TALLA<\/td>\n<td width=\"284\">Personalizado<\/td>\n<\/tr>\n<tr>\n<td width=\"284\">MOQ<\/td>\n<td width=\"284\">3 PIEZAS<\/td>\n<\/tr>\n<tr>\n<td colspan=\"2\" width=\"568\">Admitimos dise\u00f1os, tama\u00f1os y colores personalizados. Si usted tiene su dise\u00f1o, podemos hacerlo en consecuencia.<\/td>\n<\/tr>\n<\/tbody>\n<\/table>\n<p>TOPRISE admite varios estilos de personalizaci\u00f3n de bancos y sillas de fibra de vidrio; haga clic para <a href=\"https:\/\/toprisesafety.com\/es\/categoria-producto\/outdoor-goods\/fiberglass-bench\/\">ver m\u00e1s estilos de bancos y sillas de fibra de vidrio.<\/a><\/p>\n<p>Si no encuentra los bancos y sillas de fibra de vidrio que necesita, <a href=\"https:\/\/toprisesafety.com\/es\/contact-us\/\">p\u00f3ngase en contacto con nosotros; <\/a>apoyamos la personalizaci\u00f3n especial con MOQ bajo .<\/p>","protected":false},"excerpt":{"rendered":"<p>N\u00ba ART. FB11<\/p>\n<p>MATERIAL: Fibra de vidrio<\/p>\n<p>Talla: Personalizado<\/p>\n<p>Color: Personalizado<\/p>\n<p>MOQ: 3 PCS<\/p>","protected":false},"featured_media":12598,"template":"","meta":{"_acf_changed":false},"product_brand":[],"product_cat":[397,398],"product_tag":[],"class_list":{"0":"post-12597","1":"product","2":"type-product","3":"status-publish","4":"has-post-thumbnail","6":"product_cat-fiberglass-bench","7":"product_cat-frp-products","9":"first","10":"instock","11":"shipping-taxable","12":"product-type-simple"},"acf":[],"_links":{"self":[{"href":"https:\/\/toprisesafety.com\/es\/wp-json\/wp\/v2\/product\/12597"}],"collection":[{"href":"https:\/\/toprisesafety.com\/es\/wp-json\/wp\/v2\/product"}],"about":[{"href":"https:\/\/toprisesafety.com\/es\/wp-json\/wp\/v2\/types\/product"}],"wp:featuredmedia":[{"embeddable":true,"href":"https:\/\/toprisesafety.com\/es\/wp-json\/wp\/v2\/media\/12598"}],"wp:attachment":[{"href":"https:\/\/toprisesafety.com\/es\/wp-json\/wp\/v2\/media?parent=12597"}],"wp:term":[{"taxonomy":"product_brand","embeddable":true,"href":"https:\/\/toprisesafety.com\/es\/wp-json\/wp\/v2\/product_brand?post=12597"},{"taxonomy":"product_cat","embeddable":true,"href":"https:\/\/toprisesafety.com\/es\/wp-json\/wp\/v2\/product_cat?post=12597"},{"taxonomy":"product_tag","embeddable":true,"href":"https:\/\/toprisesafety.com\/es\/wp-json\/wp\/v2\/product_tag?post=12597"}],"curies":[{"name":"wp","href":"https:\/\/api.w.org\/{rel}","templated":true}]}}