{"id":12587,"date":"2025-05-19T08:35:41","date_gmt":"2025-05-19T08:35:41","guid":{"rendered":"https:\/\/toprisesafety.com\/?post_type=product&#038;p=12587"},"modified":"2025-05-21T07:07:23","modified_gmt":"2025-05-21T07:07:23","slug":"mall-modern-fiberglass-bench","status":"publish","type":"product","link":"https:\/\/toprisesafety.com\/es\/producto\/mall-modern-fiberglass-bench\/","title":{"rendered":"Banco moderno de fibra de vidrio Mall"},"content":{"rendered":"<h1>Banco moderno de fibra de vidrio Mall<\/h1>\n<ul>\n<li>Dise\u00f1o \u00fanico de forma irregular: Forma creativa, rompiendo la tradici\u00f3n, aportando un impacto visual \u00fanico.<\/li>\n<li>Opciones de personalizaci\u00f3n: Admite la personalizaci\u00f3n del tama\u00f1o y el color para satisfacer las necesidades de diferentes escenarios.<\/li>\n<li>Material de alta resistencia: Hecho de pl\u00e1stico reforzado con fibra de vidrio, es robusto y duradero con una fuerte resistencia a la compresi\u00f3n.<\/li>\n<li>Experiencia confortable: El dise\u00f1o aerodin\u00e1mico ofrece una c\u00f3moda experiencia de asiento y es adecuado para un uso prolongado.<\/li>\n<li>Material respetuoso con el medio ambiente: El pl\u00e1stico reforzado con fibra de vidrio es reciclable, en l\u00ednea con el concepto de desarrollo sostenible y protecci\u00f3n del medio ambiente.<\/li>\n<li>F\u00e1cil de limpiar: superficie lisa, mantenimiento c\u00f3modo y belleza a largo plazo.<\/li>\n<li>Amplia gama de escenarios de aplicaci\u00f3n: adecuado para parques, espacios comerciales, zonas de ocio al aire libre, etc., realzando el sentido global del dise\u00f1o del espacio.<\/li>\n<\/ul>\n<table>\n<tbody>\n<tr>\n<td width=\"284\">ART NO.<\/td>\n<td width=\"284\">FB10<\/td>\n<\/tr>\n<tr>\n<td width=\"284\">MATERIAL<\/td>\n<td width=\"284\">Fibra de vidrio<\/td>\n<\/tr>\n<tr>\n<td width=\"284\">TALLA<\/td>\n<td width=\"284\">Personalizado<\/td>\n<\/tr>\n<tr>\n<td width=\"284\">MOQ<\/td>\n<td width=\"284\">1 PC<\/td>\n<\/tr>\n<tr>\n<td colspan=\"2\" width=\"568\">Admitimos dise\u00f1os, tama\u00f1os y colores personalizados. Si usted tiene su dise\u00f1o, podemos hacerlo en consecuencia.<\/td>\n<\/tr>\n<\/tbody>\n<\/table>\n<p>TOPRISE admite varios estilos de personalizaci\u00f3n de bancos y sillas de fibra de vidrio; haga clic para <a href=\"https:\/\/toprisesafety.com\/es\/categoria-producto\/outdoor-goods\/fiberglass-bench\/\">ver m\u00e1s estilos de bancos y sillas de fibra de vidrio.<\/a><\/p>\n<p>Si no encuentra los bancos y sillas de fibra de vidrio que necesita, <a href=\"https:\/\/toprisesafety.com\/es\/contact-us\/\">p\u00f3ngase en contacto con nosotros; <\/a>apoyamos la personalizaci\u00f3n especial con MOQ bajo .<\/p>","protected":false},"excerpt":{"rendered":"<p>ART NO. FB10<\/p>\n<p>MATERIAL: Fibra de vidrio<\/p>\n<p>Talla: Personalizado<\/p>\n<p>Color: Personalizado<\/p>\n<p>MOQ: 1 PC<\/p>","protected":false},"featured_media":12595,"template":"","meta":{"_acf_changed":false},"product_brand":[],"product_cat":[397,398],"product_tag":[],"class_list":{"0":"post-12587","1":"product","2":"type-product","3":"status-publish","4":"has-post-thumbnail","6":"product_cat-fiberglass-bench","7":"product_cat-frp-products","9":"first","10":"instock","11":"shipping-taxable","12":"product-type-simple"},"acf":[],"_links":{"self":[{"href":"https:\/\/toprisesafety.com\/es\/wp-json\/wp\/v2\/product\/12587"}],"collection":[{"href":"https:\/\/toprisesafety.com\/es\/wp-json\/wp\/v2\/product"}],"about":[{"href":"https:\/\/toprisesafety.com\/es\/wp-json\/wp\/v2\/types\/product"}],"wp:featuredmedia":[{"embeddable":true,"href":"https:\/\/toprisesafety.com\/es\/wp-json\/wp\/v2\/media\/12595"}],"wp:attachment":[{"href":"https:\/\/toprisesafety.com\/es\/wp-json\/wp\/v2\/media?parent=12587"}],"wp:term":[{"taxonomy":"product_brand","embeddable":true,"href":"https:\/\/toprisesafety.com\/es\/wp-json\/wp\/v2\/product_brand?post=12587"},{"taxonomy":"product_cat","embeddable":true,"href":"https:\/\/toprisesafety.com\/es\/wp-json\/wp\/v2\/product_cat?post=12587"},{"taxonomy":"product_tag","embeddable":true,"href":"https:\/\/toprisesafety.com\/es\/wp-json\/wp\/v2\/product_tag?post=12587"}],"curies":[{"name":"wp","href":"https:\/\/api.w.org\/{rel}","templated":true}]}}