{"id":12580,"date":"2025-05-19T08:28:14","date_gmt":"2025-05-19T08:28:14","guid":{"rendered":"https:\/\/toprisesafety.com\/?post_type=product&#038;p=12580"},"modified":"2025-05-21T07:07:33","modified_gmt":"2025-05-21T07:07:33","slug":"wood-outdoor-fiberglass-bench","status":"publish","type":"product","link":"https:\/\/toprisesafety.com\/es\/producto\/wood-outdoor-fiberglass-bench\/","title":{"rendered":"Banco de fibra de vidrio para exteriores de madera"},"content":{"rendered":"<h1>Banco de fibra de vidrio para exteriores de madera<\/h1>\n<ul>\n<li>Gran durabilidad: El material FRP es resistente a la corrosi\u00f3n y adecuado para todo tipo de entornos adversos.<\/li>\n<li>Ligeros: En comparaci\u00f3n con los materiales tradicionales, los bancos de pl\u00e1stico reforzado con fibra de vidrio son m\u00e1s ligeros y f\u00e1ciles de mover.<\/li>\n<li>La combinaci\u00f3n de madera tratada: El uso de madera tratada mejora el atractivo est\u00e9tico y el confort, al tiempo que prolonga la vida \u00fatil.<\/li>\n<li>Servicios personalizados: Soporta la personalizaci\u00f3n en estilo, tama\u00f1o y color para satisfacer diferentes necesidades.<\/li>\n<\/ul>\n<p>Materiales respetuosos con el medio ambiente: Los materiales FRP son respetuosos con el medio ambiente y no contaminan, en l\u00ednea con el concepto moderno de desarrollo sostenible.<\/p>\n<table>\n<tbody>\n<tr>\n<td width=\"284\">ART NO.<\/td>\n<td width=\"284\">FB08<\/td>\n<\/tr>\n<tr>\n<td width=\"284\">MATERIAL<\/td>\n<td width=\"284\">Fibra de vidrio<\/td>\n<\/tr>\n<tr>\n<td width=\"284\">TALLA<\/td>\n<td width=\"284\">Personalizado<\/td>\n<\/tr>\n<tr>\n<td width=\"284\">MOQ<\/td>\n<td width=\"284\">1 SET<\/td>\n<\/tr>\n<tr>\n<td colspan=\"2\" width=\"568\">Admitimos dise\u00f1os, tama\u00f1os y colores personalizados. Si usted tiene su dise\u00f1o, podemos hacerlo en consecuencia.<\/td>\n<\/tr>\n<\/tbody>\n<\/table>\n<p>TOPRISE admite varios estilos de personalizaci\u00f3n de bancos y sillas de fibra de vidrio; haga clic para <a href=\"https:\/\/toprisesafety.com\/es\/categoria-producto\/outdoor-goods\/fiberglass-bench\/\">ver m\u00e1s estilos de bancos y sillas de fibra de vidrio.<\/a><\/p>\n<p>Si no encuentra los bancos y sillas de fibra de vidrio que necesita, <a href=\"https:\/\/toprisesafety.com\/es\/contact-us\/\">p\u00f3ngase en contacto con nosotros; <\/a>apoyamos la personalizaci\u00f3n especial con MOQ bajo .<\/p>","protected":false},"excerpt":{"rendered":"<p>N\u00ba ART. FB09<\/p>\n<p>MATERIAL: Fibra de vidrio<\/p>\n<p>Talla: Personalizado<\/p>\n<p>Color: Personalizado<\/p>\n<p>MOQ: 1 PC<\/p>","protected":false},"featured_media":12581,"template":"","meta":{"_acf_changed":false},"product_brand":[],"product_cat":[397,398],"product_tag":[],"class_list":{"0":"post-12580","1":"product","2":"type-product","3":"status-publish","4":"has-post-thumbnail","6":"product_cat-fiberglass-bench","7":"product_cat-frp-products","9":"first","10":"instock","11":"shipping-taxable","12":"product-type-simple"},"acf":[],"_links":{"self":[{"href":"https:\/\/toprisesafety.com\/es\/wp-json\/wp\/v2\/product\/12580"}],"collection":[{"href":"https:\/\/toprisesafety.com\/es\/wp-json\/wp\/v2\/product"}],"about":[{"href":"https:\/\/toprisesafety.com\/es\/wp-json\/wp\/v2\/types\/product"}],"wp:featuredmedia":[{"embeddable":true,"href":"https:\/\/toprisesafety.com\/es\/wp-json\/wp\/v2\/media\/12581"}],"wp:attachment":[{"href":"https:\/\/toprisesafety.com\/es\/wp-json\/wp\/v2\/media?parent=12580"}],"wp:term":[{"taxonomy":"product_brand","embeddable":true,"href":"https:\/\/toprisesafety.com\/es\/wp-json\/wp\/v2\/product_brand?post=12580"},{"taxonomy":"product_cat","embeddable":true,"href":"https:\/\/toprisesafety.com\/es\/wp-json\/wp\/v2\/product_cat?post=12580"},{"taxonomy":"product_tag","embeddable":true,"href":"https:\/\/toprisesafety.com\/es\/wp-json\/wp\/v2\/product_tag?post=12580"}],"curies":[{"name":"wp","href":"https:\/\/api.w.org\/{rel}","templated":true}]}}