{"id":12572,"date":"2025-05-19T08:10:02","date_gmt":"2025-05-19T08:10:02","guid":{"rendered":"https:\/\/toprisesafety.com\/?post_type=product&#038;p=12572"},"modified":"2025-05-21T07:07:44","modified_gmt":"2025-05-21T07:07:44","slug":"fiberglass-lounge-chairs","status":"publish","type":"product","link":"https:\/\/toprisesafety.com\/es\/producto\/fiberglass-lounge-chairs\/","title":{"rendered":"Sillones de fibra de vidrio"},"content":{"rendered":"<h1>Sillones de fibra de vidrio<\/h1>\n<ul>\n<li>Dise\u00f1o moderno: Dise\u00f1o aerodin\u00e1mico \u00fanico, sencillo y elegante, adecuado para oficinas y espacios comerciales modernos.<\/li>\n<li>Opciones de personalizaci\u00f3n: Admite la personalizaci\u00f3n del estilo, el color y el tama\u00f1o para satisfacer necesidades personalizadas.<\/li>\n<li>Material duradero: Hecho de pl\u00e1stico reforzado con fibra de vidrio, es de alta resistencia, resistente al desgaste y resistente a la presi\u00f3n, adecuado para uso a largo plazo.<\/li>\n<li>Experiencia confortable: El dise\u00f1o es ergon\u00f3mico, proporcionando una experiencia de asiento c\u00f3moda y adecuada para diversos escenarios.<\/li>\n<li>Respetuoso con el medio ambiente: El material es reciclable, por lo que cumple los requisitos de protecci\u00f3n del medio ambiente y apoya el desarrollo sostenible.<\/li>\n<li>F\u00e1cil de limpiar: Superficie lisa, conveniente para la limpieza y el mantenimiento, manteniendo la belleza a largo plazo.<\/li>\n<li>Amplia gama de aplicaciones: Adecuado para su uso en \u00e1reas p\u00fablicas como centros comerciales, hoteles y espacios de oficinas.<\/li>\n<\/ul>\n<table>\n<tbody>\n<tr>\n<td width=\"284\">ART NO.<\/td>\n<td width=\"284\">FB08<\/td>\n<\/tr>\n<tr>\n<td width=\"284\">MATERIAL<\/td>\n<td width=\"284\">Fibra de vidrio<\/td>\n<\/tr>\n<tr>\n<td width=\"284\">TALLA<\/td>\n<td width=\"284\">Personalizado<\/td>\n<\/tr>\n<tr>\n<td width=\"284\">MOQ<\/td>\n<td width=\"284\">1 PC<\/td>\n<\/tr>\n<tr>\n<td colspan=\"2\" width=\"568\">Admitimos dise\u00f1os, tama\u00f1os y colores personalizados. Si usted tiene su dise\u00f1o, podemos hacerlo en consecuencia.<\/td>\n<\/tr>\n<\/tbody>\n<\/table>\n<p>TOPRISE admite varios estilos de personalizaci\u00f3n de bancos y sillas de fibra de vidrio; haga clic para <a href=\"https:\/\/toprisesafety.com\/es\/categoria-producto\/outdoor-goods\/fiberglass-bench\/\">ver m\u00e1s estilos de bancos y sillas de fibra de vidrio.<\/a><\/p>\n<p>Si no encuentra los bancos y sillas de fibra de vidrio que necesita, <a href=\"https:\/\/toprisesafety.com\/es\/contact-us\/\">p\u00f3ngase en contacto con nosotros; <\/a>apoyamos la personalizaci\u00f3n especial con MOQ bajo .<\/p>","protected":false},"excerpt":{"rendered":"<p>N\u00ba ART. FB08<\/p>\n<p>MATERIAL: Fibra de vidrio<\/p>\n<p>Talla: Personalizado<\/p>\n<p>Color: Personalizado<\/p>\n<p>MOQ: 1 PC<\/p>","protected":false},"featured_media":12575,"template":"","meta":{"_acf_changed":false},"product_brand":[],"product_cat":[397,398],"product_tag":[],"class_list":{"0":"post-12572","1":"product","2":"type-product","3":"status-publish","4":"has-post-thumbnail","6":"product_cat-fiberglass-bench","7":"product_cat-frp-products","9":"first","10":"instock","11":"shipping-taxable","12":"product-type-simple"},"acf":[],"_links":{"self":[{"href":"https:\/\/toprisesafety.com\/es\/wp-json\/wp\/v2\/product\/12572"}],"collection":[{"href":"https:\/\/toprisesafety.com\/es\/wp-json\/wp\/v2\/product"}],"about":[{"href":"https:\/\/toprisesafety.com\/es\/wp-json\/wp\/v2\/types\/product"}],"wp:featuredmedia":[{"embeddable":true,"href":"https:\/\/toprisesafety.com\/es\/wp-json\/wp\/v2\/media\/12575"}],"wp:attachment":[{"href":"https:\/\/toprisesafety.com\/es\/wp-json\/wp\/v2\/media?parent=12572"}],"wp:term":[{"taxonomy":"product_brand","embeddable":true,"href":"https:\/\/toprisesafety.com\/es\/wp-json\/wp\/v2\/product_brand?post=12572"},{"taxonomy":"product_cat","embeddable":true,"href":"https:\/\/toprisesafety.com\/es\/wp-json\/wp\/v2\/product_cat?post=12572"},{"taxonomy":"product_tag","embeddable":true,"href":"https:\/\/toprisesafety.com\/es\/wp-json\/wp\/v2\/product_tag?post=12572"}],"curies":[{"name":"wp","href":"https:\/\/api.w.org\/{rel}","templated":true}]}}