{"id":12553,"date":"2025-05-19T07:20:45","date_gmt":"2025-05-19T07:20:45","guid":{"rendered":"https:\/\/toprisesafety.com\/?post_type=product&#038;p=12553"},"modified":"2025-05-21T07:08:40","modified_gmt":"2025-05-21T07:08:40","slug":"fiberglass-stone-chairs","status":"publish","type":"product","link":"https:\/\/toprisesafety.com\/es\/producto\/fiberglass-stone-chairs\/","title":{"rendered":"Sillas de piedra de fibra de vidrio"},"content":{"rendered":"<h1>Sillas de piedra de fibra de vidrio<\/h1>\n<ul>\n<li>Opciones de personalizaci\u00f3n: Admite la personalizaci\u00f3n del tama\u00f1o y el color para satisfacer los requisitos de dise\u00f1o personalizados y ser adecuado para diferentes entornos.<\/li>\n<li>Forma \u00fanica: Imitando la forma de la piedra, moderno y sencillo, adecuado para la decoraci\u00f3n en varios lugares.<\/li>\n<li>Material duradero: Hecho de pl\u00e1stico reforzado con fibra de vidrio, es resistente a la presi\u00f3n y al desgaste, adecuado tanto para uso en interiores como en exteriores.<\/li>\n<li>Material respetuoso con el medio ambiente: El pl\u00e1stico reforzado con fibra de vidrio es reciclable y cumple los requisitos del desarrollo sostenible, con un gran respeto por el medio ambiente.<\/li>\n<li>Comodidad: Superficie lisa, asiento c\u00f3modo, adecuado para el uso a largo plazo.<\/li>\n<li>F\u00e1cil de limpiar: Superficie lisa, c\u00f3moda de limpiar, que reduce los costes de mantenimiento.<\/li>\n<li>Aplicabilidad en m\u00faltiples escenarios: Adecuado para diversos escenarios, como espacios comerciales, exposiciones y decoraci\u00f3n de interiores, mejorando el atractivo est\u00e9tico general.<\/li>\n<\/ul>\n<table>\n<tbody>\n<tr>\n<td width=\"284\">ART NO.<\/td>\n<td width=\"284\">FB05<\/td>\n<\/tr>\n<tr>\n<td width=\"284\">MATERIAL<\/td>\n<td width=\"284\">Fibra de vidrio<\/td>\n<\/tr>\n<tr>\n<td width=\"284\">TALLA<\/td>\n<td width=\"284\">Personalizado<\/td>\n<\/tr>\n<tr>\n<td width=\"284\">MOQ<\/td>\n<td width=\"284\">3 PC<\/td>\n<\/tr>\n<tr>\n<td colspan=\"2\" width=\"568\">Admitimos dise\u00f1os, tama\u00f1os y colores personalizados. Si usted tiene su dise\u00f1o, podemos hacerlo en consecuencia.<\/td>\n<\/tr>\n<\/tbody>\n<\/table>\n<div style=\"width: 800px;\" class=\"wp-video\"><!--[if lt IE 9]><script>document.createElement('video');<\/script><![endif]-->\n<video class=\"wp-video-shortcode\" id=\"video-12553-1\" width=\"800\" height=\"800\" preload=\"metadata\" controls=\"controls\"><source type=\"video\/mp4\" src=\"https:\/\/toprisesafety.com\/wp-content\/uploads\/2025\/05\/fiberglass-stone-chairs.mp4?_=1\" \/><a href=\"https:\/\/toprisesafety.com\/wp-content\/uploads\/2025\/05\/fiberglass-stone-chairs.mp4\">https:\/\/toprisesafety.com\/wp-content\/uploads\/2025\/05\/fiberglass-stone-chairs.mp4<\/a><\/video><\/div>\n<p>TOPRISE admite varios estilos de personalizaci\u00f3n de bancos y sillas de fibra de vidrio; haga clic para <a href=\"https:\/\/toprisesafety.com\/es\/categoria-producto\/outdoor-goods\/fiberglass-bench\/\">ver m\u00e1s estilos de bancos y sillas de fibra de vidrio.<\/a><\/p>\n<p>Si no encuentra los bancos y sillas de fibra de vidrio que necesita, <a href=\"https:\/\/toprisesafety.com\/es\/contact-us\/\">p\u00f3ngase en contacto con nosotros; <\/a>apoyamos la personalizaci\u00f3n especial con MOQ bajo .<\/p>","protected":false},"excerpt":{"rendered":"<p>N\u00ba ART. FB05<\/p>\n<p>MATERIAL: Fibra de vidrio<\/p>\n<p>Talla: Personalizado<\/p>\n<p>Color: Personalizado<\/p>\n<p>MOQ: 3 PC<\/p>","protected":false},"featured_media":12554,"template":"","meta":{"_acf_changed":false},"product_brand":[],"product_cat":[397,398],"product_tag":[],"class_list":{"0":"post-12553","1":"product","2":"type-product","3":"status-publish","4":"has-post-thumbnail","6":"product_cat-fiberglass-bench","7":"product_cat-frp-products","9":"first","10":"instock","11":"shipping-taxable","12":"product-type-simple"},"acf":[],"_links":{"self":[{"href":"https:\/\/toprisesafety.com\/es\/wp-json\/wp\/v2\/product\/12553"}],"collection":[{"href":"https:\/\/toprisesafety.com\/es\/wp-json\/wp\/v2\/product"}],"about":[{"href":"https:\/\/toprisesafety.com\/es\/wp-json\/wp\/v2\/types\/product"}],"wp:featuredmedia":[{"embeddable":true,"href":"https:\/\/toprisesafety.com\/es\/wp-json\/wp\/v2\/media\/12554"}],"wp:attachment":[{"href":"https:\/\/toprisesafety.com\/es\/wp-json\/wp\/v2\/media?parent=12553"}],"wp:term":[{"taxonomy":"product_brand","embeddable":true,"href":"https:\/\/toprisesafety.com\/es\/wp-json\/wp\/v2\/product_brand?post=12553"},{"taxonomy":"product_cat","embeddable":true,"href":"https:\/\/toprisesafety.com\/es\/wp-json\/wp\/v2\/product_cat?post=12553"},{"taxonomy":"product_tag","embeddable":true,"href":"https:\/\/toprisesafety.com\/es\/wp-json\/wp\/v2\/product_tag?post=12553"}],"curies":[{"name":"wp","href":"https:\/\/api.w.org\/{rel}","templated":true}]}}