{"id":12538,"date":"2025-05-19T06:34:20","date_gmt":"2025-05-19T06:34:20","guid":{"rendered":"https:\/\/toprisesafety.com\/?post_type=product&#038;p=12538"},"modified":"2025-05-21T07:09:01","modified_gmt":"2025-05-21T07:09:01","slug":"outdoor-potting-benches","status":"publish","type":"product","link":"https:\/\/toprisesafety.com\/es\/producto\/outdoor-potting-benches\/","title":{"rendered":"Bancos para macetas de exterior"},"content":{"rendered":"<h1>Bancos para macetas de exterior<\/h1>\n<ul>\n<li>Opciones de personalizaci\u00f3n: Admite un pedido m\u00ednimo y ofrece personalizaci\u00f3n en tama\u00f1o, color y estilo para satisfacer necesidades personalizadas.<\/li>\n<li>Material duradero: Fabricado en pl\u00e1stico reforzado con fibra de vidrio, se caracteriza por su alta resistencia y resistencia a la corrosi\u00f3n, por lo que es adecuado para diversos entornos al aire libre.<\/li>\n<li>Dise\u00f1o est\u00e9tico: Dise\u00f1o moderno y sencillo, con un asiento redondo de \u00e1rbol combinado con asientos de madera, crea un buen efecto visual.<\/li>\n<li>Comportamiento medioambiental: El material FRP es reciclable, cumple las normas de protecci\u00f3n del medio ambiente y es adecuado para proyectos de desarrollo sostenible.<\/li>\n<li>Asientos c\u00f3modos: Los asientos de madera ofrecen una experiencia de asiento c\u00f3moda y son adecuados para un uso prolongado.<\/li>\n<li>Mantenimiento c\u00f3modo: La superficie de pl\u00e1stico reforzado con fibra de vidrio es lisa y f\u00e1cil de limpiar y mantener, lo que reduce el coste de mantenimiento durante el uso a largo plazo.<\/li>\n<li>Lugares de aplicaci\u00f3n: Adecuado para lugares p\u00fablicos como parques, plazas y calles, mejorando el efecto paisaj\u00edstico general.<\/li>\n<\/ul>\n<table>\n<tbody>\n<tr>\n<td width=\"284\">ART NO.<\/td>\n<td width=\"284\">FB04<\/td>\n<\/tr>\n<tr>\n<td width=\"284\">MATERIAL<\/td>\n<td width=\"284\">Fibra de vidrio<\/td>\n<\/tr>\n<tr>\n<td width=\"284\">TALLA<\/td>\n<td width=\"284\">Personalizado<\/td>\n<\/tr>\n<tr>\n<td width=\"284\">MOQ<\/td>\n<td width=\"284\">1 PC<\/td>\n<\/tr>\n<tr>\n<td colspan=\"2\" width=\"568\">Admitimos dise\u00f1os, tama\u00f1os y colores personalizados. Si usted tiene su dise\u00f1o, podemos hacerlo en consecuencia.<\/td>\n<\/tr>\n<\/tbody>\n<\/table>\n<p>TOPRISE admite varios estilos de personalizaci\u00f3n de bancos y sillas de fibra de vidrio; haga clic para <a href=\"https:\/\/toprisesafety.com\/es\/categoria-producto\/outdoor-goods\/fiberglass-bench\/\">ver m\u00e1s estilos de bancos y sillas de fibra de vidrio.<\/a><\/p>\n<p>Si no encuentra los bancos y sillas de fibra de vidrio que necesita, <a href=\"https:\/\/toprisesafety.com\/es\/contact-us\/\">p\u00f3ngase en contacto con nosotros; <\/a>apoyamos la personalizaci\u00f3n especial con MOQ bajo .<\/p>","protected":false},"excerpt":{"rendered":"<p>N\u00ba ART. FB04<\/p>\n<p>MATERIAL: Fibra de vidrio<\/p>\n<p>Talla: Personalizado<\/p>\n<p>Color: Personalizado<\/p>\n<p>MOQ: 1 PC<\/p>","protected":false},"featured_media":12540,"template":"","meta":{"_acf_changed":false},"product_brand":[],"product_cat":[397,398],"product_tag":[],"class_list":{"0":"post-12538","1":"product","2":"type-product","3":"status-publish","4":"has-post-thumbnail","6":"product_cat-fiberglass-bench","7":"product_cat-frp-products","9":"first","10":"instock","11":"shipping-taxable","12":"product-type-simple"},"acf":[],"_links":{"self":[{"href":"https:\/\/toprisesafety.com\/es\/wp-json\/wp\/v2\/product\/12538"}],"collection":[{"href":"https:\/\/toprisesafety.com\/es\/wp-json\/wp\/v2\/product"}],"about":[{"href":"https:\/\/toprisesafety.com\/es\/wp-json\/wp\/v2\/types\/product"}],"wp:featuredmedia":[{"embeddable":true,"href":"https:\/\/toprisesafety.com\/es\/wp-json\/wp\/v2\/media\/12540"}],"wp:attachment":[{"href":"https:\/\/toprisesafety.com\/es\/wp-json\/wp\/v2\/media?parent=12538"}],"wp:term":[{"taxonomy":"product_brand","embeddable":true,"href":"https:\/\/toprisesafety.com\/es\/wp-json\/wp\/v2\/product_brand?post=12538"},{"taxonomy":"product_cat","embeddable":true,"href":"https:\/\/toprisesafety.com\/es\/wp-json\/wp\/v2\/product_cat?post=12538"},{"taxonomy":"product_tag","embeddable":true,"href":"https:\/\/toprisesafety.com\/es\/wp-json\/wp\/v2\/product_tag?post=12538"}],"curies":[{"name":"wp","href":"https:\/\/api.w.org\/{rel}","templated":true}]}}