{"id":12520,"date":"2025-05-19T05:26:27","date_gmt":"2025-05-19T05:26:27","guid":{"rendered":"https:\/\/toprisesafety.com\/?post_type=product&#038;p=12520"},"modified":"2025-05-21T07:10:22","modified_gmt":"2025-05-21T07:10:22","slug":"outdoor-planter-pot-fiberglass-bench","status":"publish","type":"product","link":"https:\/\/toprisesafety.com\/es\/producto\/outdoor-planter-pot-fiberglass-bench\/","title":{"rendered":"Jardinera de exterior Banco de fibra de vidrio"},"content":{"rendered":"<h1>Jardinera de exterior Banco de fibra de vidrio<\/h1>\n<p>Jardinera de exterior Banco de fibra de vidrio Ventajas :<\/p>\n<ul>\n<li>Gran durabilidad: El material FRP es resistente a la intemperie y a la corrosi\u00f3n y tiene una larga vida \u00fatil.<\/li>\n<li>Servicio personalizado: Admite la personalizaci\u00f3n de estilos y colores seg\u00fan los requisitos del cliente.<\/li>\n<li>Elegante y generoso: El dise\u00f1o moderno y a la moda realza el atractivo est\u00e9tico del entorno.<\/li>\n<li>Versatilidad: Al integrar una maceta y un asiento en uno, ahorra espacio y es adecuado para diversas ocasiones.<\/li>\n<\/ul>\n<p>Ligero y f\u00e1cil de transportar: A pesar del material resistente, el producto es relativamente ligero, por lo que es c\u00f3modo de mover y organizar<\/p>\n<table>\n<tbody>\n<tr>\n<td width=\"284\">ART NO.<\/td>\n<td width=\"284\">FB01<\/td>\n<\/tr>\n<tr>\n<td width=\"284\">MATERIAL<\/td>\n<td width=\"284\">Fibra de vidrio<\/td>\n<\/tr>\n<tr>\n<td width=\"284\">TALLA<\/td>\n<td width=\"284\">Personalizado<\/td>\n<\/tr>\n<tr>\n<td width=\"284\">MOQ<\/td>\n<td width=\"284\">1 PC<\/td>\n<\/tr>\n<tr>\n<td colspan=\"2\" width=\"568\">Admitimos dise\u00f1os, tama\u00f1os y colores personalizados. Si usted tiene su dise\u00f1o, podemos hacerlo en consecuencia.<\/td>\n<\/tr>\n<\/tbody>\n<\/table>\n<p>&nbsp;<\/p>\n<div style=\"width: 800px;\" class=\"wp-video\"><!--[if lt IE 9]><script>document.createElement('video');<\/script><![endif]-->\n<video class=\"wp-video-shortcode\" id=\"video-12520-1\" width=\"800\" height=\"450\" preload=\"metadata\" controls=\"controls\"><source type=\"video\/mp4\" src=\"https:\/\/toprisesafety.com\/wp-content\/uploads\/2025\/05\/outdoor-planter-pot-fiberglass-bench.mp4?_=1\" \/><a href=\"https:\/\/toprisesafety.com\/wp-content\/uploads\/2025\/05\/outdoor-planter-pot-fiberglass-bench.mp4\">https:\/\/toprisesafety.com\/wp-content\/uploads\/2025\/05\/outdoor-planter-pot-fiberglass-bench.mp4<\/a><\/video><\/div>\n<p>TOPRISE admite varios estilos de personalizaci\u00f3n de bancos y sillas de fibra de vidrio; haga clic para <a href=\"https:\/\/toprisesafety.com\/es\/categoria-producto\/outdoor-goods\/fiberglass-bench\/\">ver m\u00e1s estilos de bancos y sillas de fibra de vidrio.<\/a><\/p>\n<p>Si no encuentra los bancos y sillas de fibra de vidrio que necesita, <a href=\"https:\/\/toprisesafety.com\/es\/contact-us\/\">p\u00f3ngase en contacto con nosotros; <\/a>apoyamos la personalizaci\u00f3n especial con MOQ bajo .<\/p>","protected":false},"excerpt":{"rendered":"<p>N\u00ba ART. FB01<\/p>\n<p>MATERIAL: Fibra de vidrio<\/p>\n<p>Talla: Personalizado<\/p>\n<p>Color: Personalizado<\/p>\n<p>MOQ: 1 PC<\/p>","protected":false},"featured_media":12523,"template":"","meta":{"_acf_changed":false},"product_brand":[],"product_cat":[397,398],"product_tag":[],"class_list":{"0":"post-12520","1":"product","2":"type-product","3":"status-publish","4":"has-post-thumbnail","6":"product_cat-fiberglass-bench","7":"product_cat-frp-products","9":"first","10":"instock","11":"shipping-taxable","12":"product-type-simple"},"acf":[],"_links":{"self":[{"href":"https:\/\/toprisesafety.com\/es\/wp-json\/wp\/v2\/product\/12520"}],"collection":[{"href":"https:\/\/toprisesafety.com\/es\/wp-json\/wp\/v2\/product"}],"about":[{"href":"https:\/\/toprisesafety.com\/es\/wp-json\/wp\/v2\/types\/product"}],"wp:featuredmedia":[{"embeddable":true,"href":"https:\/\/toprisesafety.com\/es\/wp-json\/wp\/v2\/media\/12523"}],"wp:attachment":[{"href":"https:\/\/toprisesafety.com\/es\/wp-json\/wp\/v2\/media?parent=12520"}],"wp:term":[{"taxonomy":"product_brand","embeddable":true,"href":"https:\/\/toprisesafety.com\/es\/wp-json\/wp\/v2\/product_brand?post=12520"},{"taxonomy":"product_cat","embeddable":true,"href":"https:\/\/toprisesafety.com\/es\/wp-json\/wp\/v2\/product_cat?post=12520"},{"taxonomy":"product_tag","embeddable":true,"href":"https:\/\/toprisesafety.com\/es\/wp-json\/wp\/v2\/product_tag?post=12520"}],"curies":[{"name":"wp","href":"https:\/\/api.w.org\/{rel}","templated":true}]}}