{"id":12467,"date":"2025-05-14T06:18:43","date_gmt":"2025-05-14T06:18:43","guid":{"rendered":"https:\/\/toprisesafety.com\/?post_type=product&#038;p=12467"},"modified":"2025-05-19T08:33:42","modified_gmt":"2025-05-19T08:33:42","slug":"75-cm-safety-rubber-cones","status":"publish","type":"product","link":"https:\/\/toprisesafety.com\/es\/producto\/75-cm-safety-rubber-cones\/","title":{"rendered":"Conos de goma de seguridad de 75 CM"},"content":{"rendered":"<h2>Conos de goma de seguridad de 75 CM<\/h2>\n<p>Conos de goma de seguridad Caracter\u00edsticas:<\/p>\n<ul>\n<li>Fabricado con material de caucho duradero, presenta una gran resistencia a la compresi\u00f3n y elasticidad.<\/li>\n<li>El fuerte dise\u00f1o reflectante rojo y blanco proporciona una gran visibilidad.<\/li>\n<li>Tiene una excelente resistencia a los rayos UV y al viento, y es adecuado para diversos entornos.<\/li>\n<li>Ligero y f\u00e1cil de manejar, es c\u00f3modo de guardar y transportar.<\/li>\n<li>Gran estabilidad, no propenso a volcar, garantizando la seguridad vial.<\/li>\n<li>El dise\u00f1o de la base antideslizante mejora la conexi\u00f3n a tierra y es apto para diversos firmes.<\/li>\n<\/ul>\n<div style=\"width: 464px;\" class=\"wp-video\"><!--[if lt IE 9]><script>document.createElement('video');<\/script><![endif]-->\n<video class=\"wp-video-shortcode\" id=\"video-12467-1\" width=\"464\" height=\"960\" preload=\"metadata\" controls=\"controls\"><source type=\"video\/mp4\" src=\"https:\/\/toprisesafety.com\/wp-content\/uploads\/2025\/05\/Rubber-traffic-cones-.mp4?_=1\" \/><a href=\"https:\/\/toprisesafety.com\/wp-content\/uploads\/2025\/05\/Rubber-traffic-cones-.mp4\">https:\/\/toprisesafety.com\/wp-content\/uploads\/2025\/05\/Rubber-traffic-cones-.mp4<\/a><\/video><\/div>\n<table>\n<tbody>\n<tr>\n<td width=\"284\">ART NO.<\/td>\n<td width=\"284\">TCR68<\/td>\n<\/tr>\n<tr>\n<td width=\"284\">MATERIAL<\/td>\n<td width=\"284\">Goma<\/td>\n<\/tr>\n<tr>\n<td width=\"284\">ALTURA<\/td>\n<td width=\"284\">75 CM, 50\/62\/65\/68\/70\/90 CM a elegir<\/td>\n<\/tr>\n<tr>\n<td width=\"284\">TAMA\u00d1O BASE<\/td>\n<td width=\"284\">40\u00d740 CM<\/td>\n<\/tr>\n<tr>\n<td width=\"284\">PESO<\/td>\n<td width=\"284\">2.0\/3.0\/4.0 KGS<\/td>\n<\/tr>\n<tr>\n<td width=\"284\">MOQ<\/td>\n<td width=\"284\">500 UNIDADES<\/td>\n<\/tr>\n<\/tbody>\n<\/table>\n<figure id=\"attachment_12426\" aria-describedby=\"caption-attachment-12426\" style=\"width: 425px\" class=\"wp-caption alignnone\"><img fetchpriority=\"high\" decoding=\"async\" class=\"wp-image-12426\" src=\"https:\/\/toprisesafety.com\/wp-content\/uploads\/2025\/05\/rubber-traffic-cones-300x200.jpg\" alt=\"rubber traffic cones\" width=\"425\" height=\"283\" srcset=\"https:\/\/toprisesafety.com\/wp-content\/uploads\/2025\/05\/rubber-traffic-cones-300x200.jpg 300w, https:\/\/toprisesafety.com\/wp-content\/uploads\/2025\/05\/rubber-traffic-cones-1024x683.jpg 1024w, https:\/\/toprisesafety.com\/wp-content\/uploads\/2025\/05\/rubber-traffic-cones-768x512.jpg 768w, https:\/\/toprisesafety.com\/wp-content\/uploads\/2025\/05\/rubber-traffic-cones-600x400.jpg 600w, https:\/\/toprisesafety.com\/wp-content\/uploads\/2025\/05\/rubber-traffic-cones.jpg 1207w\" sizes=\"(max-width: 425px) 100vw, 425px\" \/><figcaption id=\"caption-attachment-12426\" class=\"wp-caption-text\">conos de tr\u00e1fico de goma<\/figcaption><\/figure>\n<p>Diferentes tama\u00f1os de conos de tr\u00e1fico de caucho para elegir :<\/p>\n<table>\n<tbody>\n<tr>\n<td width=\"82\"><strong><b>ART NO.<\/b><\/strong><\/td>\n<td width=\"117\"><strong><b>ALTURA\/CM<\/b><\/strong><\/td>\n<td width=\"267\"><strong><b>TAMA\u00d1O\/BASE\/CM<\/b><\/strong><\/td>\n<td width=\"215\"><strong><b>PESO\/CM<\/b><\/strong><\/td>\n<\/tr>\n<tr>\n<td width=\"82\">TCR50<\/td>\n<td width=\"117\">50 CM<\/td>\n<td width=\"267\">30\u00d730 CM<\/td>\n<td width=\"215\">1,0 KGS<\/td>\n<\/tr>\n<tr>\n<td width=\"82\">TCR62<\/td>\n<td width=\"117\">62 CM<\/td>\n<td width=\"267\">33\u00d733CM<\/td>\n<td width=\"215\">1,1 KGS<\/td>\n<\/tr>\n<tr>\n<td width=\"82\">TCR65<\/td>\n<td width=\"117\">65 CM<\/td>\n<td width=\"267\">34\u00d734CM<\/td>\n<td width=\"215\">1,50 KGS<\/td>\n<\/tr>\n<tr>\n<td width=\"82\">TCR68<\/td>\n<td width=\"117\">68 CM<\/td>\n<td width=\"267\">34\u00d734 CM<\/td>\n<td width=\"215\">1,50 KGS<\/td>\n<\/tr>\n<tr>\n<td width=\"82\">TCR70<\/td>\n<td width=\"117\">70 CM<\/td>\n<td width=\"267\">40\u00d740 CM o 37\u00d737CM o 33 \u00d733CM<\/td>\n<td width=\"215\">2.0\/3.0\/4.0 KGS<\/td>\n<\/tr>\n<tr>\n<td width=\"82\">TCR75<\/td>\n<td width=\"117\">75 CM<\/td>\n<td width=\"267\">40\u00d740 CM<\/td>\n<td width=\"215\">2.0\/3.0\/4.0 KGS<\/td>\n<\/tr>\n<tr>\n<td width=\"82\">TCR90<\/td>\n<td width=\"117\">90 CM<\/td>\n<td width=\"267\">46\u00d746 CM<\/td>\n<td width=\"215\">4,0 \/4,5 KGS<\/td>\n<\/tr>\n<\/tbody>\n<\/table>\n<p>TOPRISE admite varios estilos de personalizaci\u00f3n de conos de tr\u00e1fico; haga clic para <a href=\"https:\/\/toprisesafety.com\/es\/categoria-producto\/road-safety-products\/traffic-cone\/\">ver m\u00e1s estilos de conos de tr\u00e1fico.<\/a><\/p>\n<p>Si no encuentra los conos de tr\u00e1fico necesarios, <a href=\"https:\/\/toprisesafety.com\/es\/contact-us\/\">p\u00f3ngase en contacto con nosotros;<\/a> apoyamos la personalizaci\u00f3n especial.<\/p>","protected":false},"excerpt":{"rendered":"<p>N\u00ba Referencia: TCR75<\/p>\n<p>Material: GOMA<\/p>\n<p>Altura: 75CM<\/p>\n<p>Tama\u00f1o de la base: 40\u00d740 CM<\/p>\n<p>Peso: 2,0\/3,0\/4,0 KGS<\/p>\n<p>CANTIDAD M\u00cdNIMA: 500 UNIDADES<\/p>","protected":false},"featured_media":12471,"template":"","meta":{"_acf_changed":false},"product_brand":[],"product_cat":[325,395],"product_tag":[],"class_list":{"0":"post-12467","1":"product","2":"type-product","3":"status-publish","4":"has-post-thumbnail","6":"product_cat-road-safety-products","7":"product_cat-traffic-cone","9":"first","10":"instock","11":"shipping-taxable","12":"product-type-simple"},"acf":[],"_links":{"self":[{"href":"https:\/\/toprisesafety.com\/es\/wp-json\/wp\/v2\/product\/12467"}],"collection":[{"href":"https:\/\/toprisesafety.com\/es\/wp-json\/wp\/v2\/product"}],"about":[{"href":"https:\/\/toprisesafety.com\/es\/wp-json\/wp\/v2\/types\/product"}],"wp:featuredmedia":[{"embeddable":true,"href":"https:\/\/toprisesafety.com\/es\/wp-json\/wp\/v2\/media\/12471"}],"wp:attachment":[{"href":"https:\/\/toprisesafety.com\/es\/wp-json\/wp\/v2\/media?parent=12467"}],"wp:term":[{"taxonomy":"product_brand","embeddable":true,"href":"https:\/\/toprisesafety.com\/es\/wp-json\/wp\/v2\/product_brand?post=12467"},{"taxonomy":"product_cat","embeddable":true,"href":"https:\/\/toprisesafety.com\/es\/wp-json\/wp\/v2\/product_cat?post=12467"},{"taxonomy":"product_tag","embeddable":true,"href":"https:\/\/toprisesafety.com\/es\/wp-json\/wp\/v2\/product_tag?post=12467"}],"curies":[{"name":"wp","href":"https:\/\/api.w.org\/{rel}","templated":true}]}}