{"id":12437,"date":"2025-05-14T05:10:11","date_gmt":"2025-05-14T05:10:11","guid":{"rendered":"https:\/\/toprisesafety.com\/?post_type=product&#038;p=12437"},"modified":"2025-05-19T08:26:54","modified_gmt":"2025-05-19T08:26:54","slug":"police-uniform-sweater","status":"publish","type":"product","link":"https:\/\/toprisesafety.com\/es\/producto\/police-uniform-sweater\/","title":{"rendered":"Su\u00e9ter de uniforme de polic\u00eda"},"content":{"rendered":"<h1>Su\u00e9ter de uniforme de polic\u00eda<\/h1>\n<p><strong><b>Su\u00e9ter de uniforme de polic\u00eda<\/b><\/strong><strong><b>\u00a0Caracter\u00edsticas<\/b><\/strong>:<\/p>\n<ul>\n<li>Hecho de tela de alta calidad, es c\u00f3modo y duradero, adecuado para el uso a largo plazo.<\/li>\n<li>Admite estilos, logotipos y envases personalizados para satisfacer necesidades personalizadas.<\/li>\n<li>Disponemos de servicios de elaboraci\u00f3n de muestras para garantizar que el dise\u00f1o sea coherente con el efecto real.<\/li>\n<li>El dise\u00f1o es sencillo y pr\u00e1ctico, adecuado para el entorno de trabajo de soldados, guardias de seguridad o polic\u00edas.<\/li>\n<li>Tiene buena resistencia al fr\u00edo y puede adaptarse a condiciones clim\u00e1ticas adversas.<\/li>\n<\/ul>\n<table>\n<tbody>\n<tr>\n<td width=\"284\">ART NO.<\/td>\n<td width=\"284\">SW03<\/td>\n<\/tr>\n<tr>\n<td width=\"284\">MATERIAL<\/td>\n<td width=\"284\">Fibra acr\u00edlica de lana o personalizada<\/td>\n<\/tr>\n<tr>\n<td width=\"284\">TALLA<\/td>\n<td width=\"284\">S-XXXL<\/td>\n<\/tr>\n<tr>\n<td width=\"284\">COLOR<\/td>\n<td width=\"284\">personalizado<\/td>\n<\/tr>\n<tr>\n<td width=\"284\">LOGO<\/td>\n<td width=\"284\">Admite logotipo personalizado<\/td>\n<\/tr>\n<tr>\n<td width=\"284\">MOQ<\/td>\n<td width=\"284\">1000 UNIDADES<\/td>\n<\/tr>\n<\/tbody>\n<\/table>\n<p>TOPRISE admite varios estilos de personalizaci\u00f3n del jersey del uniforme; haga clic para<a href=\"https:\/\/toprisesafety.com\/es\/categoria-producto\/personal-protective-equipment\/work-wear\/uniform-sweater\/\"> ver m\u00e1s estilos de jers\u00e9is de uniforme.<\/a><\/p>\n<p>Si no encuentra el jersey de uniforme que necesita, <a href=\"https:\/\/toprisesafety.com\/es\/contact-us\/\">p\u00f3ngase en contacto con nosotros;<\/a> apoyamos la personalizaci\u00f3n especial.<\/p>","protected":false},"excerpt":{"rendered":"<p>Art No. SW03<\/p>\n<p>Material : Lana fibra acr\u00edlica o personalizado<\/p>\n<p>Talla : S-XXXL o personalizada<\/p>\n<p>Color: personalizado.<\/p>\n<p>MOQ : 1000 PCS<\/p>","protected":false},"featured_media":12438,"template":"","meta":{"_acf_changed":false},"product_brand":[],"product_cat":[320,396,330],"product_tag":[],"class_list":{"0":"post-12437","1":"product","2":"type-product","3":"status-publish","4":"has-post-thumbnail","6":"product_cat-personal-protective-equipment","7":"product_cat-military-sweater","8":"product_cat-work-wear","10":"first","11":"instock","12":"shipping-taxable","13":"product-type-simple"},"acf":[],"_links":{"self":[{"href":"https:\/\/toprisesafety.com\/es\/wp-json\/wp\/v2\/product\/12437"}],"collection":[{"href":"https:\/\/toprisesafety.com\/es\/wp-json\/wp\/v2\/product"}],"about":[{"href":"https:\/\/toprisesafety.com\/es\/wp-json\/wp\/v2\/types\/product"}],"wp:featuredmedia":[{"embeddable":true,"href":"https:\/\/toprisesafety.com\/es\/wp-json\/wp\/v2\/media\/12438"}],"wp:attachment":[{"href":"https:\/\/toprisesafety.com\/es\/wp-json\/wp\/v2\/media?parent=12437"}],"wp:term":[{"taxonomy":"product_brand","embeddable":true,"href":"https:\/\/toprisesafety.com\/es\/wp-json\/wp\/v2\/product_brand?post=12437"},{"taxonomy":"product_cat","embeddable":true,"href":"https:\/\/toprisesafety.com\/es\/wp-json\/wp\/v2\/product_cat?post=12437"},{"taxonomy":"product_tag","embeddable":true,"href":"https:\/\/toprisesafety.com\/es\/wp-json\/wp\/v2\/product_tag?post=12437"}],"curies":[{"name":"wp","href":"https:\/\/api.w.org\/{rel}","templated":true}]}}