{"id":12413,"date":"2025-05-13T08:03:55","date_gmt":"2025-05-13T08:03:55","guid":{"rendered":"https:\/\/toprisesafety.com\/?post_type=product&#038;p=12413"},"modified":"2025-05-21T03:15:35","modified_gmt":"2025-05-21T03:15:35","slug":"45-cm-collapsible-traffic-cones","status":"publish","type":"product","link":"https:\/\/toprisesafety.com\/es\/producto\/45-cm-collapsible-traffic-cones\/","title":{"rendered":"Conos de tr\u00e1fico plegables de 45 CM"},"content":{"rendered":"<h2>Conos de tr\u00e1fico plegables de 45 CM<\/h2>\n<p><strong><b>Conos de tr\u00e1fico plegables Caracter\u00edsticas<\/b><\/strong>:<\/p>\n<ul>\n<li>Dise\u00f1o plegable, pr\u00e1ctico para guardar y transportar, y ahorra espacio.<\/li>\n<li>El material es suave, duradero y resistente a los impactos, y puede adaptarse a entornos dif\u00edciles.<\/li>\n<li>Tiene un tama\u00f1o reducido despu\u00e9s de plegarla y es adecuada para transportarla y llevarla.<\/li>\n<li>El dise\u00f1o de la banda reflectante garantiza la visibilidad nocturna y mejora la seguridad del tr\u00e1fico.<\/li>\n<li>Es c\u00f3modo de usar, r\u00e1pido de configurar y recuerda y gu\u00eda eficazmente el tr\u00e1fico.<\/li>\n<li>La estructura plegable evita ocupar demasiado espacio de almacenamiento y es adecuada para un uso prolongado.<\/li>\n<\/ul>\n<div style=\"width: 720px;\" class=\"wp-video\"><!--[if lt IE 9]><script>document.createElement('video');<\/script><![endif]-->\n<video class=\"wp-video-shortcode\" id=\"video-12413-1\" width=\"720\" height=\"1280\" preload=\"metadata\" controls=\"controls\"><source type=\"video\/mp4\" src=\"https:\/\/toprisesafety.com\/wp-content\/uploads\/2025\/05\/Collapsible-traffic-cone.mp4?_=1\" \/><a href=\"https:\/\/toprisesafety.com\/wp-content\/uploads\/2025\/05\/Collapsible-traffic-cone.mp4\">https:\/\/toprisesafety.com\/wp-content\/uploads\/2025\/05\/Collapsible-traffic-cone.mp4<\/a><\/video><\/div>\n<table>\n<tbody>\n<tr>\n<td width=\"284\">ART NO.<\/td>\n<td width=\"284\">CTC45<\/td>\n<\/tr>\n<tr>\n<td width=\"284\">MATERIAL<\/td>\n<td width=\"284\">Tejido Oxford+ base PP<\/td>\n<\/tr>\n<tr>\n<td width=\"284\">Altura<\/td>\n<td width=\"284\">45 CM, 30\/70 CM a elegir<\/td>\n<\/tr>\n<tr>\n<td width=\"284\">Tama\u00f1o de la base<\/td>\n<td width=\"284\">24,5\u00d724,5\u00d73,0 CM<\/td>\n<\/tr>\n<tr>\n<td width=\"284\">Peso<\/td>\n<td width=\"284\">0,33 KGS\/ PC<\/td>\n<\/tr>\n<tr>\n<td width=\"284\">MOQ<\/td>\n<td width=\"284\">500 UNIDADES<\/td>\n<\/tr>\n<\/tbody>\n<\/table>\n<p>TOPRISE admite varios estilos de personalizaci\u00f3n de conos de tr\u00e1fico; haga clic para <a href=\"https:\/\/toprisesafety.com\/es\/categoria-producto\/road-safety-products\/traffic-cone\/\">ver m\u00e1s estilos de conos de tr\u00e1fico.<\/a><\/p>\n<p>Si no encuentra los conos de tr\u00e1fico necesarios, <a href=\"https:\/\/toprisesafety.com\/es\/contact-us\/\">p\u00f3ngase en contacto con nosotros;<\/a> apoyamos la personalizaci\u00f3n especial.<\/p>","protected":false},"excerpt":{"rendered":"<p>N\u00ba de art..: CTC45<\/p>\n<p>Material: Tejido Oxford+ base PP<\/p>\n<p>Altura: 45 cm<\/p>\n<p>Tama\u00f1o de la base: 24,5\u00d724,5\u00d73,0 CM<\/p>\n<p>Peso: 0,33 KGS\/ PC<\/p>\n<p>Tama\u00f1o de la cinta reflectante: 10 CM<\/p>\n<p>CANTIDAD M\u00cdNIMA: 500 UNIDADES<\/p>","protected":false},"featured_media":12414,"template":"","meta":{"_acf_changed":false},"product_brand":[],"product_cat":[325,395],"product_tag":[],"class_list":{"0":"post-12413","1":"product","2":"type-product","3":"status-publish","4":"has-post-thumbnail","6":"product_cat-road-safety-products","7":"product_cat-traffic-cone","9":"first","10":"instock","11":"shipping-taxable","12":"product-type-simple"},"acf":[],"_links":{"self":[{"href":"https:\/\/toprisesafety.com\/es\/wp-json\/wp\/v2\/product\/12413"}],"collection":[{"href":"https:\/\/toprisesafety.com\/es\/wp-json\/wp\/v2\/product"}],"about":[{"href":"https:\/\/toprisesafety.com\/es\/wp-json\/wp\/v2\/types\/product"}],"wp:featuredmedia":[{"embeddable":true,"href":"https:\/\/toprisesafety.com\/es\/wp-json\/wp\/v2\/media\/12414"}],"wp:attachment":[{"href":"https:\/\/toprisesafety.com\/es\/wp-json\/wp\/v2\/media?parent=12413"}],"wp:term":[{"taxonomy":"product_brand","embeddable":true,"href":"https:\/\/toprisesafety.com\/es\/wp-json\/wp\/v2\/product_brand?post=12413"},{"taxonomy":"product_cat","embeddable":true,"href":"https:\/\/toprisesafety.com\/es\/wp-json\/wp\/v2\/product_cat?post=12413"},{"taxonomy":"product_tag","embeddable":true,"href":"https:\/\/toprisesafety.com\/es\/wp-json\/wp\/v2\/product_tag?post=12413"}],"curies":[{"name":"wp","href":"https:\/\/api.w.org\/{rel}","templated":true}]}}