{"id":12396,"date":"2025-05-13T07:00:49","date_gmt":"2025-05-13T07:00:49","guid":{"rendered":"https:\/\/toprisesafety.com\/?post_type=product&#038;p=12396"},"modified":"2025-05-21T03:18:47","modified_gmt":"2025-05-21T03:18:47","slug":"62-cm-pvc-orange-reflective-safety-cones","status":"publish","type":"product","link":"https:\/\/toprisesafety.com\/es\/producto\/62-cm-pvc-orange-reflective-safety-cones\/","title":{"rendered":"62 CM PVC Naranja Reflectante Conos de Seguridad"},"content":{"rendered":"<h2>62 CM PVC Naranja Reflectante Conos de Seguridad<\/h2>\n<p>Los conos de carretera de PVC se fabrican mediante moldeo por inyecci\u00f3n. El material de PVC blando se forma en una sola pieza, con un color brillante, buena suavidad, no se decolora f\u00e1cilmente, no se da\u00f1a con el atropello de los coches, tiene una larga vida \u00fatil y una gran resistencia a la intemperie. Precisamente porque los conos de carretera de PVC tienen caracter\u00edsticas tan excelentes, se designan como conos de tr\u00e1fico para uso seguro en carreteras de Europa y Am\u00e9rica.<\/p>\n<p>Conos de tr\u00e1fico de PVC Caracter\u00edsticas:<\/p>\n<ul>\n<li>Tiene buena flexibilidad y puede soportar el rodar de los coches y el impacto de objetos duros sin da\u00f1arse.<\/li>\n<li>Tiene las ventajas de ser resistente a la exposici\u00f3n al sol, el viento y la lluvia, el calor y el fr\u00edo, no se agrieta y no se decolora.<\/li>\n<li>Los colores blanco y rojo alternados son llamativos y pueden reflejar una luz deslumbrante por la noche, dejando claro al conductor de un vistazo.<\/li>\n<\/ul>\n<p>Aplicaci\u00f3n: Se utiliza en carriles de intersecciones urbanas, mantenimiento de autopistas, hoteles, zonas residenciales, recintos deportivos, zonas peligrosas, tramos de construcci\u00f3n de carreteras, etc.<\/p>\n<table>\n<tbody>\n<tr>\n<td width=\"284\">ART NO.<\/td>\n<td width=\"284\">TCPH62<\/td>\n<\/tr>\n<tr>\n<td width=\"284\">MATERIAL<\/td>\n<td width=\"284\">PVC<\/td>\n<\/tr>\n<tr>\n<td width=\"284\">Altura<\/td>\n<td width=\"284\">62 CM, 66\/68\/70\/90 CM a elegir<\/td>\n<\/tr>\n<tr>\n<td width=\"284\">Tama\u00f1o de la base<\/td>\n<td width=\"284\">30\u00d730CM<\/td>\n<\/tr>\n<tr>\n<td width=\"284\">Peso<\/td>\n<td width=\"284\">1,15 KG\/PC<\/td>\n<\/tr>\n<tr>\n<td width=\"284\">CINTA REFLECTANTE<\/td>\n<td width=\"284\">10 + 15 CM<\/td>\n<\/tr>\n<tr>\n<td width=\"284\">MOQ<\/td>\n<td width=\"284\">500 UNIDADES<\/td>\n<\/tr>\n<\/tbody>\n<\/table>\n<figure id=\"attachment_12397\" aria-describedby=\"caption-attachment-12397\" style=\"width: 300px\" class=\"wp-caption alignnone\"><img fetchpriority=\"high\" decoding=\"async\" class=\"size-medium wp-image-12397\" src=\"https:\/\/toprisesafety.com\/wp-content\/uploads\/2025\/05\/orange-pvc-cones-300x300.png\" alt=\"orange pvc cones\" width=\"300\" height=\"300\" srcset=\"https:\/\/toprisesafety.com\/wp-content\/uploads\/2025\/05\/orange-pvc-cones-300x300.png 300w, https:\/\/toprisesafety.com\/wp-content\/uploads\/2025\/05\/orange-pvc-cones-1024x1024.png 1024w, https:\/\/toprisesafety.com\/wp-content\/uploads\/2025\/05\/orange-pvc-cones-150x150.png 150w, https:\/\/toprisesafety.com\/wp-content\/uploads\/2025\/05\/orange-pvc-cones-768x768.png 768w, https:\/\/toprisesafety.com\/wp-content\/uploads\/2025\/05\/orange-pvc-cones-1536x1536.png 1536w, https:\/\/toprisesafety.com\/wp-content\/uploads\/2025\/05\/orange-pvc-cones-2048x2048.png 2048w, https:\/\/toprisesafety.com\/wp-content\/uploads\/2025\/05\/orange-pvc-cones-600x600.png 600w, https:\/\/toprisesafety.com\/wp-content\/uploads\/2025\/05\/orange-pvc-cones-100x100.png 100w\" sizes=\"(max-width: 300px) 100vw, 300px\" \/><figcaption id=\"caption-attachment-12397\" class=\"wp-caption-text\">conos de pvc naranja<\/figcaption><\/figure>\n<p>Diferentes tama\u00f1os de conos de seguridad de PVC naranja para elegir :<\/p>\n<table>\n<tbody>\n<tr>\n<td width=\"82\"><strong><b>ART NO.<\/b><\/strong><\/td>\n<td width=\"117\"><strong><b>ALTURA\/CM<\/b><\/strong><\/td>\n<td width=\"141\"><strong><b>TAMA\u00d1O\/BASE\/CM<\/b><\/strong><\/td>\n<td width=\"198\"><strong><b>TAMA\u00d1O REFLECTANTE \/CM<\/b><\/strong><\/td>\n<td width=\"144\"><strong><b>PESO\/CM<\/b><\/strong><\/td>\n<\/tr>\n<tr>\n<td width=\"82\">TCPH62<\/td>\n<td width=\"117\">62 CM<\/td>\n<td width=\"141\">30 \u00d7 30 CM<\/td>\n<td width=\"198\">10+15 CM<\/td>\n<td width=\"144\">1,15 KGS\/ PC<\/td>\n<\/tr>\n<tr>\n<td width=\"82\">TCPH66<\/td>\n<td width=\"117\">66 CM<\/td>\n<td width=\"141\">30 \u00d7 30 CM<\/td>\n<td width=\"198\">10+15 CM<\/td>\n<td width=\"144\">1,30 KGS\/ PC<\/td>\n<\/tr>\n<tr>\n<td width=\"82\">TCPH68<\/td>\n<td width=\"117\">68 CM<\/td>\n<td width=\"141\">33 \u00d7 33 CM<\/td>\n<td width=\"198\">10+15 CM<\/td>\n<td width=\"144\">1,55 KGS\/ PC<\/td>\n<\/tr>\n<tr>\n<td width=\"82\">TCPH70<\/td>\n<td width=\"117\">70 CM<\/td>\n<td width=\"141\">35 \u00d7 35 CM<\/td>\n<td width=\"198\">10+15 CM<\/td>\n<td width=\"144\">1,70\/ 1,90 KGS\/UD<\/td>\n<\/tr>\n<tr>\n<td width=\"82\">TCPH90<\/td>\n<td width=\"117\">90 CM<\/td>\n<td width=\"141\">37 \u00d7 37 CM<\/td>\n<td width=\"198\">10+15 CM<\/td>\n<td width=\"144\">3,0 KG\/PC<\/td>\n<\/tr>\n<\/tbody>\n<\/table>\n<p>TOPRISE admite varios estilos de personalizaci\u00f3n de conos de tr\u00e1fico; haga clic para <a href=\"https:\/\/toprisesafety.com\/es\/categoria-producto\/road-safety-products\/traffic-cone\/\">ver m\u00e1s estilos de conos de tr\u00e1fico.<\/a><\/p>\n<p>Si no encuentra los conos de tr\u00e1fico necesarios, <a href=\"https:\/\/toprisesafety.com\/es\/contact-us\/\">p\u00f3ngase en contacto con nosotros;<\/a> apoyamos la personalizaci\u00f3n especial.<\/p>","protected":false},"excerpt":{"rendered":"<p>62 CM PVC Naranja Reflectante Conos de Seguridad<\/p>\n<p>N\u00ba Referencia: TCPH62<\/p>\n<p>Material: PVC<\/p>\n<p>Altura: 62 CM , 66\/68\/70\/90 CM a elegir<\/p>\n<p>Tama\u00f1o de la base: 30 \u00d7 30 CM<\/p>\n<p>Peso: 1,15 KGS\/ PC<\/p>\n<p>Tama\u00f1o de la cinta reflectante: 10+15 CM<\/p>\n<p>CANTIDAD M\u00cdNIMA: 500 UNIDADES<\/p>","protected":false},"featured_media":12400,"template":"","meta":{"_acf_changed":false},"product_brand":[],"product_cat":[325,395],"product_tag":[],"class_list":{"0":"post-12396","1":"product","2":"type-product","3":"status-publish","4":"has-post-thumbnail","6":"product_cat-road-safety-products","7":"product_cat-traffic-cone","9":"first","10":"instock","11":"shipping-taxable","12":"product-type-simple"},"acf":[],"_links":{"self":[{"href":"https:\/\/toprisesafety.com\/es\/wp-json\/wp\/v2\/product\/12396"}],"collection":[{"href":"https:\/\/toprisesafety.com\/es\/wp-json\/wp\/v2\/product"}],"about":[{"href":"https:\/\/toprisesafety.com\/es\/wp-json\/wp\/v2\/types\/product"}],"wp:featuredmedia":[{"embeddable":true,"href":"https:\/\/toprisesafety.com\/es\/wp-json\/wp\/v2\/media\/12400"}],"wp:attachment":[{"href":"https:\/\/toprisesafety.com\/es\/wp-json\/wp\/v2\/media?parent=12396"}],"wp:term":[{"taxonomy":"product_brand","embeddable":true,"href":"https:\/\/toprisesafety.com\/es\/wp-json\/wp\/v2\/product_brand?post=12396"},{"taxonomy":"product_cat","embeddable":true,"href":"https:\/\/toprisesafety.com\/es\/wp-json\/wp\/v2\/product_cat?post=12396"},{"taxonomy":"product_tag","embeddable":true,"href":"https:\/\/toprisesafety.com\/es\/wp-json\/wp\/v2\/product_tag?post=12396"}],"curies":[{"name":"wp","href":"https:\/\/api.w.org\/{rel}","templated":true}]}}