{"id":12388,"date":"2025-05-13T06:21:21","date_gmt":"2025-05-13T06:21:21","guid":{"rendered":"https:\/\/toprisesafety.com\/?post_type=product&#038;p=12388"},"modified":"2025-05-21T03:19:18","modified_gmt":"2025-05-21T03:19:18","slug":"75-cm-pvc-road-traffic-cones","status":"publish","type":"product","link":"https:\/\/toprisesafety.com\/es\/producto\/75-cm-pvc-road-traffic-cones\/","title":{"rendered":"Conos de tr\u00e1fico de PVC de 75 CM"},"content":{"rendered":"<h2>Conos de tr\u00e1fico de PVC de 75 CM<\/h2>\n<p>Los conos de carretera de PVC se fabrican mediante moldeo por inyecci\u00f3n. El material de PVC blando se forma en una sola pieza, con un color brillante, buena suavidad, no se decolora f\u00e1cilmente, no se da\u00f1a con el atropello de los coches, tiene una larga vida \u00fatil y una gran resistencia a la intemperie. Precisamente porque los conos de carretera de PVC tienen caracter\u00edsticas tan excelentes, se designan como conos de tr\u00e1fico para uso seguro en carreteras de Europa y Am\u00e9rica.<\/p>\n<p>Conos de tr\u00e1fico de PVC Caracter\u00edsticas:<\/p>\n<ul>\n<li>Tiene buena flexibilidad y puede soportar el rodar de los coches y el impacto de objetos duros sin da\u00f1arse.<\/li>\n<li>Tiene las ventajas de ser resistente a la exposici\u00f3n al sol, el viento y la lluvia, el calor y el fr\u00edo, no se agrieta y no se decolora.<\/li>\n<li>Los colores blanco y rojo alternados son llamativos y pueden reflejar una luz deslumbrante por la noche, dejando claro al conductor de un vistazo.<\/li>\n<\/ul>\n<p>Aplicaci\u00f3n: Se utiliza en carriles de intersecciones urbanas, mantenimiento de autopistas, hoteles, zonas residenciales, recintos deportivos, zonas peligrosas, tramos de construcci\u00f3n de carreteras, etc.<\/p>\n<table>\n<tbody>\n<tr>\n<td width=\"284\">ART NO.<\/td>\n<td width=\"284\">TCOB02-75<\/td>\n<\/tr>\n<tr>\n<td width=\"284\">MATERIAL<\/td>\n<td width=\"284\">PVC<\/td>\n<\/tr>\n<tr>\n<td width=\"284\">Altura<\/td>\n<td width=\"284\">75 CM<\/td>\n<\/tr>\n<tr>\n<td width=\"284\">Tama\u00f1o de la base<\/td>\n<td width=\"284\">37\u00d737\u00a0CM<\/td>\n<\/tr>\n<tr>\n<td width=\"284\">Peso<\/td>\n<td width=\"284\">2.30 \/ 4.10 KGS\/ PC<\/td>\n<\/tr>\n<tr>\n<td width=\"284\">CINTA REFLECTANTE<\/td>\n<td width=\"284\">10 +15 CM<\/td>\n<\/tr>\n<tr>\n<td width=\"284\">MOQ<\/td>\n<td width=\"284\">500 UNIDADES<\/td>\n<\/tr>\n<\/tbody>\n<\/table>\n<p>TOPRISE admite varios estilos de personalizaci\u00f3n de conos de tr\u00e1fico; haga clic para <a href=\"https:\/\/toprisesafety.com\/es\/categoria-producto\/road-safety-products\/traffic-cone\/\">ver m\u00e1s estilos de conos de tr\u00e1fico.<\/a><\/p>\n<p>Si no encuentra los conos de tr\u00e1fico necesarios, <a href=\"https:\/\/toprisesafety.com\/es\/contact-us\/\">p\u00f3ngase en contacto con nosotros;<\/a> apoyamos la personalizaci\u00f3n especial.<\/p>","protected":false},"excerpt":{"rendered":"<p>Conos de tr\u00e1fico de PVC de 75 CM<\/p>\n<p>Art No..:\u00a0TCOB02-75<\/p>\n<p>Material: PVC<\/p>\n<p>Height: 75 CM<\/p>\n<p>Base size: 37\u00d737\u00a0CM<\/p>\n<p>Weight: 2.30 \/ 4.10 KGS\/ PC<\/p>\n<p>Tama\u00f1o de la cinta reflectante: 10 +15 CM<\/p>\n<p>CANTIDAD M\u00cdNIMA: 500 UNIDADES<\/p>","protected":false},"featured_media":12389,"template":"","meta":{"_acf_changed":false},"product_brand":[],"product_cat":[325,395],"product_tag":[],"class_list":{"0":"post-12388","1":"product","2":"type-product","3":"status-publish","4":"has-post-thumbnail","6":"product_cat-road-safety-products","7":"product_cat-traffic-cone","9":"first","10":"instock","11":"shipping-taxable","12":"product-type-simple"},"acf":[],"_links":{"self":[{"href":"https:\/\/toprisesafety.com\/es\/wp-json\/wp\/v2\/product\/12388"}],"collection":[{"href":"https:\/\/toprisesafety.com\/es\/wp-json\/wp\/v2\/product"}],"about":[{"href":"https:\/\/toprisesafety.com\/es\/wp-json\/wp\/v2\/types\/product"}],"wp:featuredmedia":[{"embeddable":true,"href":"https:\/\/toprisesafety.com\/es\/wp-json\/wp\/v2\/media\/12389"}],"wp:attachment":[{"href":"https:\/\/toprisesafety.com\/es\/wp-json\/wp\/v2\/media?parent=12388"}],"wp:term":[{"taxonomy":"product_brand","embeddable":true,"href":"https:\/\/toprisesafety.com\/es\/wp-json\/wp\/v2\/product_brand?post=12388"},{"taxonomy":"product_cat","embeddable":true,"href":"https:\/\/toprisesafety.com\/es\/wp-json\/wp\/v2\/product_cat?post=12388"},{"taxonomy":"product_tag","embeddable":true,"href":"https:\/\/toprisesafety.com\/es\/wp-json\/wp\/v2\/product_tag?post=12388"}],"curies":[{"name":"wp","href":"https:\/\/api.w.org\/{rel}","templated":true}]}}