{"id":12376,"date":"2025-05-13T04:41:50","date_gmt":"2025-05-13T04:41:50","guid":{"rendered":"https:\/\/toprisesafety.com\/?post_type=product&#038;p=12376"},"modified":"2025-05-21T03:21:29","modified_gmt":"2025-05-21T03:21:29","slug":"70-cm-orange-traffic-cones","status":"publish","type":"product","link":"https:\/\/toprisesafety.com\/es\/producto\/70-cm-orange-traffic-cones\/","title":{"rendered":"70 CM Conos de tr\u00e1fico naranja"},"content":{"rendered":"<h2>70 CM Orange\u00a0Traffic Cones<\/h2>\n<p>Los conos de carretera de PVC se fabrican mediante moldeo por inyecci\u00f3n. El material de PVC blando se forma en una sola pieza, con un color brillante, buena suavidad, no se decolora f\u00e1cilmente, no se da\u00f1a con el atropello de los coches, tiene una larga vida \u00fatil y una gran resistencia a la intemperie. Precisamente porque los conos de carretera de PVC tienen caracter\u00edsticas tan excelentes, se designan como conos de tr\u00e1fico para uso seguro en carreteras de Europa y Am\u00e9rica.<\/p>\n<p>Conos de tr\u00e1fico de PVC Caracter\u00edsticas:<\/p>\n<ul>\n<li>Tiene buena flexibilidad y puede soportar el rodar de los coches y el impacto de objetos duros sin da\u00f1arse.<\/li>\n<li>Tiene las ventajas de ser resistente a la exposici\u00f3n al sol, el viento y la lluvia, el calor y el fr\u00edo, no se agrieta y no se decolora.<\/li>\n<li>Los colores blanco y rojo alternados son llamativos y pueden reflejar una luz deslumbrante por la noche, dejando claro al conductor de un vistazo.<\/li>\n<\/ul>\n<p>Aplicaci\u00f3n: Se utiliza en carriles de intersecciones urbanas, mantenimiento de autopistas, hoteles, zonas residenciales, recintos deportivos, zonas peligrosas, tramos de construcci\u00f3n de carreteras, etc.<\/p>\n<table>\n<tbody>\n<tr>\n<td width=\"284\">ART NO.<\/td>\n<td width=\"284\">TCP66<\/td>\n<\/tr>\n<tr>\n<td width=\"284\">MATERIAL<\/td>\n<td width=\"284\">PVC<\/td>\n<\/tr>\n<tr>\n<td width=\"284\">Altura<\/td>\n<td width=\"284\">70\u00a0CM, 28\/30\/42\/45\/47\/50\/66\/90 CM for choice<\/td>\n<\/tr>\n<tr>\n<td width=\"284\">Tama\u00f1o de la base<\/td>\n<td width=\"284\">34 \u00d7 34 CM<\/td>\n<\/tr>\n<tr>\n<td width=\"284\">Peso<\/td>\n<td width=\"284\">1,80\/2,0\/2,30 KGS\/UD.<\/td>\n<\/tr>\n<tr>\n<td width=\"284\">CINTA REFLECTANTE<\/td>\n<td width=\"284\">10 + 15 CM<\/td>\n<\/tr>\n<tr>\n<td width=\"284\">MOQ<\/td>\n<td width=\"284\">500 UNIDADES<\/td>\n<\/tr>\n<\/tbody>\n<\/table>\n<figure id=\"attachment_12358\" aria-describedby=\"caption-attachment-12358\" style=\"width: 500px\" class=\"wp-caption alignnone\"><img fetchpriority=\"high\" decoding=\"async\" class=\"wp-image-12358\" src=\"https:\/\/toprisesafety.com\/wp-content\/uploads\/2025\/05\/PVC-TRAFFIC-CONES-300x162.png\" alt=\"PVC TRAFFIC CONES\" width=\"500\" height=\"270\" srcset=\"https:\/\/toprisesafety.com\/wp-content\/uploads\/2025\/05\/PVC-TRAFFIC-CONES-300x162.png 300w, https:\/\/toprisesafety.com\/wp-content\/uploads\/2025\/05\/PVC-TRAFFIC-CONES-768x415.png 768w, https:\/\/toprisesafety.com\/wp-content\/uploads\/2025\/05\/PVC-TRAFFIC-CONES-600x325.png 600w, https:\/\/toprisesafety.com\/wp-content\/uploads\/2025\/05\/PVC-TRAFFIC-CONES.png 782w\" sizes=\"(max-width: 500px) 100vw, 500px\" \/><figcaption id=\"caption-attachment-12358\" class=\"wp-caption-text\">CONOS DE TR\u00c1FICO DE PVC<\/figcaption><\/figure>\n<p>Diferentes tama\u00f1os de conos de tr\u00e1fico de PVC orang para elegir :<\/p>\n<table>\n<tbody>\n<tr>\n<td width=\"82\"><strong><b>ART NO.<\/b><\/strong><\/td>\n<td width=\"117\"><strong><b>ALTURA\/CM<\/b><\/strong><\/td>\n<td width=\"141\"><strong><b>TAMA\u00d1O\/BASE\/CM<\/b><\/strong><\/td>\n<td width=\"198\"><strong><b>TAMA\u00d1O REFLECTANTE \/CM<\/b><\/strong><\/td>\n<td width=\"136\"><strong><b>PESO\/CM<\/b><\/strong><\/td>\n<\/tr>\n<tr>\n<td width=\"82\">TCP28<\/td>\n<td width=\"117\">28 CM<\/td>\n<td width=\"141\">21\u00d721 CM<\/td>\n<td width=\"198\">10 CM<\/td>\n<td width=\"136\">0,40 KGS<\/td>\n<\/tr>\n<tr>\n<td width=\"82\">TCP30<\/td>\n<td width=\"117\">30 CM<\/td>\n<td width=\"141\">21\u00d721 CM<\/td>\n<td width=\"198\">10 CM<\/td>\n<td width=\"136\">0,50 KGS<\/td>\n<\/tr>\n<tr>\n<td width=\"82\">TCP42<\/td>\n<td width=\"117\">42 CM<\/td>\n<td width=\"141\">27\u00d727 CM<\/td>\n<td width=\"198\">10 CM<\/td>\n<td width=\"136\">0,85 KGS<\/td>\n<\/tr>\n<tr>\n<td width=\"82\">TCP45<\/td>\n<td width=\"117\">45 CM<\/td>\n<td width=\"141\">28\u00d728 CM<\/td>\n<td width=\"198\">10 CM<\/td>\n<td width=\"136\">0,90\/1,1 KGS<\/td>\n<\/tr>\n<tr>\n<td width=\"82\">TCP47<\/td>\n<td width=\"117\">47 CM<\/td>\n<td width=\"141\">30\u00d730 CM<\/td>\n<td width=\"198\">10 + 10 CM<\/td>\n<td width=\"136\">0,90 KGS<\/td>\n<\/tr>\n<tr>\n<td width=\"82\">TCP50<\/td>\n<td width=\"117\">50 CM<\/td>\n<td width=\"141\">28\u00d728 CM<\/td>\n<td width=\"198\">10 + 10 CM<\/td>\n<td width=\"136\">1,10 KGS\/ PC<\/td>\n<\/tr>\n<tr>\n<td width=\"82\">TCP66<\/td>\n<td width=\"117\">66 CM<\/td>\n<td width=\"141\">33 \u00d7 33 CM<\/td>\n<td width=\"198\">10+15 CM<\/td>\n<td width=\"136\">1,55 KGS\/ PC<\/td>\n<\/tr>\n<tr>\n<td width=\"82\">TCP70<\/td>\n<td width=\"117\">70 CM<\/td>\n<td width=\"141\">34 \u00d7 34 CM<\/td>\n<td width=\"198\">10+15 CM<\/td>\n<td width=\"136\">1,80\/2,0\/2,30 KGS\/UD.<\/td>\n<\/tr>\n<tr>\n<td width=\"82\">TCP90<\/td>\n<td width=\"117\">90 CM<\/td>\n<td width=\"141\">37 \u00d7 37 CM<\/td>\n<td width=\"198\">10+15 CM<\/td>\n<td width=\"136\">3,0\/4,5 KGS\/UD.<\/td>\n<\/tr>\n<\/tbody>\n<\/table>\n<p>TOPRISE admite varios estilos de personalizaci\u00f3n de conos de tr\u00e1fico; haga clic para <a href=\"https:\/\/toprisesafety.com\/es\/categoria-producto\/road-safety-products\/traffic-cone\/\">ver m\u00e1s estilos de conos de tr\u00e1fico.<\/a><\/p>\n<p>Si no encuentra los conos de tr\u00e1fico necesarios, <a href=\"https:\/\/toprisesafety.com\/es\/contact-us\/\">p\u00f3ngase en contacto con nosotros;<\/a> apoyamos la personalizaci\u00f3n especial.<\/p>","protected":false},"excerpt":{"rendered":"<p>Art No..:\u00a0TCP70<\/p>\n<p>Material: PVC<\/p>\n<p>Altura: 70 cm<\/p>\n<p>Base size: 34 \u00d7\u00a034\u00a0CM<\/p>\n<p>Weight:\u00a01.80\/2.0\/2.30 KGS\/ PC<\/p>\n<p>Tama\u00f1o de la cinta reflectante: 10+15 CM<\/p>\n<p>CANTIDAD M\u00cdNIMA: 500 UNIDADES<\/p>","protected":false},"featured_media":12377,"template":"","meta":{"_acf_changed":false},"product_brand":[],"product_cat":[325,395],"product_tag":[],"class_list":{"0":"post-12376","1":"product","2":"type-product","3":"status-publish","4":"has-post-thumbnail","6":"product_cat-road-safety-products","7":"product_cat-traffic-cone","9":"first","10":"instock","11":"shipping-taxable","12":"product-type-simple"},"acf":[],"_links":{"self":[{"href":"https:\/\/toprisesafety.com\/es\/wp-json\/wp\/v2\/product\/12376"}],"collection":[{"href":"https:\/\/toprisesafety.com\/es\/wp-json\/wp\/v2\/product"}],"about":[{"href":"https:\/\/toprisesafety.com\/es\/wp-json\/wp\/v2\/types\/product"}],"wp:featuredmedia":[{"embeddable":true,"href":"https:\/\/toprisesafety.com\/es\/wp-json\/wp\/v2\/media\/12377"}],"wp:attachment":[{"href":"https:\/\/toprisesafety.com\/es\/wp-json\/wp\/v2\/media?parent=12376"}],"wp:term":[{"taxonomy":"product_brand","embeddable":true,"href":"https:\/\/toprisesafety.com\/es\/wp-json\/wp\/v2\/product_brand?post=12376"},{"taxonomy":"product_cat","embeddable":true,"href":"https:\/\/toprisesafety.com\/es\/wp-json\/wp\/v2\/product_cat?post=12376"},{"taxonomy":"product_tag","embeddable":true,"href":"https:\/\/toprisesafety.com\/es\/wp-json\/wp\/v2\/product_tag?post=12376"}],"curies":[{"name":"wp","href":"https:\/\/api.w.org\/{rel}","templated":true}]}}