{"id":12291,"date":"2025-05-10T02:49:58","date_gmt":"2025-05-10T02:49:58","guid":{"rendered":"https:\/\/toprisesafety.com\/?post_type=product&#038;p=12291"},"modified":"2025-05-12T02:44:48","modified_gmt":"2025-05-12T02:44:48","slug":"led-traffic-flash-light","status":"publish","type":"product","link":"https:\/\/toprisesafety.com\/es\/producto\/led-traffic-flash-light\/","title":{"rendered":"Sem\u00e1foro LED"},"content":{"rendered":"<h1>Linterna LED de tr\u00e1fico<\/h1>\n<p>Linterna LED de tr\u00e1fico Detalles de diferentes tama\u00f1os:<\/p>\n<ul>\n<li>54 cm\/41 cm Funci\u00f3n: Brillante, encendido constante (control con un solo bot\u00f3n)<\/li>\n<li>36 cm\/26 cm Funciones: luz intermitente, encendido constante, iluminaci\u00f3n superior, im\u00e1n de cola (control con un solo bot\u00f3n);<\/li>\n<li>29cm Funciones: Luz intermitente, encendido constante, iluminaci\u00f3n superior, im\u00e1n de cola, silbato electr\u00f3nico (controlado por dos botones);<\/li>\n<li>Para longitudes de 54 cm\/41 cm, se utilizan dos pilas AA; para longitudes de 26 cm\/29 cm\/36 cm, se utilizan tres pilas AA.<\/li>\n<\/ul>\n<table>\n<tbody>\n<tr>\n<td width=\"426\">ART NO.<\/td>\n<td width=\"426\">WL19<\/td>\n<\/tr>\n<tr>\n<td width=\"426\">TALLA<\/td>\n<td width=\"426\">26\/29\/36\/41\/54 CM de longitud, 4 CM de di\u00e1metro<\/td>\n<\/tr>\n<tr>\n<td width=\"426\">MATERIAL<\/td>\n<td width=\"426\">PC+ABS<\/td>\n<\/tr>\n<tr>\n<td width=\"426\">MODO DE TRABAJO<\/td>\n<td width=\"426\">Brillando, constantemente encendido, cerca<\/td>\n<\/tr>\n<tr>\n<td width=\"426\">BATER\u00cdA<\/td>\n<td width=\"426\">Dos pilas D de tama\u00f1o 41\/54 cm y 3 pilas AA para 26\/29\/36cm.<\/td>\n<\/tr>\n<tr>\n<td width=\"426\">LED<\/td>\n<td width=\"426\">Di\u00e1metro 5mm, 6 PCS led<\/td>\n<\/tr>\n<tr>\n<td width=\"426\">COLOR<\/td>\n<td width=\"426\">Rojo\/Amarillo\/Azul\/Verde<\/td>\n<\/tr>\n<tr>\n<td width=\"426\">FRECUENCIA DE DESTELLO<\/td>\n<td width=\"426\">4 Hz<\/td>\n<\/tr>\n<tr>\n<td width=\"426\">SOLICITUD<\/td>\n<td width=\"426\">Protecci\u00f3n de la seguridad, mando del tr\u00e1fico, etc.<\/td>\n<\/tr>\n<\/tbody>\n<\/table>\n<p>TOPRISE admite varios estilos de personalizaci\u00f3n de las luces de advertencia; haga clic para <a href=\"https:\/\/toprisesafety.com\/es\/categoria-producto\/road-safety-products\/warning-lamp\/\">ver m\u00e1s estilos de luces de advertencia.<\/a><\/p>\n<p>Si no encuentra la luz de advertencia que necesita,<a href=\"https:\/\/toprisesafety.com\/es\/contact-us\/\"> p\u00f3ngase en contacto con nosotros;<\/a> apoyamos la personalizaci\u00f3n especial.<\/p>","protected":false},"excerpt":{"rendered":"<p>N\u00ba Referencia: WL19<\/p>\n<p>Color: Rojo\/Amarillo\/Azul\/Verde<\/p>\n<p>Tama\u00f1o: 26\/29\/36\/41\/54 CM de longitud, 4 CM de di\u00e1metro<\/p>\n<p>Material: PC+ABS<\/p>\n<p>Bater\u00eda: Dos pilas D de tama\u00f1o 41\/54 cm, 3 pilas AA para 26\/29\/36cm.<\/p>\n<p>CANTIDAD M\u00cdNIMA: 500 UNIDADES<\/p>","protected":false},"featured_media":12292,"template":"","meta":{"_acf_changed":false},"product_brand":[],"product_cat":[325,337],"product_tag":[],"class_list":{"0":"post-12291","1":"product","2":"type-product","3":"status-publish","4":"has-post-thumbnail","6":"product_cat-road-safety-products","7":"product_cat-warning-lamp","9":"first","10":"instock","11":"shipping-taxable","12":"product-type-simple"},"acf":[],"_links":{"self":[{"href":"https:\/\/toprisesafety.com\/es\/wp-json\/wp\/v2\/product\/12291"}],"collection":[{"href":"https:\/\/toprisesafety.com\/es\/wp-json\/wp\/v2\/product"}],"about":[{"href":"https:\/\/toprisesafety.com\/es\/wp-json\/wp\/v2\/types\/product"}],"wp:featuredmedia":[{"embeddable":true,"href":"https:\/\/toprisesafety.com\/es\/wp-json\/wp\/v2\/media\/12292"}],"wp:attachment":[{"href":"https:\/\/toprisesafety.com\/es\/wp-json\/wp\/v2\/media?parent=12291"}],"wp:term":[{"taxonomy":"product_brand","embeddable":true,"href":"https:\/\/toprisesafety.com\/es\/wp-json\/wp\/v2\/product_brand?post=12291"},{"taxonomy":"product_cat","embeddable":true,"href":"https:\/\/toprisesafety.com\/es\/wp-json\/wp\/v2\/product_cat?post=12291"},{"taxonomy":"product_tag","embeddable":true,"href":"https:\/\/toprisesafety.com\/es\/wp-json\/wp\/v2\/product_tag?post=12291"}],"curies":[{"name":"wp","href":"https:\/\/api.w.org\/{rel}","templated":true}]}}