{"id":12274,"date":"2025-05-10T02:28:24","date_gmt":"2025-05-10T02:28:24","guid":{"rendered":"https:\/\/toprisesafety.com\/?post_type=product&#038;p=12274"},"modified":"2025-05-12T02:56:54","modified_gmt":"2025-05-12T02:56:54","slug":"solar-powered-pathway-driveway-lights","status":"publish","type":"product","link":"https:\/\/toprisesafety.com\/es\/producto\/solar-powered-pathway-driveway-lights\/","title":{"rendered":"Luces solares para caminos"},"content":{"rendered":"<h1>Luces solares para caminos<\/h1>\n<p>Solar-Powered Pathway Driveway Lights Caracter\u00edsticas:<\/p>\n<ul>\n<li>LED de alta luminosidad, claramente visible por la noche.<\/li>\n<li>La energ\u00eda solar ahorra energ\u00eda y es respetuosa con el medio ambiente.<\/li>\n<li>Carcasa de aleaci\u00f3n de aluminio, resistente a la presi\u00f3n y duradera.<\/li>\n<li>Control autom\u00e1tico de detecci\u00f3n de luz, apertura inteligente.<\/li>\n<li>Hay varios colores disponibles para satisfacer las necesidades de las distintas carreteras.<\/li>\n<li>F\u00e1cil de instalar y bajo coste de mantenimiento.<\/li>\n<\/ul>\n<table>\n<tbody>\n<tr>\n<td width=\"426\">ART NO.<\/td>\n<td width=\"426\">WL15<\/td>\n<\/tr>\n<tr>\n<td width=\"426\">TALLA<\/td>\n<td width=\"426\">105*105*23MM<\/td>\n<\/tr>\n<tr>\n<td width=\"426\">MATERIAL<\/td>\n<td width=\"426\">Carcasa de aluminio fundido<\/td>\n<\/tr>\n<tr>\n<td width=\"426\">MODO DE TRABAJO<\/td>\n<td width=\"426\">Brillando, constantemente encendida<\/td>\n<\/tr>\n<tr>\n<td width=\"426\">PESO DEL PRODUCTO<\/td>\n<td width=\"426\">292G<\/td>\n<\/tr>\n<tr>\n<td width=\"426\">BATER\u00cdA<\/td>\n<td width=\"426\">Bater\u00eda de n\u00edquel-hidruro met\u00e1lico de 1,2 V\/600 mAh resistente a altas temperaturas<\/td>\n<\/tr>\n<tr>\n<td width=\"426\">COLOR<\/td>\n<td width=\"426\">blanco, amarillo, rojo, verde, azul<\/td>\n<\/tr>\n<tr>\n<td width=\"426\">HORARIO DE TRABAJO<\/td>\n<td width=\"426\">72 horas<\/td>\n<\/tr>\n<tr>\n<td width=\"426\">POTENCIA<\/td>\n<td width=\"426\">monocristal, 0,3 W, 2 V\/150 mA<\/td>\n<\/tr>\n<tr>\n<td width=\"426\">NIVEL DE PROTECCI\u00d3N<\/td>\n<td width=\"426\">IP68<\/td>\n<\/tr>\n<tr>\n<td width=\"426\">ALCANCE VISUAL<\/td>\n<td width=\"426\">&gt;1000M (De noche)<\/td>\n<\/tr>\n<tr>\n<td width=\"426\">RESISTENCIA AL APLASTAMIENTO<\/td>\n<td width=\"426\">&gt;20 toneladas<\/td>\n<\/tr>\n<tr>\n<td width=\"426\">TIEMPO DE TRABAJO<\/td>\n<td width=\"426\">Puede funcionar durante 72 horas con una intensidad de luz est\u00e1ndar<\/td>\n<\/tr>\n<tr>\n<td width=\"426\">MODO DE TRABAJO<\/td>\n<td width=\"426\">Control de la luz<\/td>\n<\/tr>\n<tr>\n<td width=\"426\">SOLICITUD<\/td>\n<td width=\"426\">Protecci\u00f3n de la seguridad, mando del tr\u00e1fico, etc.<\/td>\n<\/tr>\n<\/tbody>\n<\/table>\n<p>TOPRISE admite varios estilos de personalizaci\u00f3n de las luces de advertencia; haga clic para <a href=\"https:\/\/toprisesafety.com\/es\/categoria-producto\/road-safety-products\/warning-lamp\/\">ver m\u00e1s estilos de luces de advertencia.<\/a><\/p>\n<p>Si no encuentra la luz de advertencia que necesita,<a href=\"https:\/\/toprisesafety.com\/es\/contact-us\/\"> p\u00f3ngase en contacto con nosotros;<\/a> apoyamos la personalizaci\u00f3n especial.<\/p>","protected":false},"excerpt":{"rendered":"<p>N\u00ba Referencia: WL15<\/p>\n<p>Color: blanco, amarillo, rojo, verde, azul<\/p>\n<p>Tama\u00f1o: 105*105*23 MM<\/p>\n<p>Material: Carcasa de aluminio fundido<\/p>\n<p>CANTIDAD M\u00cdNIMA: 500 UNIDADES<\/p>","protected":false},"featured_media":12276,"template":"","meta":{"_acf_changed":false},"product_brand":[],"product_cat":[325,337],"product_tag":[],"class_list":{"0":"post-12274","1":"product","2":"type-product","3":"status-publish","4":"has-post-thumbnail","6":"product_cat-road-safety-products","7":"product_cat-warning-lamp","9":"first","10":"instock","11":"shipping-taxable","12":"product-type-simple"},"acf":[],"_links":{"self":[{"href":"https:\/\/toprisesafety.com\/es\/wp-json\/wp\/v2\/product\/12274","targetHints":{"allow":["GET"]}}],"collection":[{"href":"https:\/\/toprisesafety.com\/es\/wp-json\/wp\/v2\/product"}],"about":[{"href":"https:\/\/toprisesafety.com\/es\/wp-json\/wp\/v2\/types\/product"}],"wp:featuredmedia":[{"embeddable":true,"href":"https:\/\/toprisesafety.com\/es\/wp-json\/wp\/v2\/media\/12276"}],"wp:attachment":[{"href":"https:\/\/toprisesafety.com\/es\/wp-json\/wp\/v2\/media?parent=12274"}],"wp:term":[{"taxonomy":"product_brand","embeddable":true,"href":"https:\/\/toprisesafety.com\/es\/wp-json\/wp\/v2\/product_brand?post=12274"},{"taxonomy":"product_cat","embeddable":true,"href":"https:\/\/toprisesafety.com\/es\/wp-json\/wp\/v2\/product_cat?post=12274"},{"taxonomy":"product_tag","embeddable":true,"href":"https:\/\/toprisesafety.com\/es\/wp-json\/wp\/v2\/product_tag?post=12274"}],"curies":[{"name":"wp","href":"https:\/\/api.w.org\/{rel}","templated":true}]}}