{"id":12262,"date":"2025-05-10T02:13:48","date_gmt":"2025-05-10T02:13:48","guid":{"rendered":"https:\/\/toprisesafety.com\/?post_type=product&#038;p=12262"},"modified":"2025-05-12T03:02:42","modified_gmt":"2025-05-12T03:02:42","slug":"hand-held-road-traffic-safety-warning-baton","status":"publish","type":"product","link":"https:\/\/toprisesafety.com\/es\/producto\/hand-held-road-traffic-safety-warning-baton\/","title":{"rendered":"Bast\u00f3n manual de advertencia de seguridad vial"},"content":{"rendered":"<h1>Bast\u00f3n port\u00e1til de advertencia de seguridad vial<\/h1>\n<p>Bast\u00f3n port\u00e1til de advertencia de seguridad vial Funciones principales:<\/p>\n<ul>\n<li>El cuerpo del tubo est\u00e1 equipado con un cord\u00f3n y un im\u00e1n en la parte inferior, que pueden fijarse a la superficie de objetos de hierro, liberando as\u00ed las manos del usuario.<\/li>\n<li>La parte superior del bast\u00f3n est\u00e1 dise\u00f1ada con un rompeventanas para uso de emergencia.<\/li>\n<li>Con un silbato de advertencia<\/li>\n<li>Fuente de luz: Fuente de luz LED, estrobosc\u00f3pica, iluminaci\u00f3n de luz blanca.<\/li>\n<\/ul>\n<table>\n<tbody>\n<tr>\n<td width=\"426\">ART NO.<\/td>\n<td width=\"426\">WL12<\/td>\n<\/tr>\n<tr>\n<td width=\"426\">TALLA<\/td>\n<td width=\"426\">30\/36\/54 cm de longitud, 4 cm de di\u00e1metro<\/td>\n<\/tr>\n<tr>\n<td width=\"426\">MATERIAL<\/td>\n<td width=\"426\">PC+ABS<\/td>\n<\/tr>\n<tr>\n<td width=\"426\">MODO DE TRABAJO<\/td>\n<td width=\"426\">Brillante, constantemente encendido, iluminaci\u00f3n superior, aviso de sirena<\/td>\n<\/tr>\n<tr>\n<td width=\"426\">BATER\u00cdA<\/td>\n<td width=\"426\">Tres pilas AA<\/td>\n<\/tr>\n<tr>\n<td width=\"426\">LUMINANCIA<\/td>\n<td width=\"426\">10000 MCD<\/td>\n<\/tr>\n<tr>\n<td width=\"426\">COLOR<\/td>\n<td width=\"426\">Rojo\/amarillo\/azul\/verde\/transparente o multicolor a elegir.<\/td>\n<\/tr>\n<tr>\n<td width=\"426\">SILBATO ELECTR\u00d3NICO<\/td>\n<td width=\"426\">M\u00e1s de 120 DB<\/td>\n<\/tr>\n<tr>\n<td width=\"426\">HORARIO DE TRABAJO<\/td>\n<td width=\"426\">15 horas<\/td>\n<\/tr>\n<tr>\n<td width=\"426\">POTENCIA<\/td>\n<td width=\"426\">0.3W<\/td>\n<\/tr>\n<tr>\n<td width=\"426\">NIVEL DE PROTECCI\u00d3N<\/td>\n<td width=\"426\">IP64<\/td>\n<\/tr>\n<tr>\n<td width=\"426\">ALCANCE VISUAL<\/td>\n<td width=\"426\">400-600M (de noche)<\/td>\n<\/tr>\n<tr>\n<td width=\"426\">SOLICITUD<\/td>\n<td width=\"426\">Protecci\u00f3n de la seguridad, mando del tr\u00e1fico, etc.<\/td>\n<\/tr>\n<\/tbody>\n<\/table>\n<p>TOPRISE admite varios estilos de personalizaci\u00f3n de las luces de advertencia; haga clic para <a href=\"https:\/\/toprisesafety.com\/es\/categoria-producto\/road-safety-products\/warning-lamp\/\">ver m\u00e1s estilos de luces de advertencia.<\/a><\/p>\n<p>Si no encuentra la luz de advertencia que necesita,<a href=\"https:\/\/toprisesafety.com\/es\/contact-us\/\"> p\u00f3ngase en contacto con nosotros;<\/a> apoyamos la personalizaci\u00f3n especial.<\/p>","protected":false},"excerpt":{"rendered":"<p>N\u00ba Referencia: WL12<\/p>\n<p>Color: rojo\/amarillo\/azul\/verde\/claro o multicolor a elegir.<\/p>\n<p>Tama\u00f1o: 30\/36\/54 CM de longitud, 4 CM de di\u00e1metro<\/p>\n<p>Material: PC+ABS<\/p>\n<p>Bater\u00eda: Tres pilas AA<\/p>\n<p>CANTIDAD M\u00cdNIMA: 500 UNIDADES<\/p>","protected":false},"featured_media":12266,"template":"","meta":{"_acf_changed":false},"product_brand":[],"product_cat":[337,325],"product_tag":[],"class_list":{"0":"post-12262","1":"product","2":"type-product","3":"status-publish","4":"has-post-thumbnail","6":"product_cat-warning-lamp","7":"product_cat-road-safety-products","9":"first","10":"instock","11":"shipping-taxable","12":"product-type-simple"},"acf":[],"_links":{"self":[{"href":"https:\/\/toprisesafety.com\/es\/wp-json\/wp\/v2\/product\/12262","targetHints":{"allow":["GET"]}}],"collection":[{"href":"https:\/\/toprisesafety.com\/es\/wp-json\/wp\/v2\/product"}],"about":[{"href":"https:\/\/toprisesafety.com\/es\/wp-json\/wp\/v2\/types\/product"}],"wp:featuredmedia":[{"embeddable":true,"href":"https:\/\/toprisesafety.com\/es\/wp-json\/wp\/v2\/media\/12266"}],"wp:attachment":[{"href":"https:\/\/toprisesafety.com\/es\/wp-json\/wp\/v2\/media?parent=12262"}],"wp:term":[{"taxonomy":"product_brand","embeddable":true,"href":"https:\/\/toprisesafety.com\/es\/wp-json\/wp\/v2\/product_brand?post=12262"},{"taxonomy":"product_cat","embeddable":true,"href":"https:\/\/toprisesafety.com\/es\/wp-json\/wp\/v2\/product_cat?post=12262"},{"taxonomy":"product_tag","embeddable":true,"href":"https:\/\/toprisesafety.com\/es\/wp-json\/wp\/v2\/product_tag?post=12262"}],"curies":[{"name":"wp","href":"https:\/\/api.w.org\/{rel}","templated":true}]}}