{"id":12257,"date":"2025-05-10T01:59:38","date_gmt":"2025-05-10T01:59:38","guid":{"rendered":"https:\/\/toprisesafety.com\/?post_type=product&#038;p=12257"},"modified":"2025-05-12T03:04:02","modified_gmt":"2025-05-12T03:04:02","slug":"traffic-flashing-solar-warning-lamp","status":"publish","type":"product","link":"https:\/\/toprisesafety.com\/es\/producto\/traffic-flashing-solar-warning-lamp\/","title":{"rendered":"Piloto solar intermitente de tr\u00e1fico"},"content":{"rendered":"<h1>Piloto solar intermitente de tr\u00e1fico<\/h1>\n<p>Sem\u00e1foro Solar Intermitente Caracter\u00edsticas:<\/p>\n<ul>\n<li>Interruptor incorporado: 1. El modo de flash se apaga autom\u00e1ticamente durante el d\u00eda y parpadea por la noche. 2. Cambia al modo apagado y corta la alimentaci\u00f3n.<\/li>\n<li>Ganchos de pl\u00e1stico de alta resistencia: f\u00e1ciles de fijar y a prueba de robos. El manguito del cono de carretera se puede fijar c\u00f3modamente en el cono de carretera.<\/li>\n<li>Amplio campo de aplicaci\u00f3n: se utiliza para la seguridad del tr\u00e1fico, la construcci\u00f3n de carreteras y las funciones de advertencia.<\/li>\n<li>El color, el n\u00famero de LED y el modo de funcionamiento pueden personalizarse seg\u00fan los requisitos del cliente.<\/li>\n<\/ul>\n<table>\n<tbody>\n<tr>\n<td width=\"426\">ART NO.<\/td>\n<td width=\"426\">WL10<\/td>\n<\/tr>\n<tr>\n<td width=\"426\">TALLA<\/td>\n<td width=\"426\">34 CM de altura * 18,5 CM de di\u00e1metro<\/td>\n<\/tr>\n<tr>\n<td width=\"426\">MATERIAL<\/td>\n<td width=\"426\">PC<\/td>\n<\/tr>\n<tr>\n<td width=\"426\">MODO DE TRABAJO<\/td>\n<td width=\"426\">Brillando o constantemente encendida<\/td>\n<\/tr>\n<tr>\n<td width=\"426\">FUENTE LUMINOSA<\/td>\n<td width=\"426\">Di\u00e1metro 5 MM * 6 PCS led<\/td>\n<\/tr>\n<tr>\n<td width=\"426\">Luminiscencia<\/td>\n<td width=\"426\">10000 MCD<\/td>\n<\/tr>\n<tr>\n<td width=\"426\">BATER\u00cdA RECARGABLE<\/td>\n<td width=\"426\">Bater\u00eda recargable de n\u00edquel-hidruro met\u00e1lico<\/td>\n<\/tr>\n<tr>\n<td width=\"426\">POTENCIA<\/td>\n<td width=\"426\">0.3W<\/td>\n<\/tr>\n<tr>\n<td width=\"426\">NIVEL DE PROTECCI\u00d3N<\/td>\n<td width=\"426\">IP64<\/td>\n<\/tr>\n<tr>\n<td width=\"426\">ALCANCE VISUAL<\/td>\n<td width=\"426\">650-700M (de noche)<\/td>\n<\/tr>\n<tr>\n<td width=\"426\">INSTRUCCIONES DE USO<\/td>\n<td width=\"426\">Modo de flash: Se apaga autom\u00e1ticamente durante el d\u00eda y parpadea autom\u00e1ticamente por la noche. Apaga el equipo y corta la alimentaci\u00f3n.<\/td>\n<\/tr>\n<tr>\n<td width=\"426\">SOLICITUD<\/td>\n<td width=\"426\">Protecci\u00f3n de seguridad, trabajos en obras, etc.<\/td>\n<\/tr>\n<tr>\n<td width=\"426\">EMBALAJE<\/td>\n<td width=\"426\">12 PIEZAS\/CTN, 48*34*37 CM , 8 KGS<\/td>\n<\/tr>\n<\/tbody>\n<\/table>\n<p>TOPRISE admite varios estilos de personalizaci\u00f3n de las luces de advertencia; haga clic para <a href=\"https:\/\/toprisesafety.com\/es\/categoria-producto\/road-safety-products\/warning-lamp\/\">ver m\u00e1s estilos de luces de advertencia.<\/a><\/p>\n<p>Si no encuentra la luz de advertencia que necesita,<a href=\"https:\/\/toprisesafety.com\/es\/contact-us\/\"> p\u00f3ngase en contacto con nosotros;<\/a> apoyamos la personalizaci\u00f3n especial.<\/p>","protected":false},"excerpt":{"rendered":"<p>N\u00ba Referencia: WL10<\/p>\n<p>Color: rojo\/naranja<\/p>\n<p>Tama\u00f1o : 34 CM altura * 18,5 CM di\u00e1metro<\/p>\n<p>Tipo de bater\u00eda recargable: Bater\u00eda recargable de n\u00edquel-hidruro met\u00e1lico<\/p>\n<p>CANTIDAD M\u00cdNIMA: 100 UNIDADES<\/p>","protected":false},"featured_media":12258,"template":"","meta":{"_acf_changed":false},"product_brand":[],"product_cat":[325,337],"product_tag":[],"class_list":{"0":"post-12257","1":"product","2":"type-product","3":"status-publish","4":"has-post-thumbnail","6":"product_cat-road-safety-products","7":"product_cat-warning-lamp","9":"first","10":"instock","11":"shipping-taxable","12":"product-type-simple"},"acf":[],"_links":{"self":[{"href":"https:\/\/toprisesafety.com\/es\/wp-json\/wp\/v2\/product\/12257"}],"collection":[{"href":"https:\/\/toprisesafety.com\/es\/wp-json\/wp\/v2\/product"}],"about":[{"href":"https:\/\/toprisesafety.com\/es\/wp-json\/wp\/v2\/types\/product"}],"wp:featuredmedia":[{"embeddable":true,"href":"https:\/\/toprisesafety.com\/es\/wp-json\/wp\/v2\/media\/12258"}],"wp:attachment":[{"href":"https:\/\/toprisesafety.com\/es\/wp-json\/wp\/v2\/media?parent=12257"}],"wp:term":[{"taxonomy":"product_brand","embeddable":true,"href":"https:\/\/toprisesafety.com\/es\/wp-json\/wp\/v2\/product_brand?post=12257"},{"taxonomy":"product_cat","embeddable":true,"href":"https:\/\/toprisesafety.com\/es\/wp-json\/wp\/v2\/product_cat?post=12257"},{"taxonomy":"product_tag","embeddable":true,"href":"https:\/\/toprisesafety.com\/es\/wp-json\/wp\/v2\/product_tag?post=12257"}],"curies":[{"name":"wp","href":"https:\/\/api.w.org\/{rel}","templated":true}]}}