{"id":12244,"date":"2025-05-10T01:42:08","date_gmt":"2025-05-10T01:42:08","guid":{"rendered":"https:\/\/toprisesafety.com\/?post_type=product&#038;p=12244"},"modified":"2025-05-12T03:05:44","modified_gmt":"2025-05-12T03:05:44","slug":"solar-energy-led-beacon-light","status":"publish","type":"product","link":"https:\/\/toprisesafety.com\/es\/producto\/solar-energy-led-beacon-light\/","title":{"rendered":"Baliza luminosa led de energ\u00eda solar"},"content":{"rendered":"<h1>Baliza luminosa led de energ\u00eda solar<\/h1>\n<p>Solar-Energy LED Beacon Light Features:<\/p>\n<ul>\n<li>Solar power supply: Equipped with solar panels, which are energy-saving and environmentally friendly.<\/li>\n<li>High visibility: The red and orange shell design provides extremely high visibility.<\/li>\n<li>Strong durability: It adopts a high-quality plastic shell, which is pressure-resistant and shock-resistant, and can adapt to various environments.<\/li>\n<li>Waterproof and dustproof: It has excellent waterproof and dustproof functions and is suitable for outdoor use.<\/li>\n<li>Flashing warning effect: High brightness, the flashing function effectively enhances the warning effect.<\/li>\n<li>Easy to install: The structural design is simple and adaptable to various installation requirements.<\/li>\n<\/ul>\n<table>\n<tbody>\n<tr>\n<td width=\"426\">ART NO.<\/td>\n<td width=\"426\">WL07<\/td>\n<\/tr>\n<tr>\n<td width=\"426\">TALLA<\/td>\n<td width=\"426\">22.5 CM length * 17.5 CM width<\/td>\n<\/tr>\n<tr>\n<td width=\"426\">MATERIAL<\/td>\n<td width=\"426\">PC<\/td>\n<\/tr>\n<tr>\n<td width=\"426\">MODO DE TRABAJO<\/td>\n<td width=\"426\">Rotate or flash<\/td>\n<\/tr>\n<tr>\n<td width=\"426\">FUENTE LUMINOSA<\/td>\n<td width=\"426\">Diameter 5 MM * 20\u00a0PCS led<\/td>\n<\/tr>\n<tr>\n<td width=\"426\">Luminiscencia<\/td>\n<td width=\"426\">10000 MCD<\/td>\n<\/tr>\n<tr>\n<td width=\"426\">BATER\u00cdA RECARGABLE<\/td>\n<td width=\"426\">Nickel-metal-hydride rechargeable battery; it can work continuously for more than 20 hours when fully charged<\/td>\n<\/tr>\n<tr>\n<td width=\"426\">POTENCIA<\/td>\n<td width=\"426\">0.3W<\/td>\n<\/tr>\n<tr>\n<td width=\"426\">NIVEL DE PROTECCI\u00d3N<\/td>\n<td width=\"426\">IP64<\/td>\n<\/tr>\n<tr>\n<td width=\"426\">ALCANCE VISUAL<\/td>\n<td width=\"426\">400-600M (de noche)<\/td>\n<\/tr>\n<tr>\n<td width=\"426\">INSTRUCCIONES DE USO<\/td>\n<td width=\"426\">Flash mode automatically turns off during the day and flashes automatically at night. Turn off the gear and cut off the power supply. Optional high-strength iron magnet: can be attached to ironware.<\/td>\n<\/tr>\n<tr>\n<td width=\"426\">SOLICITUD<\/td>\n<td width=\"426\">Protecci\u00f3n de seguridad, trabajos en obras, etc.<\/td>\n<\/tr>\n<tr>\n<td width=\"426\">EMBALAJE<\/td>\n<td width=\"426\">30 UNIDADES\/CTN, 56,5*32,5*29 CM<\/td>\n<\/tr>\n<\/tbody>\n<\/table>\n<p>TOPRISE admite varios estilos de personalizaci\u00f3n de las luces de advertencia; haga clic para <a href=\"https:\/\/toprisesafety.com\/es\/categoria-producto\/road-safety-products\/warning-lamp\/\">ver m\u00e1s estilos de luces de advertencia.<\/a><\/p>\n<p>Si no encuentra la luz de advertencia que necesita,<a href=\"https:\/\/toprisesafety.com\/es\/contact-us\/\"> p\u00f3ngase en contacto con nosotros;<\/a> apoyamos la personalizaci\u00f3n especial.<\/p>","protected":false},"excerpt":{"rendered":"<p>Art No.: WL07<\/p>\n<p>Color: rojo\/naranja<\/p>\n<p>Luminous source: diameter 5mm * 20 PCS LED, luminance: 10000 MCD<\/p>\n<p>Tipo de bater\u00eda recargable: Bater\u00eda recargable de n\u00edquel-hidruro met\u00e1lico<\/p>\n<p>CANTIDAD M\u00cdNIMA: 100 UNIDADES<\/p>","protected":false},"featured_media":12247,"template":"","meta":{"_acf_changed":false},"product_brand":[],"product_cat":[325,337],"product_tag":[],"class_list":{"0":"post-12244","1":"product","2":"type-product","3":"status-publish","4":"has-post-thumbnail","6":"product_cat-road-safety-products","7":"product_cat-warning-lamp","9":"first","10":"instock","11":"shipping-taxable","12":"product-type-simple"},"acf":[],"_links":{"self":[{"href":"https:\/\/toprisesafety.com\/es\/wp-json\/wp\/v2\/product\/12244"}],"collection":[{"href":"https:\/\/toprisesafety.com\/es\/wp-json\/wp\/v2\/product"}],"about":[{"href":"https:\/\/toprisesafety.com\/es\/wp-json\/wp\/v2\/types\/product"}],"wp:featuredmedia":[{"embeddable":true,"href":"https:\/\/toprisesafety.com\/es\/wp-json\/wp\/v2\/media\/12247"}],"wp:attachment":[{"href":"https:\/\/toprisesafety.com\/es\/wp-json\/wp\/v2\/media?parent=12244"}],"wp:term":[{"taxonomy":"product_brand","embeddable":true,"href":"https:\/\/toprisesafety.com\/es\/wp-json\/wp\/v2\/product_brand?post=12244"},{"taxonomy":"product_cat","embeddable":true,"href":"https:\/\/toprisesafety.com\/es\/wp-json\/wp\/v2\/product_cat?post=12244"},{"taxonomy":"product_tag","embeddable":true,"href":"https:\/\/toprisesafety.com\/es\/wp-json\/wp\/v2\/product_tag?post=12244"}],"curies":[{"name":"wp","href":"https:\/\/api.w.org\/{rel}","templated":true}]}}