{"id":12239,"date":"2025-05-10T01:35:59","date_gmt":"2025-05-10T01:35:59","guid":{"rendered":"https:\/\/toprisesafety.com\/?post_type=product&#038;p=12239"},"modified":"2025-05-12T03:08:42","modified_gmt":"2025-05-12T03:08:42","slug":"solar-strobe-warning-beacon-light","status":"publish","type":"product","link":"https:\/\/toprisesafety.com\/es\/producto\/solar-strobe-warning-beacon-light\/","title":{"rendered":"Luz estrobosc\u00f3pica solar de advertencia"},"content":{"rendered":"<h1>Luz estrobosc\u00f3pica solar de advertencia<\/h1>\n<p>Luz estrobosc\u00f3pica solar de advertencia Caracter\u00edsticas:<\/p>\n<ul>\n<li>Gran visibilidad: Gracias a la incorporaci\u00f3n de bandas reflectantes, puede verse claramente tanto de d\u00eda como de noche.<\/li>\n<li>Robusto y duradero: Equipado con una carcasa de pl\u00e1stico de alta calidad, es resistente a los golpes y duradero, adecuado para entornos dif\u00edciles.<\/li>\n<li>Conservaci\u00f3n de la energ\u00eda y protecci\u00f3n del medio ambiente: paneles solares incorporados, sin necesidad de fuente de alimentaci\u00f3n externa, ahorro de energ\u00eda y respetuoso con el medio ambiente.<\/li>\n<li>Funci\u00f3n de advertencia intermitente: efecto de luz intermitente, fuerte efecto de advertencia, garantizando la seguridad del tr\u00e1fico.<\/li>\n<li>Dise\u00f1o impermeable: Tiene un excelente rendimiento a prueba de agua y es adecuado para uso en exteriores.<\/li>\n<li>Instalaci\u00f3n sencilla: El dise\u00f1o es simple, f\u00e1cil de instalar y reemplazar, y adecuado para diferentes escenarios.<\/li>\n<\/ul>\n<table>\n<tbody>\n<tr>\n<td width=\"426\">ART NO.<\/td>\n<td width=\"426\">WL06<\/td>\n<\/tr>\n<tr>\n<td width=\"426\">TALLA<\/td>\n<td width=\"426\">15CM longitud * 8CM di\u00e1metro<\/td>\n<\/tr>\n<tr>\n<td width=\"426\">MATERIAL<\/td>\n<td width=\"426\">ABS + PC, Pintura metalizada opcional disponible<\/td>\n<\/tr>\n<tr>\n<td width=\"426\">MODO DE TRABAJO<\/td>\n<td width=\"426\">Se puede seleccionar flash, flash de r\u00e1faga y siempre encendido<\/td>\n<\/tr>\n<tr>\n<td width=\"426\">FUENTE LUMINOSA<\/td>\n<td width=\"426\">Di\u00e1metro 5 MM * 3-6 PCS led<\/td>\n<\/tr>\n<tr>\n<td width=\"426\">Luminiscencia<\/td>\n<td width=\"426\">10000 MCD<\/td>\n<\/tr>\n<tr>\n<td width=\"426\">BATER\u00cdA RECARGABLE<\/td>\n<td width=\"426\">Bater\u00eda recargable de n\u00edquel-hidruro met\u00e1lico<\/td>\n<\/tr>\n<tr>\n<td width=\"426\">FRECUENCIA DE DESTELLO<\/td>\n<td width=\"426\">60+\/-5% veces\/minuto, flash de r\u00e1faga: la velocidad de flash es de 120+\/-5% veces por minuto<\/td>\n<\/tr>\n<tr>\n<td width=\"426\">POTENCIA<\/td>\n<td width=\"426\">0.3W<\/td>\n<\/tr>\n<tr>\n<td width=\"426\">NIVEL DE PROTECCI\u00d3N<\/td>\n<td width=\"426\">IP64<\/td>\n<\/tr>\n<tr>\n<td width=\"426\">ALCANCE VISUAL<\/td>\n<td width=\"426\">600-800M (De noche)<\/td>\n<\/tr>\n<tr>\n<td width=\"426\">INSTRUCCIONES DE USO<\/td>\n<td width=\"426\">Encienda el interruptor de alimentaci\u00f3n y entre en el modo autom\u00e1tico. Parpadear\u00e1 autom\u00e1ticamente por la noche y se apagar\u00e1 autom\u00e1ticamente durante el d\u00eda.<\/td>\n<\/tr>\n<tr>\n<td width=\"426\">SOLICITUD<\/td>\n<td width=\"426\">Protecci\u00f3n de seguridad, trabajos en obras, etc.<\/td>\n<\/tr>\n<tr>\n<td width=\"426\">EMBALAJE<\/td>\n<td width=\"426\">12PCS\/CTN, 48*34*37 CM ,8KGS<\/td>\n<\/tr>\n<\/tbody>\n<\/table>\n<p>TOPRISE admite varios estilos de personalizaci\u00f3n de las luces de advertencia; haga clic para <a href=\"https:\/\/toprisesafety.com\/es\/categoria-producto\/road-safety-products\/warning-lamp\/\">ver m\u00e1s estilos de luces de advertencia.<\/a><\/p>\n<p>Si no encuentra la luz de advertencia que necesita,<a href=\"https:\/\/toprisesafety.com\/es\/contact-us\/\"> p\u00f3ngase en contacto con nosotros;<\/a> apoyamos la personalizaci\u00f3n especial.<\/p>","protected":false},"excerpt":{"rendered":"<p>N\u00ba Referencia: WL06<\/p>\n<p>Color: Rojo\/Blanco\/Verde reflectante + Cuerpo transparente a elegir<\/p>\n<p>Fuente luminosa: di\u00e1metro 5mm * 3-6 PCS LED, luminancia: 10000 MCD<\/p>\n<p>Tipo de bater\u00eda recargable: Bater\u00eda recargable de n\u00edquel-hidruro met\u00e1lico<\/p>\n<p>CANTIDAD M\u00cdNIMA: 100 UNIDADES<\/p>","protected":false},"featured_media":12243,"template":"","meta":{"_acf_changed":false},"product_brand":[],"product_cat":[325,337],"product_tag":[],"class_list":{"0":"post-12239","1":"product","2":"type-product","3":"status-publish","4":"has-post-thumbnail","6":"product_cat-road-safety-products","7":"product_cat-warning-lamp","9":"first","10":"instock","11":"shipping-taxable","12":"product-type-simple"},"acf":[],"_links":{"self":[{"href":"https:\/\/toprisesafety.com\/es\/wp-json\/wp\/v2\/product\/12239"}],"collection":[{"href":"https:\/\/toprisesafety.com\/es\/wp-json\/wp\/v2\/product"}],"about":[{"href":"https:\/\/toprisesafety.com\/es\/wp-json\/wp\/v2\/types\/product"}],"wp:featuredmedia":[{"embeddable":true,"href":"https:\/\/toprisesafety.com\/es\/wp-json\/wp\/v2\/media\/12243"}],"wp:attachment":[{"href":"https:\/\/toprisesafety.com\/es\/wp-json\/wp\/v2\/media?parent=12239"}],"wp:term":[{"taxonomy":"product_brand","embeddable":true,"href":"https:\/\/toprisesafety.com\/es\/wp-json\/wp\/v2\/product_brand?post=12239"},{"taxonomy":"product_cat","embeddable":true,"href":"https:\/\/toprisesafety.com\/es\/wp-json\/wp\/v2\/product_cat?post=12239"},{"taxonomy":"product_tag","embeddable":true,"href":"https:\/\/toprisesafety.com\/es\/wp-json\/wp\/v2\/product_tag?post=12239"}],"curies":[{"name":"wp","href":"https:\/\/api.w.org\/{rel}","templated":true}]}}