{"id":12236,"date":"2025-05-10T01:27:27","date_gmt":"2025-05-10T01:27:27","guid":{"rendered":"https:\/\/toprisesafety.com\/?post_type=product&#038;p=12236"},"modified":"2025-05-12T03:09:04","modified_gmt":"2025-05-12T03:09:04","slug":"solar-traffic-alarm-lamp","status":"publish","type":"product","link":"https:\/\/toprisesafety.com\/es\/producto\/solar-traffic-alarm-lamp\/","title":{"rendered":"Alarma solar de tr\u00e1fico"},"content":{"rendered":"<h1>Alarma solar de tr\u00e1fico<\/h1>\n<p>Caracter\u00edsticas de la L\u00e1mpara Solar de Alarma de Tr\u00e1fico:<\/p>\n<ul>\n<li>Funciona con energ\u00eda solar: Al utilizar energ\u00eda solar, es respetuoso con el medio ambiente y ahorra energ\u00eda, y no es necesario cambiar las pilas.<\/li>\n<li>Materiales duraderos: Fabricado con estructuras de pl\u00e1stico y metal duraderas, puede adaptarse a diversos entornos.<\/li>\n<li>Alta visibilidad: Alto brillo, que puede mejorar significativamente la visibilidad en entornos con poca luz.<\/li>\n<li>Personalizaci\u00f3n del logotipo: Admite la personalizaci\u00f3n del LOGO personalizado, adecuado para la promoci\u00f3n corporativa.<\/li>\n<li>Personalizaci\u00f3n de envases: Ofrecemos opciones de envasado personalizadas para satisfacer las diversas demandas del mercado.<\/li>\n<\/ul>\n<table style=\"height: 791px;\" width=\"866\">\n<tbody>\n<tr>\n<td width=\"426\">ART NO.<\/td>\n<td width=\"426\">WL05<\/td>\n<\/tr>\n<tr>\n<td width=\"426\">TALLA<\/td>\n<td width=\"426\">23 CM de largo * 18 CM de ancho<\/td>\n<\/tr>\n<tr>\n<td width=\"426\">MATERIAL<\/td>\n<td width=\"426\">La lente es de PS y la base de ABS<\/td>\n<\/tr>\n<tr>\n<td width=\"426\">MODO DE TRABAJO<\/td>\n<td width=\"426\">Brillante o siempre encendido<\/td>\n<\/tr>\n<tr>\n<td width=\"426\">FUENTE LUMINOSA<\/td>\n<td width=\"426\">Di\u00e1metro 5 MM * 6 PCS led<\/td>\n<\/tr>\n<tr>\n<td width=\"426\">Luminiscencia<\/td>\n<td width=\"426\">10000 MCD<\/td>\n<\/tr>\n<tr>\n<td width=\"426\">BATER\u00cdA RECARGABLE<\/td>\n<td width=\"426\">Bater\u00eda recargable de n\u00edquel-hidruro met\u00e1lico<\/td>\n<\/tr>\n<tr>\n<td width=\"426\">FRECUENCIA DE DESTELLO<\/td>\n<td width=\"426\">60+\/-5% veces\/minuto<\/td>\n<\/tr>\n<tr>\n<td width=\"426\">POTENCIA<\/td>\n<td width=\"426\">0.3W<\/td>\n<\/tr>\n<tr>\n<td width=\"426\">NIVEL DE PROTECCI\u00d3N<\/td>\n<td width=\"426\">IP64<\/td>\n<\/tr>\n<tr>\n<td width=\"426\">ALCANCE VISUAL<\/td>\n<td width=\"426\">400-600M (de noche)<\/td>\n<\/tr>\n<tr>\n<td width=\"426\">INSTRUCCIONES DE USO<\/td>\n<td width=\"426\">Gire el interruptor de encendido: Entra en el modo de detecci\u00f3n de control de luz. Se apagar\u00e1 autom\u00e1ticamente durante el d\u00eda y parpadear\u00e1 por la noche.<\/td>\n<\/tr>\n<tr>\n<td width=\"426\">SOLICITUD<\/td>\n<td width=\"426\">Protecci\u00f3n de seguridad, trabajos en obras, etc.<\/td>\n<\/tr>\n<tr>\n<td width=\"426\">EMBALAJE<\/td>\n<td width=\"426\">30 UNIDADES\/CTN, 56,5*32,5*29 CM<\/td>\n<\/tr>\n<\/tbody>\n<\/table>\n<p>TOPRISE admite varios estilos de personalizaci\u00f3n de las luces de advertencia; haga clic para <a href=\"https:\/\/toprisesafety.com\/es\/categoria-producto\/road-safety-products\/warning-lamp\/\">ver m\u00e1s estilos de luces de advertencia.<\/a><\/p>\n<p>Si no encuentra la luz de advertencia que necesita,<a href=\"https:\/\/toprisesafety.com\/es\/contact-us\/\"> p\u00f3ngase en contacto con nosotros;<\/a> apoyamos la personalizaci\u00f3n especial.<\/p>","protected":false},"excerpt":{"rendered":"<p>N\u00ba Referencia: WL05<\/p>\n<p>Color: Rojo<\/p>\n<p>Fuente luminosa: di\u00e1metro 5mm * 6PCS led , luminancia: 10000 MCD<\/p>\n<p>Tipo de bater\u00eda recargable: Bater\u00eda recargable de n\u00edquel-hidruro met\u00e1lico<\/p>\n<p>MOQ: 100PCS<\/p>","protected":false},"featured_media":12238,"template":"","meta":{"_acf_changed":false},"product_brand":[],"product_cat":[325,337],"product_tag":[391,392,181],"class_list":{"0":"post-12236","1":"product","2":"type-product","3":"status-publish","4":"has-post-thumbnail","6":"product_cat-road-safety-products","7":"product_cat-warning-lamp","8":"product_tag-solar-traffic-alarm-lamp","9":"product_tag-warning-lamp","10":"product_tag-warning-light","12":"first","13":"instock","14":"shipping-taxable","15":"product-type-simple"},"acf":[],"_links":{"self":[{"href":"https:\/\/toprisesafety.com\/es\/wp-json\/wp\/v2\/product\/12236"}],"collection":[{"href":"https:\/\/toprisesafety.com\/es\/wp-json\/wp\/v2\/product"}],"about":[{"href":"https:\/\/toprisesafety.com\/es\/wp-json\/wp\/v2\/types\/product"}],"wp:featuredmedia":[{"embeddable":true,"href":"https:\/\/toprisesafety.com\/es\/wp-json\/wp\/v2\/media\/12238"}],"wp:attachment":[{"href":"https:\/\/toprisesafety.com\/es\/wp-json\/wp\/v2\/media?parent=12236"}],"wp:term":[{"taxonomy":"product_brand","embeddable":true,"href":"https:\/\/toprisesafety.com\/es\/wp-json\/wp\/v2\/product_brand?post=12236"},{"taxonomy":"product_cat","embeddable":true,"href":"https:\/\/toprisesafety.com\/es\/wp-json\/wp\/v2\/product_cat?post=12236"},{"taxonomy":"product_tag","embeddable":true,"href":"https:\/\/toprisesafety.com\/es\/wp-json\/wp\/v2\/product_tag?post=12236"}],"curies":[{"name":"wp","href":"https:\/\/api.w.org\/{rel}","templated":true}]}}