{"id":12214,"date":"2025-05-08T08:17:15","date_gmt":"2025-05-08T08:17:15","guid":{"rendered":"https:\/\/toprisesafety.com\/?post_type=product&#038;p=12214"},"modified":"2025-05-08T08:17:15","modified_gmt":"2025-05-08T08:17:15","slug":"outdoor-snow-safety-fence","status":"publish","type":"product","link":"https:\/\/toprisesafety.com\/es\/producto\/outdoor-snow-safety-fence\/","title":{"rendered":"Valla de seguridad para nieve en exteriores"},"content":{"rendered":"<h2>Valla de seguridad para nieve en exteriores<\/h2>\n<ul>\n<li>Gran durabilidad: Las vallas de pl\u00e1stico LDPE presentan una gran resistencia y una larga vida \u00fatil.<\/li>\n<li>Anticorrosi\u00f3n: Se adapta a diversos entornos, es muy resistente a la corrosi\u00f3n y no se ve afectado f\u00e1cilmente por los productos qu\u00edmicos.<\/li>\n<li>No es propenso al envejecimiento: Aunque se exponga a la luz solar, no envejecer\u00e1 r\u00e1pidamente tras un uso prolongado.<\/li>\n<li>Buena flexibilidad: Se puede doblar sin romperse, lo que es conveniente para la instalaci\u00f3n.<\/li>\n<li>Ligero y port\u00e1til: De peso ligero, es conveniente para mover, instalar y almacenar.<\/li>\n<li>F\u00e1cil instalaci\u00f3n: No se requieren herramientas profesionales, por lo que es conveniente para el montaje y desmontaje r\u00e1pido.<\/li>\n<li>Amplia adaptabilidad: Adecuado para aislamiento y protecci\u00f3n temporal en obras, carreteras, exposiciones, etc.<\/li>\n<li>Gran resistencia a la intemperie: Puede adaptarse a los requisitos de uso en diferentes condiciones clim\u00e1ticas.<\/li>\n<li>Mejorar la seguridad: Evite eficazmente que el personal entre en zonas peligrosas y mejore la gesti\u00f3n de la seguridad.<\/li>\n<\/ul>\n<table>\n<tbody>\n<tr>\n<td width=\"284\">ART NO.<\/td>\n<td width=\"284\">SF45<\/td>\n<\/tr>\n<tr>\n<td width=\"284\">Material<\/td>\n<td width=\"284\">LDPE<\/td>\n<\/tr>\n<tr>\n<td width=\"284\">Color<\/td>\n<td width=\"284\">Naranja, rojo, verde, negro o personalizado.<\/td>\n<\/tr>\n<tr>\n<td width=\"284\">Tama\u00f1o del orificio<\/td>\n<td width=\"284\">130*30mm. Otros tama\u00f1os 45*45MM, 65*35MM ,100*40MM a elegir.<\/td>\n<\/tr>\n<tr>\n<td width=\"284\">Peso<\/td>\n<td width=\"284\">130 g o personalizado<\/td>\n<\/tr>\n<tr>\n<td width=\"284\">Anchura<\/td>\n<td width=\"284\">1 m o 1,2 m a elegir<\/td>\n<\/tr>\n<tr>\n<td width=\"284\">Longitud<\/td>\n<td width=\"284\">30 m o 50 m por rollo o personalizado<\/td>\n<\/tr>\n<tr>\n<td width=\"284\">Embalaje<\/td>\n<td width=\"284\">Cada rollo por bolsa de polietileno transparente<\/td>\n<\/tr>\n<tr>\n<td width=\"284\">Logotipo<\/td>\n<td width=\"284\">Papel de color, adhesivo o personalizado<\/td>\n<\/tr>\n<\/tbody>\n<\/table>","protected":false},"excerpt":{"rendered":"<p>Tama\u00f1o del orificio: 130*30 MM<\/p>\n<p>Anchura: 1M o 1,2 M<\/p>\n<p>Longitud: 30 M\/ROLLO o 50 M\/ROLLO.<\/p>\n<p>Talla: Personalizado<\/p>\n<p>Peso: 50G o personalizado<\/p>\n<p>Color: Naranja<\/p>\n<p>MOQ: 500ROLLOS<\/p>","protected":false},"featured_media":12216,"template":"","meta":{"_acf_changed":false},"product_brand":[],"product_cat":[325,334],"product_tag":[],"class_list":{"0":"post-12214","1":"product","2":"type-product","3":"status-publish","4":"has-post-thumbnail","6":"product_cat-road-safety-products","7":"product_cat-safety-fence","9":"first","10":"instock","11":"shipping-taxable","12":"product-type-simple"},"acf":[],"_links":{"self":[{"href":"https:\/\/toprisesafety.com\/es\/wp-json\/wp\/v2\/product\/12214"}],"collection":[{"href":"https:\/\/toprisesafety.com\/es\/wp-json\/wp\/v2\/product"}],"about":[{"href":"https:\/\/toprisesafety.com\/es\/wp-json\/wp\/v2\/types\/product"}],"wp:featuredmedia":[{"embeddable":true,"href":"https:\/\/toprisesafety.com\/es\/wp-json\/wp\/v2\/media\/12216"}],"wp:attachment":[{"href":"https:\/\/toprisesafety.com\/es\/wp-json\/wp\/v2\/media?parent=12214"}],"wp:term":[{"taxonomy":"product_brand","embeddable":true,"href":"https:\/\/toprisesafety.com\/es\/wp-json\/wp\/v2\/product_brand?post=12214"},{"taxonomy":"product_cat","embeddable":true,"href":"https:\/\/toprisesafety.com\/es\/wp-json\/wp\/v2\/product_cat?post=12214"},{"taxonomy":"product_tag","embeddable":true,"href":"https:\/\/toprisesafety.com\/es\/wp-json\/wp\/v2\/product_tag?post=12214"}],"curies":[{"name":"wp","href":"https:\/\/api.w.org\/{rel}","templated":true}]}}