{"id":12183,"date":"2025-05-07T08:24:22","date_gmt":"2025-05-07T08:24:22","guid":{"rendered":"https:\/\/toprisesafety.com\/?post_type=product&#038;p=12183"},"modified":"2025-05-07T08:24:22","modified_gmt":"2025-05-07T08:24:22","slug":"underground-warning-tape","status":"publish","type":"product","link":"https:\/\/toprisesafety.com\/es\/producto\/underground-warning-tape\/","title":{"rendered":"Cinta de advertencia subterr\u00e1nea"},"content":{"rendered":"<h2>Cinta de advertencia subterr\u00e1nea<\/h2>\n<p>The advantages of underground warning tape\u00a0are as follows:<\/p>\n<ul>\n<li>High visibility design: Bright colorsand clear warning information effectively remind construction workers to pay attention to underground cables and prevent accidents.<\/li>\n<li>Customization options: Support for LOGO and warning content customization to enhance brand promotion effectiveness.<\/li>\n<li>Strong durability: LDPE material is tear-resistant and weather-resistant, ensuring no damage even after long-term use.<\/li>\n<li>Professional Warning: Specifically designed for underground power line detection to reduce electrical safety risks during construction.<\/li>\n<li>Widely applicable: It is suitable for high-risk environments such as power companies, construction sites, and underground cable projects.<\/li>\n<\/ul>\n<p>TOPRISE lleva m\u00e1s de una d\u00e9cada dedicada a la industria de las cintas de advertencia, especializ\u00e1ndose en la producci\u00f3n de cintas de advertencia, cintas de aislamiento, cintas de advertencia subterr\u00e1neas de PE, cintas de advertencia detectables de papel de aluminio y otros productos. La serie de cintas de advertencia incluye cintas de advertencia subterr\u00e1neas para gas, cables \u00f3pticos, cables, oleoductos, calefacci\u00f3n, agua corriente, etc. Cintas de advertencia de aislamiento general, cintas de advertencia de seguridad, cintas de advertencia detectables subterr\u00e1neas de papel de aluminio, etc.<\/p>\n<table>\n<tbody>\n<tr>\n<td width=\"284\">ART NO.<\/td>\n<td width=\"284\">WT07<\/td>\n<\/tr>\n<tr>\n<td width=\"284\">Material<\/td>\n<td width=\"284\">LDPE<\/td>\n<\/tr>\n<tr>\n<td width=\"284\">Espesor<\/td>\n<td width=\"284\">30micron-200micron(0.03-0.20mm)or customized<\/td>\n<\/tr>\n<tr>\n<td width=\"284\">Anchura habitual<\/td>\n<td width=\"284\">50 mm, 75 mm, 100 mm, 150 mm, 300 mm o personalizado<\/td>\n<\/tr>\n<tr>\n<td width=\"284\">Longitud<\/td>\n<td width=\"284\">100-600M o personalizado<\/td>\n<\/tr>\n<tr>\n<td width=\"284\">Color<\/td>\n<td width=\"284\">personalizado<\/td>\n<\/tr>\n<tr>\n<td width=\"284\">Impresi\u00f3n de logotipos<\/td>\n<td width=\"284\">personalizado<\/td>\n<\/tr>\n<\/tbody>\n<\/table>","protected":false},"excerpt":{"rendered":"<p>Art No.: WT07<\/p>\n<p>Espesor: 30micron-200micron( 0.03mm-0.20mm) o personalizado<\/p>\n<p>Anchura habitual : 50mm, 75mm, 100mm, 150mm, 300mm o personalizada<\/p>\n<p>Longitud: 100-600M o personalizada<\/p>\n<p>MQ: 500-1000 ROLLOS<\/p>","protected":false},"featured_media":12184,"template":"","meta":{"_acf_changed":false},"product_brand":[],"product_cat":[325,336],"product_tag":[],"class_list":{"0":"post-12183","1":"product","2":"type-product","3":"status-publish","4":"has-post-thumbnail","6":"product_cat-road-safety-products","7":"product_cat-pe-warning-tape-detectable-underground-warning-tape","9":"first","10":"instock","11":"shipping-taxable","12":"product-type-simple"},"acf":[],"_links":{"self":[{"href":"https:\/\/toprisesafety.com\/es\/wp-json\/wp\/v2\/product\/12183"}],"collection":[{"href":"https:\/\/toprisesafety.com\/es\/wp-json\/wp\/v2\/product"}],"about":[{"href":"https:\/\/toprisesafety.com\/es\/wp-json\/wp\/v2\/types\/product"}],"wp:featuredmedia":[{"embeddable":true,"href":"https:\/\/toprisesafety.com\/es\/wp-json\/wp\/v2\/media\/12184"}],"wp:attachment":[{"href":"https:\/\/toprisesafety.com\/es\/wp-json\/wp\/v2\/media?parent=12183"}],"wp:term":[{"taxonomy":"product_brand","embeddable":true,"href":"https:\/\/toprisesafety.com\/es\/wp-json\/wp\/v2\/product_brand?post=12183"},{"taxonomy":"product_cat","embeddable":true,"href":"https:\/\/toprisesafety.com\/es\/wp-json\/wp\/v2\/product_cat?post=12183"},{"taxonomy":"product_tag","embeddable":true,"href":"https:\/\/toprisesafety.com\/es\/wp-json\/wp\/v2\/product_tag?post=12183"}],"curies":[{"name":"wp","href":"https:\/\/api.w.org\/{rel}","templated":true}]}}