{"id":12173,"date":"2025-05-07T08:02:59","date_gmt":"2025-05-07T08:02:59","guid":{"rendered":"https:\/\/toprisesafety.com\/?post_type=product&#038;p=12173"},"modified":"2025-05-07T08:02:59","modified_gmt":"2025-05-07T08:02:59","slug":"custom-underground-tape","status":"publish","type":"product","link":"https:\/\/toprisesafety.com\/es\/producto\/custom-underground-tape\/","title":{"rendered":"Cinta subterr\u00e1nea personalizada"},"content":{"rendered":"<h2>Cinta subterr\u00e1nea personalizada<\/h2>\n<p>The advantages of the OPP\/AL\/PE\u00a0custom underground tape\u00a0are as follows:<\/p>\n<ul>\n<li>Alta detectabilidad: Hecho de material compuesto OPP\/AL\/PE, tiene mayor capacidad de detecci\u00f3n subterr\u00e1nea y garantiza un posicionamiento preciso.<\/li>\n<li>Gran durabilidad: Tiene una gran resistencia a la intemperie y a la corrosi\u00f3n, por lo que es adecuado para su uso a largo plazo en entornos dif\u00edciles.<\/li>\n<li>Advertencia clara: Los colores brillantes y el texto tienen un efecto de advertencia importante.<\/li>\n<li>Opciones de personalizaci\u00f3n: Admite LOGO y personalizaci\u00f3n de tama\u00f1o para satisfacer necesidades personalizadas.<\/li>\n<li>Amplia aplicaci\u00f3n: Ampliamente utilizado en las \u00e1reas de construcci\u00f3n y mantenimiento de tuber\u00edas subterr\u00e1neas en energ\u00eda, conservaci\u00f3n de agua, comunicaci\u00f3n y otras industrias.<\/li>\n<\/ul>\n<p>&nbsp;<\/p>\n<p>TOPRISE lleva m\u00e1s de una d\u00e9cada dedicada a la industria de las cintas de advertencia, especializ\u00e1ndose en la producci\u00f3n de cintas de advertencia, cintas de aislamiento, cintas de advertencia subterr\u00e1neas de PE, cintas de advertencia detectables de papel de aluminio y otros productos. La serie de cintas de advertencia incluye cintas de advertencia subterr\u00e1neas para gas, cables \u00f3pticos, cables, oleoductos, calefacci\u00f3n, agua corriente, etc. Cintas de advertencia de aislamiento general, cintas de advertencia de seguridad, cintas de advertencia detectables subterr\u00e1neas de papel de aluminio, etc.<\/p>\n<table>\n<tbody>\n<tr>\n<td width=\"284\">ART NO.<\/td>\n<td width=\"284\">AWT06<\/td>\n<\/tr>\n<tr>\n<td width=\"284\">Material<\/td>\n<td width=\"284\">OPP\/AL\/PE<\/td>\n<\/tr>\n<tr>\n<td width=\"284\">Espesor<\/td>\n<td width=\"284\">100micron-300micron(0.10-0.30mm)or customized<\/td>\n<\/tr>\n<tr>\n<td width=\"284\">Anchura habitual<\/td>\n<td width=\"284\">50 mm, 75 mm, 100 mm, 150 mm, 300 mm o personalizado<\/td>\n<\/tr>\n<tr>\n<td width=\"284\">Longitud<\/td>\n<td width=\"284\">100-600M o personalizado<\/td>\n<\/tr>\n<tr>\n<td width=\"284\">Color<\/td>\n<td width=\"284\">personalizado<\/td>\n<\/tr>\n<tr>\n<td width=\"284\">Impresi\u00f3n de logotipos<\/td>\n<td width=\"284\">Lo normal es un color. A lo sumo 4 colores logotipo del cliente incluyendo nombre, tel,etc..<\/td>\n<\/tr>\n<\/tbody>\n<\/table>","protected":false},"excerpt":{"rendered":"<p>Art No.: AWT06<\/p>\n<p>Espesor: 100 micras-300 micras (0,10 mm-0,30 mm) o personalizado.<\/p>\n<p>Anchura habitual : 50mm, 75mm, 100mm, 150mm, 300mm o personalizada<\/p>\n<p>Longitud: 100-600M o personalizada<\/p>\n<p>MQ: 500-1000 ROLLOS<\/p>","protected":false},"featured_media":12174,"template":"","meta":{"_acf_changed":false},"product_brand":[],"product_cat":[325,336],"product_tag":[],"class_list":{"0":"post-12173","1":"product","2":"type-product","3":"status-publish","4":"has-post-thumbnail","6":"product_cat-road-safety-products","7":"product_cat-pe-warning-tape-detectable-underground-warning-tape","9":"first","10":"instock","11":"shipping-taxable","12":"product-type-simple"},"acf":[],"_links":{"self":[{"href":"https:\/\/toprisesafety.com\/es\/wp-json\/wp\/v2\/product\/12173"}],"collection":[{"href":"https:\/\/toprisesafety.com\/es\/wp-json\/wp\/v2\/product"}],"about":[{"href":"https:\/\/toprisesafety.com\/es\/wp-json\/wp\/v2\/types\/product"}],"wp:featuredmedia":[{"embeddable":true,"href":"https:\/\/toprisesafety.com\/es\/wp-json\/wp\/v2\/media\/12174"}],"wp:attachment":[{"href":"https:\/\/toprisesafety.com\/es\/wp-json\/wp\/v2\/media?parent=12173"}],"wp:term":[{"taxonomy":"product_brand","embeddable":true,"href":"https:\/\/toprisesafety.com\/es\/wp-json\/wp\/v2\/product_brand?post=12173"},{"taxonomy":"product_cat","embeddable":true,"href":"https:\/\/toprisesafety.com\/es\/wp-json\/wp\/v2\/product_cat?post=12173"},{"taxonomy":"product_tag","embeddable":true,"href":"https:\/\/toprisesafety.com\/es\/wp-json\/wp\/v2\/product_tag?post=12173"}],"curies":[{"name":"wp","href":"https:\/\/api.w.org\/{rel}","templated":true}]}}