{"id":12082,"date":"2025-04-30T06:07:29","date_gmt":"2025-04-30T06:07:29","guid":{"rendered":"https:\/\/toprisesafety.com\/?post_type=product&#038;p=12082"},"modified":"2025-05-06T07:18:47","modified_gmt":"2025-05-06T07:18:47","slug":"hard-hat-sun-shade-neck-cover-and-face-scarf-and-oversleeve-set","status":"publish","type":"product","link":"https:\/\/toprisesafety.com\/es\/producto\/hard-hat-sun-shade-neck-cover-and-face-scarf-and-oversleeve-set\/","title":{"rendered":"Casco protector solar Cubrecuello, pa\u00f1uelo y sobremanga"},"content":{"rendered":"<h2>Casco protector solar Cubrecuello, pa\u00f1uelo y sobremanga<\/h2>\n<ul>\n<li>Las cortinas parasol protegen del sol y el cuello para evitar quemaduras y escaldaduras.<\/li>\n<li>Las mangas de hielo son frescas y transpirables, lo que hace m\u00e1s c\u00f3modo el trabajo de larga duraci\u00f3n.<\/li>\n<li>El pa\u00f1uelo es resistente al polvo y al sol, y ofrece una protecci\u00f3n completa para la cara y el cuello.<\/li>\n<li>Las bandas reflectantes de alta luminosidad mejoran la seguridad en entornos nocturnos o con poca luz.<\/li>\n<li>Logotipos y envases personalizables para satisfacer las necesidades de promoci\u00f3n de marca de las empresas.<\/li>\n<\/ul>\n<table>\n<tbody>\n<tr>\n<td width=\"284\">ART NO.<\/td>\n<td width=\"284\">NS01<\/td>\n<\/tr>\n<tr>\n<td width=\"284\">Material textil<\/td>\n<td width=\"284\">1001TP3Malla de poli\u00e9ster fabic, 110g\/m\u00b2.<\/td>\n<\/tr>\n<tr>\n<td width=\"284\">Sombrilla cubrecuellos tama\u00f1o<\/td>\n<td width=\"284\">46CM di\u00e1metro del c\u00edrculo*24CM altura<\/td>\n<\/tr>\n<tr>\n<td width=\"284\">Tama\u00f1o del pa\u00f1uelo facial<\/td>\n<td width=\"284\">24 cm de ancho * 40 cm de alto<\/td>\n<\/tr>\n<tr>\n<td width=\"284\">Talla de mangas<\/td>\n<td width=\"284\">9CM ancho *45CM largo * 13CM ancho<\/td>\n<\/tr>\n<tr>\n<td width=\"284\">Cinta reflectante<\/td>\n<td width=\"284\">Cinta caliente de 1,5 cm.<\/td>\n<\/tr>\n<tr>\n<td width=\"284\">Color<\/td>\n<td width=\"284\">Amarillo fluorescente, azul, naranja-rojo, gris o personalizado.<\/td>\n<\/tr>\n<tr>\n<td width=\"284\">Logotipo<\/td>\n<td width=\"284\">Impresi\u00f3n del logotipo del cliente, bordado o etiqueta con el logotipo.<\/td>\n<\/tr>\n<tr>\n<td width=\"284\">MOQ<\/td>\n<td width=\"284\">1000 UNIDADES<\/td>\n<\/tr>\n<tr>\n<td width=\"284\">Embalaje<\/td>\n<td width=\"284\">1PC\/OPP, 50PC\/CTN, embalaje especial seg\u00fan el requisito de cliente<\/td>\n<\/tr>\n<\/tbody>\n<\/table>\n<p>TOPRISE admite varios estilos de personalizaci\u00f3n del chaleco de seguridad; haga clic para <a href=\"https:\/\/toprisesafety.com\/es\/categoria-producto\/road-safety-products\/warning-wear\/warning-vest-sun-shade\/\">ver m\u00e1s estilos de chalecos de seguridad.<\/a><\/p>\n<p>Si no encuentra los chalecos de seguridad necesarios,<a href=\"https:\/\/toprisesafety.com\/es\/contact-us\/\"> p\u00f3ngase en contacto con nosotros;<\/a> apoyamos la personalizaci\u00f3n especial.<\/p>","protected":false},"excerpt":{"rendered":"<p>N\u00ba Referencia: NS02<\/p>\n<p>Sombrilla Cubrecuello Material: Tejido de malla de poli\u00e9ster 100%,110g\/m\u00b2.<\/p>\n<p>Bufanda y sobremanga Material: fibra de leche<\/p>\n<p>Sun Shade Neck Cover Tama\u00f1o: 46CM di\u00e1metro del c\u00edrculo * 24CM altura<\/p>\n<p>Tama\u00f1o de la bufanda facial: 24CM ancho *40 CM alto<\/p>\n<p>Tama\u00f1o de las mangas: 9 cm de ancho *45 cm de largo *13 cm de ancho<\/p>\n<p>Cinta reflectante : tira t\u00e9rmica de 1,5 cm en caliente<\/p>\n<p>Color: amarillo fluorescente, azul, naranja-rojo, gris o personalizado.<\/p>\n<p>Impresi\u00f3n de logotipos: disponible<\/p>\n<p>MOQ: 1000PCS<\/p>","protected":false},"featured_media":12086,"template":"","meta":{"_acf_changed":false},"product_brand":[],"product_cat":[341,325],"product_tag":[],"class_list":{"0":"post-12082","1":"product","2":"type-product","3":"status-publish","4":"has-post-thumbnail","6":"product_cat-warning-vest-sun-shade","7":"product_cat-road-safety-products","9":"first","10":"instock","11":"shipping-taxable","12":"product-type-simple"},"acf":[],"_links":{"self":[{"href":"https:\/\/toprisesafety.com\/es\/wp-json\/wp\/v2\/product\/12082","targetHints":{"allow":["GET"]}}],"collection":[{"href":"https:\/\/toprisesafety.com\/es\/wp-json\/wp\/v2\/product"}],"about":[{"href":"https:\/\/toprisesafety.com\/es\/wp-json\/wp\/v2\/types\/product"}],"wp:featuredmedia":[{"embeddable":true,"href":"https:\/\/toprisesafety.com\/es\/wp-json\/wp\/v2\/media\/12086"}],"wp:attachment":[{"href":"https:\/\/toprisesafety.com\/es\/wp-json\/wp\/v2\/media?parent=12082"}],"wp:term":[{"taxonomy":"product_brand","embeddable":true,"href":"https:\/\/toprisesafety.com\/es\/wp-json\/wp\/v2\/product_brand?post=12082"},{"taxonomy":"product_cat","embeddable":true,"href":"https:\/\/toprisesafety.com\/es\/wp-json\/wp\/v2\/product_cat?post=12082"},{"taxonomy":"product_tag","embeddable":true,"href":"https:\/\/toprisesafety.com\/es\/wp-json\/wp\/v2\/product_tag?post=12082"}],"curies":[{"name":"wp","href":"https:\/\/api.w.org\/{rel}","templated":true}]}}