{"id":12077,"date":"2025-04-29T07:21:19","date_gmt":"2025-04-29T07:21:19","guid":{"rendered":"https:\/\/toprisesafety.com\/?post_type=product&#038;p=12077"},"modified":"2025-05-06T07:52:48","modified_gmt":"2025-05-06T07:52:48","slug":"hi-vis-jacket","status":"publish","type":"product","link":"https:\/\/toprisesafety.com\/es\/producto\/hi-vis-jacket\/","title":{"rendered":"Chaqueta Hi Vis"},"content":{"rendered":"<h2>Chaqueta Hi Vis<\/h2>\n<ul>\n<li>Tejido Oxford 300D: Fabricada con tejido Oxford resistente al desgaste e impermeable, garantiza una excelente protecci\u00f3n de la chaqueta en condiciones meteorol\u00f3gicas adversas y aumenta su durabilidad.<\/li>\n<li>Capa aislante de 160 g de hilo de seda: Contiene una capa de hilo de seda, que proporciona un rendimiento aislante adicional. Es adecuada para su uso en entornos fr\u00edos, manteniendo el confort y la calidez.<\/li>\n<li>Banda reflectante de alto brillo de 5CM: El dise\u00f1o de la banda reflectante de alta luminosidad proporciona una excelente visibilidad en entornos con poca luz y mejora la seguridad en el trabajo.<\/li>\n<li>Dise\u00f1o plegable del sombrero: El sombrero se puede plegar para un f\u00e1cil almacenamiento, lo que reduce la carga innecesaria y aumenta la flexibilidad de uso.<\/li>\n<li>Dise\u00f1o con bandas el\u00e1sticas en el dobladillo: El dobladillo se puede ajustar con bandas el\u00e1sticas para garantizar un mejor ajuste, evitar que entre el viento fr\u00edo y mejorar la retenci\u00f3n del calor.<\/li>\n<li>Personalizaci\u00f3n de logotipos: Admite logotipos personalizados para mejorar la personalidad y el reconocimiento de la marca.<\/li>\n<li>Embalaje personalizado: Ofrecemos servicios de envasado personalizados para satisfacer las necesidades de los clientes y mejorar el atractivo de nuestros productos en el mercado.<\/li>\n<\/ul>\n<table>\n<tbody>\n<tr>\n<td width=\"284\">ART NO.<\/td>\n<td width=\"284\">SJ04<\/td>\n<\/tr>\n<tr>\n<td width=\"284\">Material textil<\/td>\n<td width=\"284\">300D oxford con revestimiento de PU, interior de 160 gramos de algod\u00f3n mercerizado<\/td>\n<\/tr>\n<tr>\n<td width=\"284\">Cinta reflectante<\/td>\n<td width=\"284\">Cinta reflectante de alta visibilidad de 5CM<\/td>\n<\/tr>\n<tr>\n<td width=\"284\">Color<\/td>\n<td width=\"284\">Amarillo fluorescente\/naranja-rojo\/amarillo fluorescente+azul marino o personalizado<\/td>\n<\/tr>\n<tr>\n<td width=\"284\">Logotipo<\/td>\n<td width=\"284\">Impresi\u00f3n del logotipo del cliente, bordado o etiqueta con el logotipo.<\/td>\n<\/tr>\n<tr>\n<td width=\"284\">MOQ<\/td>\n<td width=\"284\">1000 UNIDADES<\/td>\n<\/tr>\n<tr>\n<td width=\"284\">Embalaje<\/td>\n<td width=\"284\">1PC\/OPP, 50PC\/CTN, embalaje especial seg\u00fan el requisito de cliente<\/td>\n<\/tr>\n<\/tbody>\n<\/table>\n<p>TOPRISE admite varios estilos de chaquetas de seguridad, camisetas reflectantes y personalizaci\u00f3n de sudaderas de seguridad; haga clic para <a href=\"https:\/\/toprisesafety.com\/es\/categoria-producto\/road-safety-products\/warning-wear\/warning-jacket-t-shirt-hoodie\/\">ver m\u00e1s estilos de ropa de trabajo de seguridad.<\/a><\/p>\n<p>Si no encuentra su ropa de trabajo de seguridad requerida de chalecos de seguridad, camisetas reflectantes, sudaderas de seguridad, etc., <a href=\"https:\/\/toprisesafety.com\/es\/contact-us\/\">p\u00f3ngase en contacto con nosotros;<\/a> apoyamos la personalizaci\u00f3n especial.<\/p>","protected":false},"excerpt":{"rendered":"<p>N\u00ba Referencia: SJ07<\/p>\n<p>Material: 300D oxford con revestimiento de PU, interior de 160 gramos de algod\u00f3n mercerizado<\/p>\n<p>Talla: S-XXXL o personalizada<\/p>\n<p>Cinta reflectante : cinta reflectante de alta visibilidad de 5CM<\/p>\n<p>Color: amarillo fluorescente\/rojo anaranjado\/amarillo fluorescente + azul marino o personalizado<\/p>\n<p>Impresi\u00f3n de logotipos: disponible<\/p>\n<p>MOQ: 1000PCS<\/p>","protected":false},"featured_media":12078,"template":"","meta":{"_acf_changed":false},"product_brand":[],"product_cat":[339,325],"product_tag":[],"class_list":{"0":"post-12077","1":"product","2":"type-product","3":"status-publish","4":"has-post-thumbnail","6":"product_cat-warning-jacket-t-shirt-hoodie","7":"product_cat-road-safety-products","9":"first","10":"instock","11":"shipping-taxable","12":"product-type-simple"},"acf":[],"_links":{"self":[{"href":"https:\/\/toprisesafety.com\/es\/wp-json\/wp\/v2\/product\/12077"}],"collection":[{"href":"https:\/\/toprisesafety.com\/es\/wp-json\/wp\/v2\/product"}],"about":[{"href":"https:\/\/toprisesafety.com\/es\/wp-json\/wp\/v2\/types\/product"}],"wp:featuredmedia":[{"embeddable":true,"href":"https:\/\/toprisesafety.com\/es\/wp-json\/wp\/v2\/media\/12078"}],"wp:attachment":[{"href":"https:\/\/toprisesafety.com\/es\/wp-json\/wp\/v2\/media?parent=12077"}],"wp:term":[{"taxonomy":"product_brand","embeddable":true,"href":"https:\/\/toprisesafety.com\/es\/wp-json\/wp\/v2\/product_brand?post=12077"},{"taxonomy":"product_cat","embeddable":true,"href":"https:\/\/toprisesafety.com\/es\/wp-json\/wp\/v2\/product_cat?post=12077"},{"taxonomy":"product_tag","embeddable":true,"href":"https:\/\/toprisesafety.com\/es\/wp-json\/wp\/v2\/product_tag?post=12077"}],"curies":[{"name":"wp","href":"https:\/\/api.w.org\/{rel}","templated":true}]}}