{"id":12058,"date":"2025-04-29T06:59:06","date_gmt":"2025-04-29T06:59:06","guid":{"rendered":"https:\/\/toprisesafety.com\/?post_type=product&#038;p=12058"},"modified":"2025-05-06T07:53:58","modified_gmt":"2025-05-06T07:53:58","slug":"reflective-safety-jacket","status":"publish","type":"product","link":"https:\/\/toprisesafety.com\/es\/producto\/reflective-safety-jacket\/","title":{"rendered":"Chaqueta reflectante de seguridad"},"content":{"rendered":"<h2>Chaqueta reflectante de seguridad<\/h2>\n<ul>\n<li>Tejido Oxford 300D con revestimiento de PU: Hecho de tela Oxford resistente al desgaste e impermeable, el revestimiento de PU mejora la resistencia al viento y la resistencia al agua, adapt\u00e1ndose a diversas condiciones clim\u00e1ticas adversas y manteniendo la sequedad y la comodidad.<\/li>\n<li>Forro de algod\u00f3n mercerizado de 160 g: Contiene algod\u00f3n mercerizado, es suave y c\u00f3modo, mejora la experiencia de uso mientras mantiene el calor, adecuado para entornos de baja temperatura.<\/li>\n<li>Tira reflectante de alto brillo de 5CM: El dise\u00f1o de la tira reflectante de alta luminosidad garantiza la visibilidad por la noche o en condiciones de poca luz, mejorando la seguridad.<\/li>\n<li>Dise\u00f1o de bloques de color: El dise\u00f1o de moda con bloques de color realza el efecto visual a la vez que proporciona una gran visibilidad y aumenta el reconocimiento.<\/li>\n<li>Personalizaci\u00f3n del logotipo: Admite la personalizaci\u00f3n del LOGO para mejorar el reconocimiento de la marca y satisfacer necesidades personalizadas.<\/li>\n<li>El gorro puede guardarse en el cuello alto, lo que resulta pr\u00e1ctico para guardarlo y mejora la comodidad, adapt\u00e1ndose a los distintos cambios meteorol\u00f3gicos.<\/li>\n<li>Dise\u00f1o de cintura el\u00e1stica: El dise\u00f1o el\u00e1stico de la cintura en el dobladillo garantiza un buen ajuste y comodidad, adapt\u00e1ndose a las diferentes formas del cuerpo y evitando que entre el viento fr\u00edo.<\/li>\n<\/ul>\n<table>\n<tbody>\n<tr>\n<td width=\"284\">ART NO.<\/td>\n<td width=\"284\">SJ04<\/td>\n<\/tr>\n<tr>\n<td width=\"284\">Material textil<\/td>\n<td width=\"284\">300D oxford con revestimiento de PU, interior de 160 gramos de algod\u00f3n mercerizado<\/td>\n<\/tr>\n<tr>\n<td width=\"284\">Cinta reflectante<\/td>\n<td width=\"284\">Cinta reflectante de alta visibilidad de 5CM<\/td>\n<\/tr>\n<tr>\n<td width=\"284\">Color<\/td>\n<td width=\"284\">Amarillo fluorescente\/naranja-rojo\/amarillo fluorescente+azul marino o personalizado<\/td>\n<\/tr>\n<tr>\n<td width=\"284\">Logotipo<\/td>\n<td width=\"284\">Impresi\u00f3n del logotipo del cliente, bordado o etiqueta con el logotipo.<\/td>\n<\/tr>\n<tr>\n<td width=\"284\">MOQ<\/td>\n<td width=\"284\">1000 UNIDADES<\/td>\n<\/tr>\n<tr>\n<td width=\"284\">Embalaje<\/td>\n<td width=\"284\">1PC\/OPP, 50PC\/CTN, embalaje especial seg\u00fan el requisito de cliente<\/td>\n<\/tr>\n<\/tbody>\n<\/table>\n<p>TOPRISE admite varios estilos de chaquetas de seguridad, camisetas reflectantes y personalizaci\u00f3n de sudaderas de seguridad; haga clic para <a href=\"https:\/\/toprisesafety.com\/es\/categoria-producto\/road-safety-products\/warning-wear\/warning-jacket-t-shirt-hoodie\/\">ver m\u00e1s estilos de ropa de trabajo de seguridad.<\/a><\/p>\n<p>Si no encuentra su ropa de trabajo de seguridad requerida de chalecos de seguridad, camisetas reflectantes, sudaderas de seguridad, etc., <a href=\"https:\/\/toprisesafety.com\/es\/contact-us\/\">p\u00f3ngase en contacto con nosotros;<\/a> apoyamos la personalizaci\u00f3n especial.<\/p>","protected":false},"excerpt":{"rendered":"<p>N\u00ba Referencia: SJ04<\/p>\n<p>Material: 300D oxford con revestimiento de PU, interior de 160 gramos de algod\u00f3n mercerizado<\/p>\n<p>Talla: S-XXXL o personalizada<\/p>\n<p>Cinta reflectante : cinta reflectante de alta visibilidad de 5CM<\/p>\n<p>Color: amarillo fluorescente\/rojo anaranjado\/amarillo fluorescente + azul marino o personalizado<\/p>\n<p>Impresi\u00f3n de logotipos: disponible<\/p>\n<p>MOQ: 1000PCS<\/p>","protected":false},"featured_media":12064,"template":"","meta":{"_acf_changed":false},"product_brand":[],"product_cat":[339,325],"product_tag":[],"class_list":{"0":"post-12058","1":"product","2":"type-product","3":"status-publish","4":"has-post-thumbnail","6":"product_cat-warning-jacket-t-shirt-hoodie","7":"product_cat-road-safety-products","9":"first","10":"instock","11":"shipping-taxable","12":"product-type-simple"},"acf":[],"_links":{"self":[{"href":"https:\/\/toprisesafety.com\/es\/wp-json\/wp\/v2\/product\/12058","targetHints":{"allow":["GET"]}}],"collection":[{"href":"https:\/\/toprisesafety.com\/es\/wp-json\/wp\/v2\/product"}],"about":[{"href":"https:\/\/toprisesafety.com\/es\/wp-json\/wp\/v2\/types\/product"}],"wp:featuredmedia":[{"embeddable":true,"href":"https:\/\/toprisesafety.com\/es\/wp-json\/wp\/v2\/media\/12064"}],"wp:attachment":[{"href":"https:\/\/toprisesafety.com\/es\/wp-json\/wp\/v2\/media?parent=12058"}],"wp:term":[{"taxonomy":"product_brand","embeddable":true,"href":"https:\/\/toprisesafety.com\/es\/wp-json\/wp\/v2\/product_brand?post=12058"},{"taxonomy":"product_cat","embeddable":true,"href":"https:\/\/toprisesafety.com\/es\/wp-json\/wp\/v2\/product_cat?post=12058"},{"taxonomy":"product_tag","embeddable":true,"href":"https:\/\/toprisesafety.com\/es\/wp-json\/wp\/v2\/product_tag?post=12058"}],"curies":[{"name":"wp","href":"https:\/\/api.w.org\/{rel}","templated":true}]}}