{"id":12043,"date":"2025-04-29T05:25:18","date_gmt":"2025-04-29T05:25:18","guid":{"rendered":"https:\/\/toprisesafety.com\/?post_type=product&#038;p=12043"},"modified":"2025-05-06T07:55:37","modified_gmt":"2025-05-06T07:55:37","slug":"high-visibility-work-t-shirt","status":"publish","type":"product","link":"https:\/\/toprisesafety.com\/es\/producto\/high-visibility-work-t-shirt\/","title":{"rendered":"Camiseta de trabajo de alta visibilidad"},"content":{"rendered":"<h2>Camiseta de trabajo de alta visibilidad<\/h2>\n<ul>\n<li>Dise\u00f1o de cuello redondo transpirable: C\u00f3modo dise\u00f1o de cuello redondo, hecho de tejido transpirable de ojo de p\u00e1jaro, adecuado para llevar a largo plazo y mantenerse fresco.<\/li>\n<li>Tiras reflectantes de alta visibilidad: Las bandas reflectantes ofrecen una excelente visibilidad y mejoran la seguridad por la noche o en entornos con poca luz.<\/li>\n<li>Ropa de advertencia para la construcci\u00f3n: Especialmente dise\u00f1ada para la construcci\u00f3n, cumple los requisitos de seguridad del sector.<\/li>\n<li>Combinaci\u00f3n de colores o dise\u00f1o en color s\u00f3lido: Ofrecemos opciones de combinaci\u00f3n de colores y dise\u00f1o de color s\u00f3lido para satisfacer las necesidades de diferentes clientes.<\/li>\n<li>Dise\u00f1o de bolsillo en el pecho: El c\u00f3modo dise\u00f1o del bolsillo facilita el almacenamiento de objetos peque\u00f1os y aumenta la practicidad.<\/li>\n<li>Personalizaci\u00f3n de logotipos: Admite logotipos personalizados para mejorar la personalidad y el reconocimiento de la marca.<\/li>\n<li>Embalaje personalizado: Ofrecemos servicios de envasado personalizados para satisfacer las demandas personalizadas de los clientes y mejorar la competitividad del mercado.<\/li>\n<\/ul>\n<table>\n<tbody>\n<tr>\n<td width=\"284\">ART NO.<\/td>\n<td width=\"284\">RT05<\/td>\n<\/tr>\n<tr>\n<td width=\"284\">Material textil<\/td>\n<td width=\"284\">100% poli\u00e9ster, 130 g\/m\u00b2.<\/td>\n<\/tr>\n<tr>\n<td width=\"284\">Cinta reflectante<\/td>\n<td width=\"284\">Cinta reflectante de alta visibilidad de 5CM<\/td>\n<\/tr>\n<tr>\n<td width=\"284\">Peso del material<\/td>\n<td width=\"284\">130 g\/m2<\/td>\n<\/tr>\n<tr>\n<td width=\"284\">Color<\/td>\n<td width=\"284\">Amarillo fluorescente+negro, naranja fluorescente+negro, color negro o personalizado<\/td>\n<\/tr>\n<tr>\n<td width=\"284\">Cuello<\/td>\n<td width=\"284\">Cuello redondo<\/td>\n<\/tr>\n<tr>\n<td width=\"284\">Logotipo<\/td>\n<td width=\"284\">Impresi\u00f3n del logotipo del cliente, bordado o etiqueta con el logotipo.<\/td>\n<\/tr>\n<tr>\n<td width=\"284\">MOQ<\/td>\n<td width=\"284\">1000 UNIDADES<\/td>\n<\/tr>\n<tr>\n<td width=\"284\">Embalaje<\/td>\n<td width=\"284\">1PC\/OPP, 50PC\/CTN, embalaje especial seg\u00fan el requisito de cliente<\/td>\n<\/tr>\n<\/tbody>\n<\/table>\n<p>TOPRISE admite varios estilos de chaquetas de seguridad, camisetas reflectantes y personalizaci\u00f3n de sudaderas de seguridad; haga clic para <a href=\"https:\/\/toprisesafety.com\/es\/categoria-producto\/road-safety-products\/warning-wear\/warning-jacket-t-shirt-hoodie\/\">ver m\u00e1s estilos de ropa de trabajo de seguridad.<\/a><\/p>\n<p>Si no encuentra su ropa de trabajo de seguridad requerida de chalecos de seguridad, camisetas reflectantes, sudaderas de seguridad, etc., <a href=\"https:\/\/toprisesafety.com\/es\/contact-us\/\">p\u00f3ngase en contacto con nosotros;<\/a> apoyamos la personalizaci\u00f3n especial.<\/p>","protected":false},"excerpt":{"rendered":"<p>N\u00ba Referencia: RT05<\/p>\n<p>Material: 100%polyester,130g\/sqm<\/p>\n<p>Talla: S-XXXL o personalizada<\/p>\n<p>Cinta reflectante : cinta reflectante de alta visibilidad de 5CM<\/p>\n<p>Color: amarillo fluorescente+negro\/naranja fluorescente + negro\/negro<\/p>\n<p>Impresi\u00f3n de logotipos: disponible<\/p>\n<p>MOQ: 1000PCS<\/p>","protected":false},"featured_media":12045,"template":"","meta":{"_acf_changed":false},"product_brand":[],"product_cat":[325,339,338],"product_tag":[],"class_list":{"0":"post-12043","1":"product","2":"type-product","3":"status-publish","4":"has-post-thumbnail","6":"product_cat-road-safety-products","7":"product_cat-warning-jacket-t-shirt-hoodie","8":"product_cat-warning-wear","10":"first","11":"instock","12":"shipping-taxable","13":"product-type-simple"},"acf":[],"_links":{"self":[{"href":"https:\/\/toprisesafety.com\/es\/wp-json\/wp\/v2\/product\/12043"}],"collection":[{"href":"https:\/\/toprisesafety.com\/es\/wp-json\/wp\/v2\/product"}],"about":[{"href":"https:\/\/toprisesafety.com\/es\/wp-json\/wp\/v2\/types\/product"}],"wp:featuredmedia":[{"embeddable":true,"href":"https:\/\/toprisesafety.com\/es\/wp-json\/wp\/v2\/media\/12045"}],"wp:attachment":[{"href":"https:\/\/toprisesafety.com\/es\/wp-json\/wp\/v2\/media?parent=12043"}],"wp:term":[{"taxonomy":"product_brand","embeddable":true,"href":"https:\/\/toprisesafety.com\/es\/wp-json\/wp\/v2\/product_brand?post=12043"},{"taxonomy":"product_cat","embeddable":true,"href":"https:\/\/toprisesafety.com\/es\/wp-json\/wp\/v2\/product_cat?post=12043"},{"taxonomy":"product_tag","embeddable":true,"href":"https:\/\/toprisesafety.com\/es\/wp-json\/wp\/v2\/product_tag?post=12043"}],"curies":[{"name":"wp","href":"https:\/\/api.w.org\/{rel}","templated":true}]}}