{"id":12005,"date":"2025-04-28T06:55:10","date_gmt":"2025-04-28T06:55:10","guid":{"rendered":"https:\/\/toprisesafety.com\/?post_type=product&#038;p=12005"},"modified":"2025-05-06T07:26:04","modified_gmt":"2025-05-06T07:26:04","slug":"safety-vest-with-pockets","status":"publish","type":"product","link":"https:\/\/toprisesafety.com\/es\/producto\/safety-vest-with-pockets\/","title":{"rendered":"Chaleco de seguridad con bolsillos"},"content":{"rendered":"<h2>Chaleco de seguridad con bolsillos<\/h2>\n<ul>\n<li>Bandas reflectantes de alta luminosidad: Proporcionan una excelente visibilidad y garantizan la seguridad por la noche o en condiciones de poca luz.<\/li>\n<li>Dise\u00f1o con bloques de color: De moda y bonito, realza los efectos visuales y mejora la imagen del personal.<\/li>\n<li>Tejido de malla: Transpirable y c\u00f3modo, adecuado para el uso a largo plazo, reduciendo la sensaci\u00f3n de congesti\u00f3n.<\/li>\n<li>Cremallera frontal: F\u00e1cil de poner y quitar, proporcionando mayor seguridad y comodidad.<\/li>\n<li>Bolsillo multifuncional: Equipado con un bolsillo tridimensional, un bolsillo para tarjetas de visita y un estuche para bol\u00edgrafos, resulta pr\u00e1ctico para guardar herramientas y objetos y mejorar la eficacia del trabajo.<\/li>\n<li>Personalizaci\u00f3n de logotipos: Admite logotipos personalizados para mejorar el reconocimiento de la marca.<\/li>\n<li>Envases personalizados: Ofrecemos envases personalizados para ayudar a mejorar la imagen de marca y aumentar la competitividad en el mercado.<\/li>\n<\/ul>\n<table>\n<tbody>\n<tr>\n<td width=\"284\">Art No.<\/td>\n<td width=\"284\">SV15<\/td>\n<\/tr>\n<tr>\n<td width=\"284\">Material textil<\/td>\n<td width=\"284\">100%Poli\u00e9ster, malla de 120 g\/m\u00b2, cintas reflectantes de alta visibilidad de 5 cm.<\/td>\n<\/tr>\n<tr>\n<td width=\"284\">Cinta reflectante<\/td>\n<td width=\"284\">gran visibilidad<\/td>\n<\/tr>\n<tr>\n<td width=\"284\">Cinta reflectante<\/td>\n<td width=\"284\">Cinta T\/C plateada, celos\u00eda de PVC, cinta 3M, etc.<\/td>\n<\/tr>\n<tr>\n<td width=\"284\">Peso del material<\/td>\n<td width=\"284\">120g\/m\u00b2, 50-140G\/SQM a elegir.<\/td>\n<\/tr>\n<tr>\n<td width=\"284\">Color<\/td>\n<td width=\"284\">Amarillo fluorescente+azul marino o personalizado<\/td>\n<\/tr>\n<tr>\n<td width=\"284\">Top mosca<\/td>\n<td width=\"284\">Cremallera, velcro a elegir.<\/td>\n<\/tr>\n<tr>\n<td width=\"284\">Bolsillo<\/td>\n<td width=\"284\">M\u00faltiples bolsillos tridimensionales<\/td>\n<\/tr>\n<tr>\n<td width=\"284\">Norma de calidad<\/td>\n<td width=\"284\">CE EN471,CLASE2<\/td>\n<\/tr>\n<tr>\n<td width=\"284\">Logotipo<\/td>\n<td width=\"284\">Impresi\u00f3n del logotipo del cliente o bordado o logotipo reflectante o etiqueta del logotipo est\u00e1 disponible<\/td>\n<\/tr>\n<tr>\n<td width=\"284\">MOQ<\/td>\n<td width=\"284\">1000PCS<\/td>\n<\/tr>\n<tr>\n<td width=\"284\">Embalaje<\/td>\n<td width=\"284\">1PC\/OPP, 100PC\/CTN, embalaje especial seg\u00fan el requisito de cliente<\/td>\n<\/tr>\n<\/tbody>\n<\/table>\n<p>TOPRISE admite varios estilos de personalizaci\u00f3n del chaleco de seguridad; haga clic para <a href=\"https:\/\/toprisesafety.com\/es\/categoria-producto\/road-safety-products\/warning-wear\/warning-vest-sun-shade\/\">ver m\u00e1s estilos de chalecos de seguridad.<\/a><\/p>\n<p>Si no encuentra los chalecos de seguridad necesarios,<a href=\"https:\/\/toprisesafety.com\/es\/contact-us\/\"> p\u00f3ngase en contacto con nosotros;<\/a> apoyamos la personalizaci\u00f3n especial.<\/p>","protected":false},"excerpt":{"rendered":"<p>N\u00ba Referencia: SV15<\/p>\n<p>Material: 100%polyester,120g\/sqm tejido de malla, 5cm cintas reflectantes de alta visibilidad.<\/p>\n<p>Talla: S-XXXL o personalizada<\/p>\n<p>Color: amarillo fluorescente+azul marino o personalizado<\/p>\n<p>Logotipo: soporte personalizado<\/p>\n<p>MOQ: 1000 PCS<\/p>","protected":false},"featured_media":12006,"template":"","meta":{"_acf_changed":false},"product_brand":[],"product_cat":[341,325],"product_tag":[],"class_list":{"0":"post-12005","1":"product","2":"type-product","3":"status-publish","4":"has-post-thumbnail","6":"product_cat-warning-vest-sun-shade","7":"product_cat-road-safety-products","9":"first","10":"instock","11":"shipping-taxable","12":"product-type-simple"},"acf":[],"_links":{"self":[{"href":"https:\/\/toprisesafety.com\/es\/wp-json\/wp\/v2\/product\/12005","targetHints":{"allow":["GET"]}}],"collection":[{"href":"https:\/\/toprisesafety.com\/es\/wp-json\/wp\/v2\/product"}],"about":[{"href":"https:\/\/toprisesafety.com\/es\/wp-json\/wp\/v2\/types\/product"}],"wp:featuredmedia":[{"embeddable":true,"href":"https:\/\/toprisesafety.com\/es\/wp-json\/wp\/v2\/media\/12006"}],"wp:attachment":[{"href":"https:\/\/toprisesafety.com\/es\/wp-json\/wp\/v2\/media?parent=12005"}],"wp:term":[{"taxonomy":"product_brand","embeddable":true,"href":"https:\/\/toprisesafety.com\/es\/wp-json\/wp\/v2\/product_brand?post=12005"},{"taxonomy":"product_cat","embeddable":true,"href":"https:\/\/toprisesafety.com\/es\/wp-json\/wp\/v2\/product_cat?post=12005"},{"taxonomy":"product_tag","embeddable":true,"href":"https:\/\/toprisesafety.com\/es\/wp-json\/wp\/v2\/product_tag?post=12005"}],"curies":[{"name":"wp","href":"https:\/\/api.w.org\/{rel}","templated":true}]}}