{"id":11989,"date":"2025-04-28T06:43:46","date_gmt":"2025-04-28T06:43:46","guid":{"rendered":"https:\/\/toprisesafety.com\/?post_type=product&#038;p=11989"},"modified":"2025-05-06T07:26:30","modified_gmt":"2025-05-06T07:26:30","slug":"adjustable-high-visibility-safety-vest","status":"publish","type":"product","link":"https:\/\/toprisesafety.com\/es\/producto\/adjustable-high-visibility-safety-vest\/","title":{"rendered":"Chaleco de seguridad ajustable de alta visibilidad"},"content":{"rendered":"<h2>Chaleco de seguridad ajustable de alta visibilidad<\/h2>\n<ul>\n<li>Pel\u00edcula reflectante de alta temperatura para estampaci\u00f3n en caliente: Garantiza un alto brillo y reflexi\u00f3n por la noche, mejorando la seguridad en entornos con poca luz.<\/li>\n<li>Tirantes ajustables: Las correas de los hombros son ajustables para adaptarse a diferentes formas corporales y proporcionar un ajuste c\u00f3modo y ce\u00f1ido.<\/li>\n<li>Cintur\u00f3n ajustable: El cintur\u00f3n es ajustable para satisfacer diferentes necesidades y aumentar la flexibilidad de uso.<\/li>\n<li>Amplia gama de aplicaciones: Adecuado para diversos escenarios, como correr, andar en bicicleta y trabajadores de saneamiento, con una fuerte versatilidad.<\/li>\n<li>Dise\u00f1o de hebilla: F\u00e1cil de poner y quitar, ahorra tiempo y mejora la eficiencia.<\/li>\n<li>Admite la impresi\u00f3n de LOGOTIPOS: Los logotipos personalizables est\u00e1n disponibles para mejorar la exposici\u00f3n de la marca y mejorar la personalizaci\u00f3n.<\/li>\n<\/ul>\n<table>\n<tbody>\n<tr>\n<td width=\"284\">Art No.<\/td>\n<td width=\"284\">SV13<\/td>\n<\/tr>\n<tr>\n<td width=\"284\">Material textil<\/td>\n<td width=\"284\">Cinta el\u00e1stica de 4-5CM,cinta reflectante de alta visibilidad de 1,5cm<\/td>\n<\/tr>\n<tr>\n<td width=\"284\">Cinta reflectante<\/td>\n<td width=\"284\">Cinta reflectante de alta visibilidad de 1,5 cm<\/td>\n<\/tr>\n<tr>\n<td width=\"284\">Cinta reflectante<\/td>\n<td width=\"284\">Cinta T\/C plateada<\/td>\n<\/tr>\n<tr>\n<td width=\"284\">Color<\/td>\n<td width=\"284\">Amarillo\/verde\/naranja\/rojo\/p\u00farpura\/azul marino\/azul claro\/rojo fluorescente<\/td>\n<\/tr>\n<tr>\n<td width=\"284\">Norma de calidad<\/td>\n<td width=\"284\">CE EN471,CLASE2<\/td>\n<\/tr>\n<tr>\n<td width=\"284\">Logotipo<\/td>\n<td width=\"284\">Logotipo del cliente disponible<\/td>\n<\/tr>\n<tr>\n<td width=\"284\">MOQ<\/td>\n<td width=\"284\">1000PCS<\/td>\n<\/tr>\n<tr>\n<td width=\"284\">Embalaje<\/td>\n<td width=\"284\">1PC\/OPP, 100PC\/CTN, embalaje especial seg\u00fan el requisito de cliente<\/td>\n<\/tr>\n<\/tbody>\n<\/table>\n<p>TOPRISE admite varios estilos de personalizaci\u00f3n del chaleco de seguridad; haga clic para <a href=\"https:\/\/toprisesafety.com\/es\/categoria-producto\/road-safety-products\/warning-wear\/warning-vest-sun-shade\/\">ver m\u00e1s estilos de chalecos de seguridad.<\/a><\/p>\n<p>Si no encuentra los chalecos de seguridad necesarios,<a href=\"https:\/\/toprisesafety.com\/es\/contact-us\/\"> p\u00f3ngase en contacto con nosotros;<\/a> apoyamos la personalizaci\u00f3n especial.<\/p>","protected":false},"excerpt":{"rendered":"<p>N\u00ba Referencia: SV13<\/p>\n<p>Material: Cinta el\u00e1stica de 4-5CM,cinta reflectante de alta visibilidad de 1,5cm<\/p>\n<p>Talla: talla libre, ajustable<\/p>\n<p>Color: amarillo\/verde\/naranja\/rojo\/morado\/azul marino\/azul claro\/rojo fluorescente<\/p>\n<p>Logotipo: soporte personalizado<\/p>\n<p>MOQ: 1000 PCS<\/p>","protected":false},"featured_media":11998,"template":"","meta":{"_acf_changed":false},"product_brand":[],"product_cat":[325,341],"product_tag":[],"class_list":{"0":"post-11989","1":"product","2":"type-product","3":"status-publish","4":"has-post-thumbnail","6":"product_cat-road-safety-products","7":"product_cat-warning-vest-sun-shade","9":"first","10":"instock","11":"shipping-taxable","12":"product-type-simple"},"acf":[],"_links":{"self":[{"href":"https:\/\/toprisesafety.com\/es\/wp-json\/wp\/v2\/product\/11989","targetHints":{"allow":["GET"]}}],"collection":[{"href":"https:\/\/toprisesafety.com\/es\/wp-json\/wp\/v2\/product"}],"about":[{"href":"https:\/\/toprisesafety.com\/es\/wp-json\/wp\/v2\/types\/product"}],"wp:featuredmedia":[{"embeddable":true,"href":"https:\/\/toprisesafety.com\/es\/wp-json\/wp\/v2\/media\/11998"}],"wp:attachment":[{"href":"https:\/\/toprisesafety.com\/es\/wp-json\/wp\/v2\/media?parent=11989"}],"wp:term":[{"taxonomy":"product_brand","embeddable":true,"href":"https:\/\/toprisesafety.com\/es\/wp-json\/wp\/v2\/product_brand?post=11989"},{"taxonomy":"product_cat","embeddable":true,"href":"https:\/\/toprisesafety.com\/es\/wp-json\/wp\/v2\/product_cat?post=11989"},{"taxonomy":"product_tag","embeddable":true,"href":"https:\/\/toprisesafety.com\/es\/wp-json\/wp\/v2\/product_tag?post=11989"}],"curies":[{"name":"wp","href":"https:\/\/api.w.org\/{rel}","templated":true}]}}