{"id":11987,"date":"2025-04-28T06:36:55","date_gmt":"2025-04-28T06:36:55","guid":{"rendered":"https:\/\/toprisesafety.com\/?post_type=product&#038;p=11987"},"modified":"2025-05-06T07:26:44","modified_gmt":"2025-05-06T07:26:44","slug":"police-reflective-safety-vest","status":"publish","type":"product","link":"https:\/\/toprisesafety.com\/es\/producto\/police-reflective-safety-vest\/","title":{"rendered":"Chaleco reflectante de seguridad policial"},"content":{"rendered":"<h2>Chaleco reflectante de seguridad policial<\/h2>\n<ul>\n<li>Bolsillos multifuncionales: Equipado con varios bolsillos, es conveniente almacenar herramientas, certificados y otros art\u00edculos, mejorando la eficiencia del trabajo.<\/li>\n<li>Bolsillo para walkie-talkie: Especialmente dise\u00f1ado para guardar walkie-talkies, es conveniente para la comunicaci\u00f3n en cualquier momento y asegura la coordinaci\u00f3n del trabajo.<\/li>\n<li>Bolsillo grande tridimensional: Proporciona m\u00e1s espacio de almacenamiento, adecuado para llevar objetos grandes, y aumenta la practicidad.<\/li>\n<li>Bolsillo para carn\u00e9 de identidad: Un bolsillo especialmente dise\u00f1ado para el DNI que facilita la verificaci\u00f3n de la identidad.<\/li>\n<li>Bandas reflectantes de alta luminosidad: Mejoran la visibilidad nocturna y proporcionan protecci\u00f3n de seguridad en cualquier condici\u00f3n meteorol\u00f3gica.<\/li>\n<li>Chaleco reflectante con bloques de color: El dise\u00f1o \u00fanico de bloqueo de color realza el efecto visual y mejora la imagen de los agentes de polic\u00eda.<\/li>\n<li>Logotipo y embalaje personalizados: Ayuda a los clientes a especificar logotipos y embalajes para satisfacer necesidades personalizadas.<\/li>\n<\/ul>\n<table>\n<tbody>\n<tr>\n<td width=\"284\">Art No.<\/td>\n<td width=\"284\">SV12<\/td>\n<\/tr>\n<tr>\n<td width=\"284\">Material textil<\/td>\n<td width=\"284\">100%ejido de punto de poli\u00e9ster fluorescente o tejido de malla a elegir.<\/td>\n<\/tr>\n<tr>\n<td width=\"284\">Cinta reflectante<\/td>\n<td width=\"284\">Visibilidad normal, alta visibilidad<\/td>\n<\/tr>\n<tr>\n<td width=\"284\">Cinta reflectante<\/td>\n<td width=\"284\">Cinta T\/C plateada, celos\u00eda de PVC, cinta 3M, etc.<\/td>\n<\/tr>\n<tr>\n<td width=\"284\">Peso del material<\/td>\n<td width=\"284\">120g\/m\u00b2, 50-140G\/SQM a elegir.<\/td>\n<\/tr>\n<tr>\n<td width=\"284\">Color<\/td>\n<td width=\"284\">Amarillo fluorescente, verde fluorescente, naranja-rojo<\/td>\n<\/tr>\n<tr>\n<td width=\"284\">Top mosca<\/td>\n<td width=\"284\">Cremallera, velcro a elegir.<\/td>\n<\/tr>\n<tr>\n<td width=\"284\">Bolsillo<\/td>\n<td width=\"284\">M\u00faltiples bolsillos tridimensionales<\/td>\n<\/tr>\n<tr>\n<td width=\"284\">Norma de calidad<\/td>\n<td width=\"284\">CE EN471,CLASE2<\/td>\n<\/tr>\n<tr>\n<td width=\"284\">Logotipo<\/td>\n<td width=\"284\">Impresi\u00f3n del logotipo del cliente o bordado o logotipo reflectante o etiqueta del logotipo est\u00e1 disponible<\/td>\n<\/tr>\n<tr>\n<td width=\"284\">MOQ<\/td>\n<td width=\"284\">1000PCS<\/td>\n<\/tr>\n<tr>\n<td width=\"284\">Embalaje<\/td>\n<td width=\"284\">1PC\/OPP, 100PC\/CTN, embalaje especial seg\u00fan el requisito de cliente<\/td>\n<\/tr>\n<\/tbody>\n<\/table>\n<p>TOPRISE admite varios estilos de personalizaci\u00f3n del chaleco de seguridad; haga clic para <a href=\"https:\/\/toprisesafety.com\/es\/categoria-producto\/road-safety-products\/warning-wear\/warning-vest-sun-shade\/\">ver m\u00e1s estilos de chalecos de seguridad.<\/a><\/p>\n<p>Si no encuentra los chalecos de seguridad necesarios,<a href=\"https:\/\/toprisesafety.com\/es\/contact-us\/\"> p\u00f3ngase en contacto con nosotros;<\/a> apoyamos la personalizaci\u00f3n especial.<\/p>","protected":false},"excerpt":{"rendered":"<p>N\u00ba Referencia: SV12<\/p>\n<p>Material: 100%polyester,120g\/sqm o personalizado.<\/p>\n<p>Talla: S-XXXL o personalizada<\/p>\n<p>Color: amarillo\/verde\/naranja-rojo fluorescente<\/p>\n<p>Logotipo: soporte personalizado<\/p>\n<p>MOQ: 1000 PCS<\/p>","protected":false},"featured_media":11988,"template":"","meta":{"_acf_changed":false},"product_brand":[],"product_cat":[325,341],"product_tag":[],"class_list":{"0":"post-11987","1":"product","2":"type-product","3":"status-publish","4":"has-post-thumbnail","6":"product_cat-road-safety-products","7":"product_cat-warning-vest-sun-shade","9":"first","10":"instock","11":"shipping-taxable","12":"product-type-simple"},"acf":[],"_links":{"self":[{"href":"https:\/\/toprisesafety.com\/es\/wp-json\/wp\/v2\/product\/11987"}],"collection":[{"href":"https:\/\/toprisesafety.com\/es\/wp-json\/wp\/v2\/product"}],"about":[{"href":"https:\/\/toprisesafety.com\/es\/wp-json\/wp\/v2\/types\/product"}],"wp:featuredmedia":[{"embeddable":true,"href":"https:\/\/toprisesafety.com\/es\/wp-json\/wp\/v2\/media\/11988"}],"wp:attachment":[{"href":"https:\/\/toprisesafety.com\/es\/wp-json\/wp\/v2\/media?parent=11987"}],"wp:term":[{"taxonomy":"product_brand","embeddable":true,"href":"https:\/\/toprisesafety.com\/es\/wp-json\/wp\/v2\/product_brand?post=11987"},{"taxonomy":"product_cat","embeddable":true,"href":"https:\/\/toprisesafety.com\/es\/wp-json\/wp\/v2\/product_cat?post=11987"},{"taxonomy":"product_tag","embeddable":true,"href":"https:\/\/toprisesafety.com\/es\/wp-json\/wp\/v2\/product_tag?post=11987"}],"curies":[{"name":"wp","href":"https:\/\/api.w.org\/{rel}","templated":true}]}}