{"id":11946,"date":"2025-04-17T08:05:37","date_gmt":"2025-04-17T08:05:37","guid":{"rendered":"https:\/\/toprisesafety.com\/?post_type=product&#038;p=11946"},"modified":"2025-05-06T08:12:45","modified_gmt":"2025-05-06T08:12:45","slug":"chemical-respirator-mask","status":"publish","type":"product","link":"https:\/\/toprisesafety.com\/es\/producto\/chemical-respirator-mask\/","title":{"rendered":"M\u00e1scara respiratoria qu\u00edmica"},"content":{"rendered":"<h2>M\u00e1scara respiratoria qu\u00edmica<\/h2>\n<ul>\n<li>Caja filtrante de carb\u00f3n activado: Absorbe eficazmente los gases org\u00e1nicos de baja concentraci\u00f3n y protege las v\u00edas respiratorias de los gases nocivos.<\/li>\n<li>Amplia aplicaci\u00f3n: Es adecuado para operaciones como pintura por pulverizaci\u00f3n, soldadura el\u00e9ctrica y aplicaci\u00f3n de pesticidas, garantizando un funcionamiento seguro en entornos con gases nocivos.<\/li>\n<li>Resistencia a altas temperaturas: Especialmente adecuado para gases org\u00e1nicos de baja concentraci\u00f3n con un punto de ebullici\u00f3n superior a 65 grados, protegiendo eficazmente contra entornos de altas temperaturas.<\/li>\n<li>C\u00f3modo de llevar: El dise\u00f1o es ergon\u00f3mico, proporcionando una experiencia de uso c\u00f3moda y adecuada para el uso a largo plazo.<\/li>\n<\/ul>\n<table>\n<tbody>\n<tr>\n<td width=\"284\">ART NO.<\/td>\n<td width=\"284\">DM08<\/td>\n<\/tr>\n<tr>\n<td width=\"284\">Estilo<\/td>\n<td width=\"284\">Cartucho doble<\/td>\n<\/tr>\n<tr>\n<td width=\"284\">Material<\/td>\n<td width=\"284\">Marco de silicona suave<\/td>\n<\/tr>\n<tr>\n<td width=\"284\">Cartucho<\/td>\n<td width=\"284\">Carb\u00f3n activo,se utiliza para gases org\u00e1nicos de baja concentraci\u00f3n con un punto de ebullici\u00f3n superior a 65 grados<\/td>\n<\/tr>\n<tr>\n<td width=\"284\">Cartucho reemplazable<\/td>\n<td width=\"284\">S\u00ed<\/td>\n<\/tr>\n<tr>\n<td width=\"284\">Embalaje<\/td>\n<td width=\"284\">Caja de color o personalizada<\/td>\n<\/tr>\n<tr>\n<td width=\"284\">Cada juego incluye los siguientes elementos<\/td>\n<td width=\"284\">Un cuerpo de mascarilla, dos almohadillas filtrantes, dos cajas filtrantes, dos tapas de caja filtrante<\/td>\n<\/tr>\n<tr>\n<td width=\"284\">\u00c1mbitos de aplicaci\u00f3n<\/td>\n<td width=\"284\">pintura, soldadura y pulverizaci\u00f3n de plaguicidas<\/td>\n<\/tr>\n<\/tbody>\n<\/table>\n<p>&nbsp;<\/p>","protected":false},"excerpt":{"rendered":"<p>Art No. : DM08<\/p>\n<p>Material: PVC shell body<\/p>\n<p>Cartucho: Cartucho qu\u00edmico que incluye<\/p>\n<p>MOQ: 1000PCS<\/p>","protected":false},"featured_media":11947,"template":"","meta":{"_acf_changed":false},"product_brand":[],"product_cat":[351,352],"product_tag":[],"class_list":{"0":"post-11946","1":"product","2":"type-product","3":"status-publish","4":"has-post-thumbnail","6":"product_cat-respiratory-protection","7":"product_cat-dust-mask-chemical-mask","9":"first","10":"instock","11":"shipping-taxable","12":"product-type-simple"},"acf":[],"_links":{"self":[{"href":"https:\/\/toprisesafety.com\/es\/wp-json\/wp\/v2\/product\/11946"}],"collection":[{"href":"https:\/\/toprisesafety.com\/es\/wp-json\/wp\/v2\/product"}],"about":[{"href":"https:\/\/toprisesafety.com\/es\/wp-json\/wp\/v2\/types\/product"}],"wp:featuredmedia":[{"embeddable":true,"href":"https:\/\/toprisesafety.com\/es\/wp-json\/wp\/v2\/media\/11947"}],"wp:attachment":[{"href":"https:\/\/toprisesafety.com\/es\/wp-json\/wp\/v2\/media?parent=11946"}],"wp:term":[{"taxonomy":"product_brand","embeddable":true,"href":"https:\/\/toprisesafety.com\/es\/wp-json\/wp\/v2\/product_brand?post=11946"},{"taxonomy":"product_cat","embeddable":true,"href":"https:\/\/toprisesafety.com\/es\/wp-json\/wp\/v2\/product_cat?post=11946"},{"taxonomy":"product_tag","embeddable":true,"href":"https:\/\/toprisesafety.com\/es\/wp-json\/wp\/v2\/product_tag?post=11946"}],"curies":[{"name":"wp","href":"https:\/\/api.w.org\/{rel}","templated":true}]}}