{"id":11944,"date":"2025-04-17T08:02:41","date_gmt":"2025-04-17T08:02:41","guid":{"rendered":"https:\/\/toprisesafety.com\/?post_type=product&#038;p=11944"},"modified":"2025-05-06T08:13:05","modified_gmt":"2025-05-06T08:13:05","slug":"chemical-gas-mask-2","status":"publish","type":"product","link":"https:\/\/toprisesafety.com\/es\/producto\/chemical-gas-mask-2\/","title":{"rendered":"M\u00e1scara qu\u00edmica antig\u00e1s"},"content":{"rendered":"<h2>M\u00e1scara qu\u00edmica antig\u00e1s<\/h2>\n<p>Actualmente disponemos del paquete ingl\u00e9s del cartucho qu\u00edmico n.\u00ba 3 y de un cartucho integral, que tienen las funciones de los n.\u00ba 1\/3\/4\/7.<\/p>\n<table>\n<tbody>\n<tr>\n<td width=\"284\">ART NO.<\/td>\n<td width=\"365\">7502<\/td>\n<\/tr>\n<tr>\n<td width=\"284\">Estilo<\/td>\n<td width=\"365\">Cartucho doble<\/td>\n<\/tr>\n<tr>\n<td width=\"284\">Material<\/td>\n<td width=\"365\">Marco de silicona suave<\/td>\n<\/tr>\n<tr>\n<td width=\"284\">Cartucho<\/td>\n<td width=\"365\">Diferentes funciones de cartucho para elegir.<\/td>\n<\/tr>\n<tr>\n<td width=\"284\">Cartucho reemplazable<\/td>\n<td width=\"365\">S\u00ed<\/td>\n<\/tr>\n<tr>\n<td width=\"284\">Embalaje<\/td>\n<td width=\"365\">Caja de color o personalizada<\/td>\n<\/tr>\n<tr>\n<td width=\"284\">Cada juego incluye los siguientes elementos<\/td>\n<td width=\"365\">Un cuerpo de mascarilla, dos almohadillas filtrantes, dos cajas filtrantes, dos tapas de caja filtrante<\/td>\n<\/tr>\n<tr>\n<td width=\"284\">\u00c1mbitos de aplicaci\u00f3n<\/td>\n<td width=\"365\">Tiene una amplia gama de usos, como pintura en aerosol, ingenier\u00eda qu\u00edmica, laboratorios, graffiti, etc.<\/td>\n<\/tr>\n<\/tbody>\n<\/table>\n<p>&nbsp;<\/p>\n<table>\n<tbody>\n<tr>\n<td width=\"137\"><strong><b>Cartucho qu\u00edmico diferenciado a elegir<\/b><\/strong><\/td>\n<td width=\"514\"><strong><b>Funciones<\/b><\/strong><\/td>\n<\/tr>\n<tr>\n<td width=\"137\">N\u00ba 1<\/td>\n<td width=\"514\">Gases o vapores inorg\u00e1nicos: \u00e1cido cianh\u00eddrico, cloruro de cianuro, cloro gaseoso, etc.<\/td>\n<\/tr>\n<tr>\n<td width=\"137\">N\u00ba 3<\/td>\n<td width=\"514\">Gases y vapores org\u00e1nicos: benceno y sus hom\u00f3logos, cloro, alcoholes, anilinas, disulfuro de carbono, acetona, tetracloruro de carbono, triclorometano, bromotano, clorometano, nitroalcano, diclorometano, cloroetano, cicloetano, feniletano, tricloroetano, fenol, etc.<\/td>\n<\/tr>\n<tr>\n<td width=\"137\">N\u00ba 4<\/td>\n<td width=\"514\">Amon\u00edaco y sus derivados org\u00e1nicos, sulfuro de hidr\u00f3geno<\/td>\n<\/tr>\n<tr>\n<td width=\"137\">N\u00ba 7<\/td>\n<td width=\"514\">Di\u00f3xido de azufre y gases y vapores \u00e1cidos<\/td>\n<\/tr>\n<tr>\n<td width=\"137\">N\u00ba 8<\/td>\n<td width=\"514\">hidr\u00f3geno sulfurado<\/td>\n<\/tr>\n<\/tbody>\n<\/table>\n<p>&nbsp;<\/p>","protected":false},"excerpt":{"rendered":"<p>Art No. : 7502<\/p>\n<p>Material: marco de silicona blanda<\/p>\n<p>Cartucho: Cartucho qu\u00edmico que incluye<\/p>\n<p>MOQ: 500PCS<\/p>","protected":false},"featured_media":11945,"template":"","meta":{"_acf_changed":false},"product_brand":[],"product_cat":[351,352],"product_tag":[],"class_list":{"0":"post-11944","1":"product","2":"type-product","3":"status-publish","4":"has-post-thumbnail","6":"product_cat-respiratory-protection","7":"product_cat-dust-mask-chemical-mask","9":"first","10":"instock","11":"shipping-taxable","12":"product-type-simple"},"acf":[],"_links":{"self":[{"href":"https:\/\/toprisesafety.com\/es\/wp-json\/wp\/v2\/product\/11944"}],"collection":[{"href":"https:\/\/toprisesafety.com\/es\/wp-json\/wp\/v2\/product"}],"about":[{"href":"https:\/\/toprisesafety.com\/es\/wp-json\/wp\/v2\/types\/product"}],"wp:featuredmedia":[{"embeddable":true,"href":"https:\/\/toprisesafety.com\/es\/wp-json\/wp\/v2\/media\/11945"}],"wp:attachment":[{"href":"https:\/\/toprisesafety.com\/es\/wp-json\/wp\/v2\/media?parent=11944"}],"wp:term":[{"taxonomy":"product_brand","embeddable":true,"href":"https:\/\/toprisesafety.com\/es\/wp-json\/wp\/v2\/product_brand?post=11944"},{"taxonomy":"product_cat","embeddable":true,"href":"https:\/\/toprisesafety.com\/es\/wp-json\/wp\/v2\/product_cat?post=11944"},{"taxonomy":"product_tag","embeddable":true,"href":"https:\/\/toprisesafety.com\/es\/wp-json\/wp\/v2\/product_tag?post=11944"}],"curies":[{"name":"wp","href":"https:\/\/api.w.org\/{rel}","templated":true}]}}