{"id":11938,"date":"2025-04-17T07:57:13","date_gmt":"2025-04-17T07:57:13","guid":{"rendered":"https:\/\/toprisesafety.com\/?post_type=product&#038;p=11938"},"modified":"2025-05-06T07:27:49","modified_gmt":"2025-05-06T07:27:49","slug":"full-face-mask","status":"publish","type":"product","link":"https:\/\/toprisesafety.com\/es\/producto\/full-face-mask\/","title":{"rendered":"Mascarilla facial"},"content":{"rendered":"<h2>Mascarilla facial<\/h2>\n<p>Actualmente disponemos del paquete ingl\u00e9s del cartucho qu\u00edmico n.\u00ba 3 y de un cartucho integral, que tienen las funciones de los n.\u00ba 1\/3\/4\/7.<\/p>\n<p>&nbsp;<\/p>\n<ul>\n<li>Protecci\u00f3n integral: Con un dise\u00f1o integral, ofrece una mayor \u00e1rea de protecci\u00f3n facial, garantizando que los ojos, la nariz y la boca est\u00e9n protegidos de gases nocivos, polvo y productos qu\u00edmicos.<\/li>\n<li>Comodidad: La m\u00e1scara est\u00e1 hecha de material TPE, que es suave y tiene un excelente rendimiento de sellado, por lo que es m\u00e1s c\u00f3modo de llevar y menos probable que cause molestias despu\u00e9s de su uso a largo plazo.<\/li>\n<li>Gran durabilidad: El marco est\u00e1 hecho de material resistente y duradero.<\/li>\n<li>LOGOTIPO y embalaje personalizados: admiten logotipo y embalaje personalizados.<\/li>\n<li>Aplicaci\u00f3n multifuncional: Ampliamente utilizado en entornos de trabajo como ingenier\u00eda qu\u00edmica, pintura, rectificado y laboratorios, puede adaptarse a diversas demandas industriales complejas.<\/li>\n<li>Sistema de doble elemento filtrante: La m\u00e1scara est\u00e1 equipada con elementos filtrantes de policarbonato PC en ambos lados, que pueden filtrar eficazmente las sustancias nocivas y garantizar la seguridad respiratoria.<\/li>\n<\/ul>\n<table>\n<tbody>\n<tr>\n<td width=\"284\">ART NO.<\/td>\n<td width=\"365\">6800<\/td>\n<\/tr>\n<tr>\n<td width=\"284\">Estilo<\/td>\n<td width=\"365\">Cartucho doble<\/td>\n<\/tr>\n<tr>\n<td width=\"284\">Material<\/td>\n<td width=\"365\">Armaz\u00f3n: ABS, m\u00e1scara nasal y bucal: TPE, pantalla facial: PC<\/td>\n<\/tr>\n<tr>\n<td width=\"284\">Funci\u00f3n<\/td>\n<td width=\"365\">Gases y vapores org\u00e1nicos, benceno y sus hom\u00f3logos, cloro, alcoholes, anilinas, disulfuro de carbono, acetona, tetracloruro de carbono, triclorometano, clorometano, bromuro de metilo, etc.<\/p>\n<p>&nbsp;<\/td>\n<\/tr>\n<tr>\n<td width=\"284\">Cartucho reemplazable<\/td>\n<td width=\"365\">S\u00ed<\/td>\n<\/tr>\n<tr>\n<td width=\"284\">Embalaje<\/td>\n<td width=\"365\">Caja de color o personalizada<\/td>\n<\/tr>\n<tr>\n<td width=\"284\">Cada juego incluye los siguientes elementos<\/td>\n<td width=\"365\">Un cuerpo de mascarilla, dos almohadillas filtrantes, dos cajas filtrantes, dos tapas de caja filtrante<\/td>\n<\/tr>\n<tr>\n<td width=\"284\">\u00c1mbitos de aplicaci\u00f3n<\/td>\n<td width=\"365\">Tiene una amplia gama de usos, como pintura en aerosol, ingenier\u00eda qu\u00edmica, laboratorios, graffiti, etc.<\/td>\n<\/tr>\n<\/tbody>\n<\/table>\n<table>\n<tbody>\n<tr>\n<td width=\"137\"><strong><b>Cartucho qu\u00edmico diferenciado a elegir<\/b><\/strong><\/td>\n<td width=\"514\"><strong><b>Funciones<\/b><\/strong><\/td>\n<\/tr>\n<tr>\n<td width=\"137\">N\u00ba 1<\/td>\n<td width=\"514\">Gases o vapores inorg\u00e1nicos: \u00e1cido cianh\u00eddrico, cloruro de cianuro, cloro gaseoso, etc.<\/td>\n<\/tr>\n<tr>\n<td width=\"137\">N\u00ba 3<\/td>\n<td width=\"514\">Gases y vapores org\u00e1nicos: benceno y sus hom\u00f3logos, cloro, alcoholes, anilinas, disulfuro de carbono, acetona, tetracloruro de carbono, triclorometano, bromotano, clorometano, nitroalcano, diclorometano, cloroetano, cicloetano, feniletano, tricloroetano, fenol, etc.<\/td>\n<\/tr>\n<tr>\n<td width=\"137\">N\u00ba 4<\/td>\n<td width=\"514\">Amon\u00edaco y sus derivados org\u00e1nicos, sulfuro de hidr\u00f3geno<\/td>\n<\/tr>\n<tr>\n<td width=\"137\">N\u00ba 7<\/td>\n<td width=\"514\">Di\u00f3xido de azufre y gases y vapores \u00e1cidos<\/td>\n<\/tr>\n<tr>\n<td width=\"137\">N\u00ba 8<\/td>\n<td width=\"514\">hidr\u00f3geno sulfurado<\/td>\n<\/tr>\n<\/tbody>\n<\/table>\n<p>TOPRISE admite varios estilos de personalizaci\u00f3n del chaleco de seguridad; haga clic para <a href=\"https:\/\/toprisesafety.com\/es\/categoria-producto\/road-safety-products\/warning-wear\/warning-vest-sun-shade\/\">ver m\u00e1s estilos de chalecos de seguridad.<\/a><\/p>\n<p>Si no encuentra los chalecos de seguridad necesarios,<a href=\"https:\/\/toprisesafety.com\/es\/contact-us\/\"> p\u00f3ngase en contacto con nosotros;<\/a> apoyamos la personalizaci\u00f3n especial.<\/p>","protected":false},"excerpt":{"rendered":"<p>N\u00ba de art\u00edculo : 6800<\/p>\n<p>Material:marco: ABS, m\u00e1scara de nariz y boca: TPE, pantalla facial: PC<\/p>\n<p>Cartucho: Cartucho qu\u00edmico que incluye<\/p>\n<p>MOQ: 500PCS<\/p>","protected":false},"featured_media":11941,"template":"","meta":{"_acf_changed":false},"product_brand":[],"product_cat":[351,352],"product_tag":[],"class_list":{"0":"post-11938","1":"product","2":"type-product","3":"status-publish","4":"has-post-thumbnail","6":"product_cat-respiratory-protection","7":"product_cat-dust-mask-chemical-mask","9":"first","10":"instock","11":"shipping-taxable","12":"product-type-simple"},"acf":[],"_links":{"self":[{"href":"https:\/\/toprisesafety.com\/es\/wp-json\/wp\/v2\/product\/11938"}],"collection":[{"href":"https:\/\/toprisesafety.com\/es\/wp-json\/wp\/v2\/product"}],"about":[{"href":"https:\/\/toprisesafety.com\/es\/wp-json\/wp\/v2\/types\/product"}],"wp:featuredmedia":[{"embeddable":true,"href":"https:\/\/toprisesafety.com\/es\/wp-json\/wp\/v2\/media\/11941"}],"wp:attachment":[{"href":"https:\/\/toprisesafety.com\/es\/wp-json\/wp\/v2\/media?parent=11938"}],"wp:term":[{"taxonomy":"product_brand","embeddable":true,"href":"https:\/\/toprisesafety.com\/es\/wp-json\/wp\/v2\/product_brand?post=11938"},{"taxonomy":"product_cat","embeddable":true,"href":"https:\/\/toprisesafety.com\/es\/wp-json\/wp\/v2\/product_cat?post=11938"},{"taxonomy":"product_tag","embeddable":true,"href":"https:\/\/toprisesafety.com\/es\/wp-json\/wp\/v2\/product_tag?post=11938"}],"curies":[{"name":"wp","href":"https:\/\/api.w.org\/{rel}","templated":true}]}}