{"id":11929,"date":"2025-04-17T07:46:24","date_gmt":"2025-04-17T07:46:24","guid":{"rendered":"https:\/\/toprisesafety.com\/?post_type=product&#038;p=11929"},"modified":"2025-05-06T08:14:04","modified_gmt":"2025-05-06T08:14:04","slug":"chemical-gas-mask","status":"publish","type":"product","link":"https:\/\/toprisesafety.com\/es\/producto\/chemical-gas-mask\/","title":{"rendered":"m\u00e1scara qu\u00edmica antig\u00e1s"},"content":{"rendered":"<h2>M\u00e1scara qu\u00edmica antig\u00e1s<\/h2>\n<ul>\n<li>Protecci\u00f3n media cara: protecci\u00f3n eficaz contra el formaldeh\u00eddo, los pesticidas, los gases qu\u00edmicos y otras sustancias nocivas.<\/li>\n<li>Ampliamente utilizado: puede resistir benceno, anilina, tetracloruro de carbono, nitrobenceno, cloropicrina y otros gases t\u00f3xicos.<\/li>\n<li>Filtraci\u00f3n eficaz: Filtra gases o vapores org\u00e1nicos para proteger la salud respiratoria.<\/li>\n<li>Servicio de personalizaci\u00f3n: Apoye la personalizaci\u00f3n del LOGO del cliente y el embalaje personalizado.<\/li>\n<\/ul>\n<table>\n<tbody>\n<tr>\n<td width=\"284\">ART NO.<\/td>\n<td width=\"284\">6200<\/td>\n<\/tr>\n<tr>\n<td width=\"284\">Estilo<\/td>\n<td width=\"284\">Cartucho doble<\/td>\n<\/tr>\n<tr>\n<td width=\"284\">Material<\/td>\n<td width=\"284\">Marco de silicona suave<\/td>\n<\/tr>\n<tr>\n<td width=\"284\">Funci\u00f3n<\/td>\n<td width=\"284\">Protecci\u00f3n eficaz de gases org\u00e1nicos, alcoholes, vapores org\u00e1nicos, di\u00f3xido de carbono, amon\u00edaco, \u00f3xido de hidr\u00f3geno, fenilanilinas, tetracloruro de carbono, nitrobenceno, cloropicrina, etc.<\/td>\n<\/tr>\n<tr>\n<td width=\"284\">Cartucho reemplazable<\/td>\n<td width=\"284\">S\u00ed<\/td>\n<\/tr>\n<tr>\n<td width=\"284\">Embalaje<\/td>\n<td width=\"284\">Caja de color o personalizada<\/td>\n<\/tr>\n<tr>\n<td width=\"284\">Cada juego incluye los siguientes elementos<\/td>\n<td width=\"284\">Un cuerpo de mascarilla, dos almohadillas filtrantes, dos cajas filtrantes, dos tapas de caja filtrante<\/td>\n<\/tr>\n<tr>\n<td width=\"284\">\u00c1mbitos de aplicaci\u00f3n<\/td>\n<td width=\"284\">Miner\u00eda del carb\u00f3n, molienda, pulverizaci\u00f3n de pesticidas, decoraci\u00f3n, etc.<\/td>\n<\/tr>\n<\/tbody>\n<\/table>\n<p>&nbsp;<\/p>\n<div style=\"width: 800px;\" class=\"wp-video\"><!--[if lt IE 9]><script>document.createElement('video');<\/script><![endif]-->\n<video class=\"wp-video-shortcode\" id=\"video-11929-1\" width=\"800\" height=\"450\" preload=\"metadata\" controls=\"controls\"><source type=\"video\/mp4\" src=\"https:\/\/toprisesafety.com\/wp-content\/uploads\/2025\/04\/6200-half-face-eusable-respirator-gas-mask-China-Manufacturer.mp4?_=1\" \/><a href=\"https:\/\/toprisesafety.com\/wp-content\/uploads\/2025\/04\/6200-half-face-eusable-respirator-gas-mask-China-Manufacturer.mp4\">https:\/\/toprisesafety.com\/wp-content\/uploads\/2025\/04\/6200-half-face-eusable-respirator-gas-mask-China-Manufacturer.mp4<\/a><\/video><\/div>","protected":false},"excerpt":{"rendered":"<p>N\u00ba de art\u00edculo: 6200<\/p>\n<p>Material: silicona blanda<\/p>\n<p>Cartucho: Cartucho qu\u00edmico que incluye<\/p>\n<p>CANTIDAD M\u00cdNIMA: 500 UNIDADES<\/p>","protected":false},"featured_media":11934,"template":"","meta":{"_acf_changed":false},"product_brand":[],"product_cat":[351,352],"product_tag":[],"class_list":{"0":"post-11929","1":"product","2":"type-product","3":"status-publish","4":"has-post-thumbnail","6":"product_cat-respiratory-protection","7":"product_cat-dust-mask-chemical-mask","9":"first","10":"instock","11":"shipping-taxable","12":"product-type-simple"},"acf":[],"_links":{"self":[{"href":"https:\/\/toprisesafety.com\/es\/wp-json\/wp\/v2\/product\/11929"}],"collection":[{"href":"https:\/\/toprisesafety.com\/es\/wp-json\/wp\/v2\/product"}],"about":[{"href":"https:\/\/toprisesafety.com\/es\/wp-json\/wp\/v2\/types\/product"}],"wp:featuredmedia":[{"embeddable":true,"href":"https:\/\/toprisesafety.com\/es\/wp-json\/wp\/v2\/media\/11934"}],"wp:attachment":[{"href":"https:\/\/toprisesafety.com\/es\/wp-json\/wp\/v2\/media?parent=11929"}],"wp:term":[{"taxonomy":"product_brand","embeddable":true,"href":"https:\/\/toprisesafety.com\/es\/wp-json\/wp\/v2\/product_brand?post=11929"},{"taxonomy":"product_cat","embeddable":true,"href":"https:\/\/toprisesafety.com\/es\/wp-json\/wp\/v2\/product_cat?post=11929"},{"taxonomy":"product_tag","embeddable":true,"href":"https:\/\/toprisesafety.com\/es\/wp-json\/wp\/v2\/product_tag?post=11929"}],"curies":[{"name":"wp","href":"https:\/\/api.w.org\/{rel}","templated":true}]}}