{"id":11894,"date":"2025-04-14T08:09:55","date_gmt":"2025-04-14T08:09:55","guid":{"rendered":"https:\/\/toprisesafety.com\/?post_type=product&#038;p=11894"},"modified":"2025-04-15T06:06:56","modified_gmt":"2025-04-15T06:06:56","slug":"safety-harness-with-lanyard","status":"publish","type":"product","link":"https:\/\/toprisesafety.com\/es\/producto\/safety-harness-with-lanyard\/","title":{"rendered":"Arn\u00e9s de seguridad con eslinga"},"content":{"rendered":"<h2>Arn\u00e9s de seguridad con eslinga<\/h2>\n<ul>\n<li>Material de poli\u00e9ster de alta resistencia: duradero y proporciona una seguridad fiable.<\/li>\n<li>Cuerda de seguridad el\u00e1stica: Aumenta la flexibilidad y reduce el choque de tracci\u00f3n durante la operaci\u00f3n.<\/li>\n<li>Paquete de amortiguaci\u00f3n opcional: mitiga eficazmente el impacto de la ca\u00edda y mejora la seguridad.<\/li>\n<li>Opci\u00f3n de gancho simple o doble: Selecci\u00f3n flexible seg\u00fan las necesidades para adaptarse a diferentes escenarios de trabajo.<\/li>\n<li>El logotipo y el embalaje pueden personalizarse. Apoyar la personalizaci\u00f3n personalizada, mejorar la imagen de marca.<\/li>\n<\/ul>\n<table>\n<tbody>\n<tr>\n<td width=\"284\">ART NO.<\/td>\n<td width=\"284\">SH07<\/td>\n<\/tr>\n<tr>\n<td width=\"284\">Material de las correas<\/td>\n<td width=\"284\">Poli\u00e9ster, aleaci\u00f3n de acero, aleaci\u00f3n de aluminio<\/td>\n<\/tr>\n<tr>\n<td width=\"284\">Tama\u00f1o de la correa<\/td>\n<td width=\"284\">4,5CM de ancho<\/td>\n<\/tr>\n<tr>\n<td width=\"284\">Color<\/td>\n<td width=\"284\">Verde\/amarillo o personalizado<\/td>\n<\/tr>\n<tr>\n<td width=\"284\">Estructura<\/td>\n<td width=\"284\">Anillos en D de 5 posiciones, dise\u00f1o de configuraci\u00f3n met\u00e1lica fastene r\u00e1pida.<\/p>\n<p>&nbsp;<\/td>\n<\/tr>\n<tr>\n<td width=\"284\">Fuerza<\/td>\n<td width=\"284\">&gt;23KN<\/td>\n<\/tr>\n<tr>\n<td width=\"284\">Tama\u00f1o de la cuerda de seguridad<\/td>\n<td width=\"284\">anchura absorbedor de energ\u00eda 1,34-1,94m<\/td>\n<\/tr>\n<tr>\n<td width=\"284\">Norma de calidad<\/td>\n<td width=\"284\">CE EN361<\/td>\n<\/tr>\n<tr>\n<td width=\"284\">Embalaje<\/td>\n<td width=\"284\">1PC\/caja de color o bolsa de tela no tejida negra , 10PCS\/CTN<\/td>\n<\/tr>\n<tr>\n<td width=\"284\">Aplicaci\u00f3n<\/td>\n<td width=\"284\">Alpinismo, expansi\u00f3n, rescate, trabajos a\u00e9reos, exploraci\u00f3n de cuevas, descenso r\u00e1pido, etc.<\/td>\n<\/tr>\n<\/tbody>\n<\/table>\n<p>TOPRISE admite varios estilos de personalizaci\u00f3n del arn\u00e9s de seguridad; haga clic para <a href=\"https:\/\/toprisesafety.com\/es\/categoria-producto\/personal-protective-equipment\/safety-harness\/\">ver m\u00e1s estilos de arneses de seguridad.<\/a><\/p>\n<p>Si no encuentra los arneses de seguridad necesarios, <a href=\"https:\/\/toprisesafety.com\/es\/contact-us\/\">Contacto<\/a>; apoyamos la personalizaci\u00f3n especial.<\/p>","protected":false},"excerpt":{"rendered":"<p>N\u00ba ART. SH07<\/p>\n<p>Color: negro, amarillo\/azul, amarillo\/gris o personalizado<\/p>\n<p>MOQ : 100 PCS<\/p>\n<p>Norma de calidad: CE EN361<\/p>","protected":false},"featured_media":11896,"template":"","meta":{"_acf_changed":false},"product_brand":[],"product_cat":[327],"product_tag":[],"class_list":{"0":"post-11894","1":"product","2":"type-product","3":"status-publish","4":"has-post-thumbnail","6":"product_cat-safety-harness","8":"first","9":"instock","10":"shipping-taxable","11":"product-type-simple"},"acf":[],"_links":{"self":[{"href":"https:\/\/toprisesafety.com\/es\/wp-json\/wp\/v2\/product\/11894"}],"collection":[{"href":"https:\/\/toprisesafety.com\/es\/wp-json\/wp\/v2\/product"}],"about":[{"href":"https:\/\/toprisesafety.com\/es\/wp-json\/wp\/v2\/types\/product"}],"wp:featuredmedia":[{"embeddable":true,"href":"https:\/\/toprisesafety.com\/es\/wp-json\/wp\/v2\/media\/11896"}],"wp:attachment":[{"href":"https:\/\/toprisesafety.com\/es\/wp-json\/wp\/v2\/media?parent=11894"}],"wp:term":[{"taxonomy":"product_brand","embeddable":true,"href":"https:\/\/toprisesafety.com\/es\/wp-json\/wp\/v2\/product_brand?post=11894"},{"taxonomy":"product_cat","embeddable":true,"href":"https:\/\/toprisesafety.com\/es\/wp-json\/wp\/v2\/product_cat?post=11894"},{"taxonomy":"product_tag","embeddable":true,"href":"https:\/\/toprisesafety.com\/es\/wp-json\/wp\/v2\/product_tag?post=11894"}],"curies":[{"name":"wp","href":"https:\/\/api.w.org\/{rel}","templated":true}]}}