{"id":11892,"date":"2025-04-14T08:04:41","date_gmt":"2025-04-14T08:04:41","guid":{"rendered":"https:\/\/toprisesafety.com\/?post_type=product&#038;p=11892"},"modified":"2025-04-15T06:07:48","modified_gmt":"2025-04-15T06:07:48","slug":"safety-harness","status":"publish","type":"product","link":"https:\/\/toprisesafety.com\/es\/producto\/safety-harness\/","title":{"rendered":"Arn\u00e9s de seguridad"},"content":{"rendered":"<h2>Arn\u00e9s de seguridad<\/h2>\n<ul>\n<li>Material de poli\u00e9ster de alta resistencia: duradero, resistente y proporciona una gran seguridad.<\/li>\n<li>Anillo de rodamiento delantero ventral: dise\u00f1o razonable, se adapta a diferentes entornos de trabajo y mejora la seguridad.<\/li>\n<li>Cintura ajustable: Se puede ajustar seg\u00fan los diferentes tipos de cuerpo para garantizar un ajuste c\u00f3modo.<\/li>\n<li>Dise\u00f1o de anillo para equipos: puede colgar herramientas y accesorios, mejorando la eficiencia del trabajo.<\/li>\n<li>Logotipo y embalaje personalizables: Permite la personalizaci\u00f3n, mejora la imagen de marca y la competitividad en el mercado.<\/li>\n<\/ul>\n<table>\n<tbody>\n<tr>\n<td width=\"284\">ART NO.<\/td>\n<td width=\"284\">SH06<\/td>\n<\/tr>\n<tr>\n<td width=\"284\">Material de las correas<\/td>\n<td width=\"284\">Poli\u00e9ster, aleaci\u00f3n de acero, aleaci\u00f3n de aluminio<\/td>\n<\/tr>\n<tr>\n<td width=\"284\">Tama\u00f1o de la correa<\/td>\n<td width=\"284\">4,5CM de ancho<\/td>\n<\/tr>\n<tr>\n<td width=\"284\">Color<\/td>\n<td width=\"284\">Verde\/amarillo o personalizado<\/td>\n<\/tr>\n<tr>\n<td width=\"284\">Cintura disponible<\/td>\n<td width=\"284\">70-120CM<\/td>\n<\/tr>\n<tr>\n<td width=\"284\">Circunferencia del muslo disponible<\/td>\n<td width=\"284\">45-65CM<\/td>\n<\/tr>\n<tr>\n<td width=\"284\">Fuerza<\/td>\n<td width=\"284\">&gt;15KN<\/td>\n<\/tr>\n<tr>\n<td width=\"284\">Norma de calidad<\/td>\n<td width=\"284\">CE EN361<\/td>\n<\/tr>\n<tr>\n<td width=\"284\">Embalaje<\/td>\n<td width=\"284\">1PC\/caja de color o bolsa de tela no tejida negra , 10PCS\/CTN<\/td>\n<\/tr>\n<tr>\n<td width=\"284\">Aplicaci\u00f3n<\/td>\n<td width=\"284\">Construcci\u00f3n el\u00e9ctrica, escalada, trabajos a\u00e9reos, protecci\u00f3n de ingenier\u00eda, limpieza de muros exteriores, rescate en caso de incendio, etc.<\/td>\n<\/tr>\n<\/tbody>\n<\/table>\n<p>TOPRISE admite varios estilos de personalizaci\u00f3n del arn\u00e9s de seguridad; haga clic para <a href=\"https:\/\/toprisesafety.com\/es\/categoria-producto\/personal-protective-equipment\/safety-harness\/\">ver m\u00e1s estilos de arneses de seguridad.<\/a><\/p>\n<p>Si no encuentra los arneses de seguridad necesarios, <a href=\"https:\/\/toprisesafety.com\/es\/contact-us\/\">Contacto<\/a>; apoyamos la personalizaci\u00f3n especial.<\/p>","protected":false},"excerpt":{"rendered":"<p>N\u00ba Referencia: SH06<\/p>\n<p>Color: Negro o personalizado<\/p>\n<p>MOQ : 100 PCS<\/p>\n<p>Norma de calidad: CE EN361<\/p>","protected":false},"featured_media":11893,"template":"","meta":{"_acf_changed":false},"product_brand":[],"product_cat":[327],"product_tag":[],"class_list":{"0":"post-11892","1":"product","2":"type-product","3":"status-publish","4":"has-post-thumbnail","6":"product_cat-safety-harness","8":"first","9":"instock","10":"shipping-taxable","11":"product-type-simple"},"acf":[],"_links":{"self":[{"href":"https:\/\/toprisesafety.com\/es\/wp-json\/wp\/v2\/product\/11892"}],"collection":[{"href":"https:\/\/toprisesafety.com\/es\/wp-json\/wp\/v2\/product"}],"about":[{"href":"https:\/\/toprisesafety.com\/es\/wp-json\/wp\/v2\/types\/product"}],"wp:featuredmedia":[{"embeddable":true,"href":"https:\/\/toprisesafety.com\/es\/wp-json\/wp\/v2\/media\/11893"}],"wp:attachment":[{"href":"https:\/\/toprisesafety.com\/es\/wp-json\/wp\/v2\/media?parent=11892"}],"wp:term":[{"taxonomy":"product_brand","embeddable":true,"href":"https:\/\/toprisesafety.com\/es\/wp-json\/wp\/v2\/product_brand?post=11892"},{"taxonomy":"product_cat","embeddable":true,"href":"https:\/\/toprisesafety.com\/es\/wp-json\/wp\/v2\/product_cat?post=11892"},{"taxonomy":"product_tag","embeddable":true,"href":"https:\/\/toprisesafety.com\/es\/wp-json\/wp\/v2\/product_tag?post=11892"}],"curies":[{"name":"wp","href":"https:\/\/api.w.org\/{rel}","templated":true}]}}