{"id":11886,"date":"2025-04-14T08:00:51","date_gmt":"2025-04-14T08:00:51","guid":{"rendered":"https:\/\/toprisesafety.com\/?post_type=product&#038;p=11886"},"modified":"2025-04-15T06:08:28","modified_gmt":"2025-04-15T06:08:28","slug":"safety-harness-fall-protection","status":"publish","type":"product","link":"https:\/\/toprisesafety.com\/es\/producto\/safety-harness-fall-protection\/","title":{"rendered":"Arn\u00e9s de seguridad Protecci\u00f3n contra ca\u00eddas"},"content":{"rendered":"<h2>Arn\u00e9s de seguridad Protecci\u00f3n contra ca\u00eddas<\/h2>\n<ul>\n<li>Removable upper body design: easy to adjust according to demand, adapt to different working environments.<\/li>\n<li>High-strength polyester material: Durable and strong, providing strong support and security.<\/li>\n<li>Chest and back bearing ring: multiple bearing design to ensure the safety of high-altitude work.<\/li>\n<li>Adjustable buckle design: It can be flexibly adjusted according to the body type to ensure a comfortable fit.<\/li>\n<li>Pad design: increase wearing comfort, reduce the burden of long-term operation.<\/li>\n<li>Customizable LOGO: Support personalized customization and enhance brand awareness.<\/li>\n<\/ul>\n<table>\n<tbody>\n<tr>\n<td width=\"284\">ART NO.<\/td>\n<td width=\"323\">SH05<\/td>\n<\/tr>\n<tr>\n<td width=\"284\">Material de las correas<\/td>\n<td width=\"323\">Poli\u00e9ster, aleaci\u00f3n de acero, aleaci\u00f3n de aluminio<\/td>\n<\/tr>\n<tr>\n<td width=\"284\">Tama\u00f1o de la correa<\/td>\n<td width=\"323\">4,5CM de ancho<\/td>\n<\/tr>\n<tr>\n<td width=\"284\">Color<\/td>\n<td width=\"323\">Black\/red or customized<\/td>\n<\/tr>\n<tr>\n<td width=\"284\">Estructura<\/td>\n<td width=\"323\">4 position D rings, the upper body is removable<\/p>\n<p>&nbsp;<\/td>\n<\/tr>\n<tr>\n<td width=\"284\">Fuerza<\/td>\n<td width=\"323\">&gt;22KN<\/td>\n<\/tr>\n<tr>\n<td width=\"284\">Tama\u00f1o de la cuerda de seguridad<\/td>\n<td width=\"323\">total length over 1.4m without energy absorber, with enegy absorber total length over 1.9m.<\/td>\n<\/tr>\n<tr>\n<td width=\"284\">Norma de calidad<\/td>\n<td width=\"323\">CE EN361<\/td>\n<\/tr>\n<tr>\n<td width=\"284\">Available height<\/td>\n<td width=\"323\">150-200CM<\/td>\n<\/tr>\n<tr>\n<td width=\"284\">Cintura disponible<\/td>\n<td width=\"323\">90-130CM<\/td>\n<\/tr>\n<tr>\n<td width=\"284\">Circunferencia del muslo disponible<\/td>\n<td width=\"323\">40-80CM<\/td>\n<\/tr>\n<tr>\n<td width=\"284\">Embalaje<\/td>\n<td width=\"323\">1PC\/caja de color o bolsa de tela no tejida negra , 10PCS\/CTN<\/td>\n<\/tr>\n<tr>\n<td width=\"284\">Aplicaci\u00f3n<\/td>\n<td width=\"323\">Alpinismo, expansi\u00f3n, rescate, trabajos a\u00e9reos, exploraci\u00f3n de cuevas, descenso r\u00e1pido, etc.<\/td>\n<\/tr>\n<\/tbody>\n<\/table>\n<p>TOPRISE admite varios estilos de personalizaci\u00f3n del arn\u00e9s de seguridad; haga clic para <a href=\"https:\/\/toprisesafety.com\/es\/categoria-producto\/personal-protective-equipment\/safety-harness\/\">ver m\u00e1s estilos de arneses de seguridad.<\/a><\/p>\n<p>Si no encuentra los arneses de seguridad necesarios, <a href=\"https:\/\/toprisesafety.com\/es\/contact-us\/\">Contacto<\/a>; apoyamos la personalizaci\u00f3n especial.<\/p>","protected":false},"excerpt":{"rendered":"<p>Art No.: SH05<\/p>\n<p>Color: Black\/red or customized<\/p>\n<p>MOQ : 100 PCS<\/p>\n<p>Norma de calidad: CE EN361<\/p>","protected":false},"featured_media":11889,"template":"","meta":{"_acf_changed":false},"product_brand":[],"product_cat":[327],"product_tag":[],"class_list":{"0":"post-11886","1":"product","2":"type-product","3":"status-publish","4":"has-post-thumbnail","6":"product_cat-safety-harness","8":"first","9":"instock","10":"shipping-taxable","11":"product-type-simple"},"acf":[],"_links":{"self":[{"href":"https:\/\/toprisesafety.com\/es\/wp-json\/wp\/v2\/product\/11886"}],"collection":[{"href":"https:\/\/toprisesafety.com\/es\/wp-json\/wp\/v2\/product"}],"about":[{"href":"https:\/\/toprisesafety.com\/es\/wp-json\/wp\/v2\/types\/product"}],"wp:featuredmedia":[{"embeddable":true,"href":"https:\/\/toprisesafety.com\/es\/wp-json\/wp\/v2\/media\/11889"}],"wp:attachment":[{"href":"https:\/\/toprisesafety.com\/es\/wp-json\/wp\/v2\/media?parent=11886"}],"wp:term":[{"taxonomy":"product_brand","embeddable":true,"href":"https:\/\/toprisesafety.com\/es\/wp-json\/wp\/v2\/product_brand?post=11886"},{"taxonomy":"product_cat","embeddable":true,"href":"https:\/\/toprisesafety.com\/es\/wp-json\/wp\/v2\/product_cat?post=11886"},{"taxonomy":"product_tag","embeddable":true,"href":"https:\/\/toprisesafety.com\/es\/wp-json\/wp\/v2\/product_tag?post=11886"}],"curies":[{"name":"wp","href":"https:\/\/api.w.org\/{rel}","templated":true}]}}