{"id":11815,"date":"2025-04-09T07:19:02","date_gmt":"2025-04-09T07:19:02","guid":{"rendered":"https:\/\/toprisesafety.com\/?post_type=product&#038;p=11815"},"modified":"2025-04-14T06:08:37","modified_gmt":"2025-04-14T06:08:37","slug":"waist-and-back-support-belt","status":"publish","type":"product","link":"https:\/\/toprisesafety.com\/es\/producto\/waist-and-back-support-belt\/","title":{"rendered":"Cintur\u00f3n de cintura y espalda"},"content":{"rendered":"<h2>Cintur\u00f3n de cintura y espalda<\/h2>\n<table>\n<tbody>\n<tr>\n<td width=\"284\">ART NO.<\/td>\n<td width=\"284\">BS04<\/td>\n<\/tr>\n<tr>\n<td width=\"284\">Material<\/td>\n<td width=\"284\">poli\u00e9ster, hilo de l\u00e1tex, gancho y bucle<\/td>\n<\/tr>\n<tr>\n<td width=\"284\">Color<\/td>\n<td width=\"284\">Negro<\/td>\n<\/tr>\n<tr>\n<td width=\"284\">Talla<\/td>\n<td width=\"284\">S:28-32\";M:32-38\";L:38-46\";XL:46-56\"; XXL:56-62\";XXXL:62-68\" o personalizado.<\/td>\n<\/tr>\n<tr>\n<td width=\"284\">Logotipo del cliente<\/td>\n<td width=\"284\">Disponible<\/td>\n<\/tr>\n<tr>\n<td width=\"284\">Embalaje<\/td>\n<td width=\"284\">Caja de color, bl\u00edster, tarjeta de visita, etc.<\/td>\n<\/tr>\n<\/tbody>\n<\/table>\n<ul>\n<li>Soporte de personalizaci\u00f3n de LOGO y embalaje: puede personalizar la imagen de marca exclusiva seg\u00fan las necesidades del cliente y mejorar la imagen corporativa.<\/li>\n<li>Mejora el apoyo de la espalda: Proporcionar un fuerte apoyo, reducir la presi\u00f3n de la espalda y prevenir y aliviar el dolor de espalda.<\/li>\n<li>Dise\u00f1o transpirable y c\u00f3modo: El uso de materiales transpirables y desgaste a largo plazo para mantener seco mejorar la comodidad.<\/li>\n<li>Funci\u00f3n ajustable: Ajuste flexible seg\u00fan el tama\u00f1o de la cintura para garantizar el mejor ajuste.<\/li>\n<li>Amplio campo de aplicaci\u00f3n: adecuado para trabajadores, deportistas, personal de oficina y otras profesiones; protege la cintura y reduce la fatiga.<\/li>\n<\/ul>\n<p>TOPRISE admite varios estilos de personalizaci\u00f3n del cintur\u00f3n de sujeci\u00f3n de la espalda de trabajo; haga clic para <a href=\"https:\/\/toprisesafety.com\/es\/categoria-producto\/personal-protective-equipment\/back-support-belt\/\">ver m\u00e1s estilos de cintur\u00f3n de sujeci\u00f3n de la espalda de trabajo.<\/a><\/p>\n<p>Si no encuentra el cintur\u00f3n de sujeci\u00f3n para la espalda de trabajo que necesita , <a href=\"https:\/\/toprisesafety.com\/es\/contact-us\/\">Contacto<\/a>; apoyamos la personalizaci\u00f3n especial.<\/p>","protected":false},"excerpt":{"rendered":"<p>N\u00ba Referencia: BS05<\/p>\n<p>Material: poli\u00e9ster, hilo de l\u00e1tex, gancho y bucle<\/p>\n<p>Color: Negro o personalizado<\/p>\n<p>List\u00f3n de refuerzo: Barra de PP o barra de acero o barra de resorte a elegir<\/p>\n<p>Talla: S-XXXL o personalizada<\/p>\n<p>MOQ: 1008PCS<\/p>","protected":false},"featured_media":11818,"template":"","meta":{"_acf_changed":false},"product_brand":[],"product_cat":[320,328],"product_tag":[],"class_list":{"0":"post-11815","1":"product","2":"type-product","3":"status-publish","4":"has-post-thumbnail","6":"product_cat-personal-protective-equipment","7":"product_cat-back-support-belt","9":"first","10":"instock","11":"shipping-taxable","12":"product-type-simple"},"acf":[],"_links":{"self":[{"href":"https:\/\/toprisesafety.com\/es\/wp-json\/wp\/v2\/product\/11815"}],"collection":[{"href":"https:\/\/toprisesafety.com\/es\/wp-json\/wp\/v2\/product"}],"about":[{"href":"https:\/\/toprisesafety.com\/es\/wp-json\/wp\/v2\/types\/product"}],"wp:featuredmedia":[{"embeddable":true,"href":"https:\/\/toprisesafety.com\/es\/wp-json\/wp\/v2\/media\/11818"}],"wp:attachment":[{"href":"https:\/\/toprisesafety.com\/es\/wp-json\/wp\/v2\/media?parent=11815"}],"wp:term":[{"taxonomy":"product_brand","embeddable":true,"href":"https:\/\/toprisesafety.com\/es\/wp-json\/wp\/v2\/product_brand?post=11815"},{"taxonomy":"product_cat","embeddable":true,"href":"https:\/\/toprisesafety.com\/es\/wp-json\/wp\/v2\/product_cat?post=11815"},{"taxonomy":"product_tag","embeddable":true,"href":"https:\/\/toprisesafety.com\/es\/wp-json\/wp\/v2\/product_tag?post=11815"}],"curies":[{"name":"wp","href":"https:\/\/api.w.org\/{rel}","templated":true}]}}