{"id":11811,"date":"2025-04-09T07:11:55","date_gmt":"2025-04-09T07:11:55","guid":{"rendered":"https:\/\/toprisesafety.com\/?post_type=product&#038;p=11811"},"modified":"2025-04-14T06:09:56","modified_gmt":"2025-04-14T06:09:56","slug":"belt-for-back-support","status":"publish","type":"product","link":"https:\/\/toprisesafety.com\/es\/producto\/belt-for-back-support\/","title":{"rendered":"Cintur\u00f3n de sujeci\u00f3n para la espalda"},"content":{"rendered":"<h2>Cintur\u00f3n de sujeci\u00f3n para la espalda<\/h2>\n<table>\n<tbody>\n<tr>\n<td width=\"284\">ART NO.<\/td>\n<td width=\"284\">BS04<\/td>\n<\/tr>\n<tr>\n<td width=\"284\">Material<\/td>\n<td width=\"284\">poli\u00e9ster, hilo de l\u00e1tex, gancho y bucle<\/td>\n<\/tr>\n<tr>\n<td width=\"284\">Color<\/td>\n<td width=\"284\">Negro<\/td>\n<\/tr>\n<tr>\n<td width=\"284\">Talla<\/td>\n<td width=\"284\">S:28-32\u201d;M:32-38\u201d;L:38-46\u201d;XL:46-56\u201d; XXL:56-62\u201d;XXXL:62-68\u201d<\/td>\n<\/tr>\n<tr>\n<td width=\"284\">Logotipo del cliente<\/td>\n<td width=\"284\">Disponible<\/td>\n<\/tr>\n<tr>\n<td width=\"284\">Embalaje<\/td>\n<td width=\"284\">Caja de color, bl\u00edster, tarjeta de visita, etc.<\/td>\n<\/tr>\n<\/tbody>\n<\/table>\n<ul>\n<li>Reducci\u00f3n eficaz de la presi\u00f3n lumbar: adecuado para grupos ocupacionales sedentarios o de pie de larga duraci\u00f3n para prevenir y aliviar el dolor lumbar.<\/li>\n<li>Dise\u00f1o transpirable: para garantizar la comodidad y el ajuste, el uso a largo plazo no es sofocante.<\/li>\n<li>Funci\u00f3n ajustable: Ajuste de acuerdo a la circunferencia de la cintura individual para asegurar un ajuste perfecto para diferentes tipos de cuerpo.<\/li>\n<li>Mejora la estabilidad de la cintura: evita las torsiones indebidas y las flexiones excesivas, y proporciona un apoyo eficaz.<\/li>\n<li>Amplia aplicaci\u00f3n: adecuado para porteadores, personal de oficina y entusiastas del deporte; reduce la carga y previene las lesiones deportivas.<\/li>\n<\/ul>\n<p>TOPRISE admite varios estilos de personalizaci\u00f3n del cintur\u00f3n de sujeci\u00f3n de la espalda de trabajo; haga clic para <a href=\"https:\/\/toprisesafety.com\/es\/categoria-producto\/personal-protective-equipment\/back-support-belt\/\">ver m\u00e1s estilos de cintur\u00f3n de sujeci\u00f3n de la espalda de trabajo.<\/a><\/p>\n<p>Si no encuentra el cintur\u00f3n de sujeci\u00f3n para la espalda de trabajo que necesita , <a href=\"https:\/\/toprisesafety.com\/es\/contact-us\/\">Contacto<\/a>; apoyamos la personalizaci\u00f3n especial.<\/p>","protected":false},"excerpt":{"rendered":"<p>N\u00ba Referencia: BS04<\/p>\n<p>Material: poli\u00e9ster, hilo de l\u00e1tex, gancho y bucle<\/p>\n<p>Color: Negro o personalizado<\/p>\n<p>List\u00f3n de refuerzo: Barra de PP o barra de acero o barra de resorte a elegir<\/p>\n<p>Talla: S-XXXL<\/p>\n<p>MOQ: 1008PCS<\/p>","protected":false},"featured_media":11814,"template":"","meta":{"_acf_changed":false},"product_brand":[],"product_cat":[320,328],"product_tag":[],"class_list":{"0":"post-11811","1":"product","2":"type-product","3":"status-publish","4":"has-post-thumbnail","6":"product_cat-personal-protective-equipment","7":"product_cat-back-support-belt","9":"first","10":"instock","11":"shipping-taxable","12":"product-type-simple"},"acf":[],"_links":{"self":[{"href":"https:\/\/toprisesafety.com\/es\/wp-json\/wp\/v2\/product\/11811"}],"collection":[{"href":"https:\/\/toprisesafety.com\/es\/wp-json\/wp\/v2\/product"}],"about":[{"href":"https:\/\/toprisesafety.com\/es\/wp-json\/wp\/v2\/types\/product"}],"wp:featuredmedia":[{"embeddable":true,"href":"https:\/\/toprisesafety.com\/es\/wp-json\/wp\/v2\/media\/11814"}],"wp:attachment":[{"href":"https:\/\/toprisesafety.com\/es\/wp-json\/wp\/v2\/media?parent=11811"}],"wp:term":[{"taxonomy":"product_brand","embeddable":true,"href":"https:\/\/toprisesafety.com\/es\/wp-json\/wp\/v2\/product_brand?post=11811"},{"taxonomy":"product_cat","embeddable":true,"href":"https:\/\/toprisesafety.com\/es\/wp-json\/wp\/v2\/product_cat?post=11811"},{"taxonomy":"product_tag","embeddable":true,"href":"https:\/\/toprisesafety.com\/es\/wp-json\/wp\/v2\/product_tag?post=11811"}],"curies":[{"name":"wp","href":"https:\/\/api.w.org\/{rel}","templated":true}]}}