{"id":11794,"date":"2025-04-09T06:59:59","date_gmt":"2025-04-09T06:59:59","guid":{"rendered":"https:\/\/toprisesafety.com\/?post_type=product&#038;p=11794"},"modified":"2025-04-14T06:10:52","modified_gmt":"2025-04-14T06:10:52","slug":"back-support-belt-for-work","status":"publish","type":"product","link":"https:\/\/toprisesafety.com\/es\/producto\/back-support-belt-for-work\/","title":{"rendered":"Cintur\u00f3n de sujeci\u00f3n de la espalda para el trabajo"},"content":{"rendered":"<h2>Cintur\u00f3n de sujeci\u00f3n de la espalda para el trabajo<\/h2>\n<table>\n<tbody>\n<tr>\n<td width=\"284\">ART NO.<\/td>\n<td width=\"284\">BS10<\/td>\n<\/tr>\n<tr>\n<td width=\"284\">Material<\/td>\n<td width=\"284\">poli\u00e9ster, hilo de l\u00e1tex, gancho y bucle<\/td>\n<\/tr>\n<tr>\n<td width=\"284\">Color<\/td>\n<td width=\"284\">Negro\/verde o personalizado<\/td>\n<\/tr>\n<tr>\n<td width=\"284\">Talla<\/td>\n<td width=\"284\">S:28-32\";M:32-38\";L:38-46\";XL:46-56\"; XXL:56-62\";XXXL:62-68\" o personalizado.<\/td>\n<\/tr>\n<tr>\n<td width=\"284\">Logotipo del cliente<\/td>\n<td width=\"284\">Disponible<\/td>\n<\/tr>\n<tr>\n<td width=\"284\">Embalaje<\/td>\n<td width=\"284\">Caja de color, bl\u00edster, tarjeta de visita, etc.<\/td>\n<\/tr>\n<\/tbody>\n<\/table>\n<ul>\n<li>Mayor visibilidad: El dise\u00f1o verde fluorescente brillante mejora la visibilidad por la noche o en entornos con poca luz para mayor seguridad.<\/li>\n<li>Soporte c\u00f3modo: dise\u00f1o ergon\u00f3mico, proporciona estabilidad a la cintura, reduce eficazmente el estr\u00e9s y la fatiga laboral.<\/li>\n<li>Dise\u00f1o ajustable: El cintur\u00f3n viene con un cintur\u00f3n ajustable para adaptarse a diferentes tipos de cuerpo y proporcionar una experiencia de uso personalizada.<\/li>\n<li>Aplicaci\u00f3n multifuncional: Adecuado para entornos de trabajo de alta intensidad, como f\u00e1bricas y edificios, protegiendo la cintura y evitando tensiones.<\/li>\n<li>Soporta LOGO y personalizaci\u00f3n del embalaje: LOGO del cliente se puede a\u00f1adir, y apoyar la personalizaci\u00f3n de envases para satisfacer las necesidades de la marca.<\/li>\n<li>Material duradero: El uso de materiales duraderos para garantizar el uso a largo plazo no es f\u00e1cil de da\u00f1ar y mejora el rendimiento de costes.<\/li>\n<\/ul>\n<p>TOPRISE admite varios estilos de personalizaci\u00f3n del cintur\u00f3n de sujeci\u00f3n de la espalda de trabajo; haga clic para <a href=\"https:\/\/toprisesafety.com\/es\/categoria-producto\/personal-protective-equipment\/back-support-belt\/\">ver m\u00e1s estilos de cintur\u00f3n de sujeci\u00f3n de la espalda de trabajo.<\/a><\/p>\n<p>Si no encuentra el cintur\u00f3n de sujeci\u00f3n para la espalda de trabajo que necesita , <a href=\"https:\/\/toprisesafety.com\/es\/contact-us\/\">Contacto<\/a>; apoyamos la personalizaci\u00f3n especial.<\/p>","protected":false},"excerpt":{"rendered":"<p>N\u00ba Referencia: BS11<\/p>\n<p>Material: poli\u00e9ster, hilo de l\u00e1tex, gancho y bucle<\/p>\n<p>Color: &amp;nbspNegro\/verde o personalizado<\/p>\n<p>List\u00f3n de refuerzo: Barra de PP o barra de acero o barra de resorte a elegir<\/p>\n<p>Talla: S-XXXL o personalizada<\/p>\n<p>MOQ: 1008PCS<\/p>","protected":false},"featured_media":11801,"template":"","meta":{"_acf_changed":false},"product_brand":[],"product_cat":[320,328],"product_tag":[],"class_list":{"0":"post-11794","1":"product","2":"type-product","3":"status-publish","4":"has-post-thumbnail","6":"product_cat-personal-protective-equipment","7":"product_cat-back-support-belt","9":"first","10":"instock","11":"shipping-taxable","12":"product-type-simple"},"acf":[],"_links":{"self":[{"href":"https:\/\/toprisesafety.com\/es\/wp-json\/wp\/v2\/product\/11794"}],"collection":[{"href":"https:\/\/toprisesafety.com\/es\/wp-json\/wp\/v2\/product"}],"about":[{"href":"https:\/\/toprisesafety.com\/es\/wp-json\/wp\/v2\/types\/product"}],"wp:featuredmedia":[{"embeddable":true,"href":"https:\/\/toprisesafety.com\/es\/wp-json\/wp\/v2\/media\/11801"}],"wp:attachment":[{"href":"https:\/\/toprisesafety.com\/es\/wp-json\/wp\/v2\/media?parent=11794"}],"wp:term":[{"taxonomy":"product_brand","embeddable":true,"href":"https:\/\/toprisesafety.com\/es\/wp-json\/wp\/v2\/product_brand?post=11794"},{"taxonomy":"product_cat","embeddable":true,"href":"https:\/\/toprisesafety.com\/es\/wp-json\/wp\/v2\/product_cat?post=11794"},{"taxonomy":"product_tag","embeddable":true,"href":"https:\/\/toprisesafety.com\/es\/wp-json\/wp\/v2\/product_tag?post=11794"}],"curies":[{"name":"wp","href":"https:\/\/api.w.org\/{rel}","templated":true}]}}