{"id":11771,"date":"2025-04-09T06:17:52","date_gmt":"2025-04-09T06:17:52","guid":{"rendered":"https:\/\/toprisesafety.com\/?post_type=product&#038;p=11771"},"modified":"2025-04-14T06:34:18","modified_gmt":"2025-04-14T06:34:18","slug":"reflective-belts-for-back-support","status":"publish","type":"product","link":"https:\/\/toprisesafety.com\/es\/producto\/reflective-belts-for-back-support\/","title":{"rendered":"Cinturones reflectantes para sujeci\u00f3n de la espalda"},"content":{"rendered":"<h2>Cinturones reflectantes para sujeci\u00f3n de la espalda<\/h2>\n<table>\n<tbody>\n<tr>\n<td width=\"284\">ART NO.<\/td>\n<td width=\"284\">BS07<\/td>\n<\/tr>\n<tr>\n<td width=\"284\">Material<\/td>\n<td width=\"284\">poli\u00e9ster, hilo de l\u00e1tex, gancho y bucle<\/td>\n<\/tr>\n<tr>\n<td width=\"284\">Color<\/td>\n<td width=\"284\">Negro o personalizado<\/td>\n<\/tr>\n<tr>\n<td width=\"284\">Caracter\u00edstica<\/td>\n<td width=\"284\">A\u00f1ade un cintur\u00f3n reflectante<\/td>\n<\/tr>\n<tr>\n<td width=\"284\">Talla<\/td>\n<td width=\"284\">S:28-32\";M:32-38\";L:38-46\";XL:46-56\"; XXL:56-62\";XXXL:62-68\" o personalizado.<\/td>\n<\/tr>\n<tr>\n<td width=\"284\">Logotipo del cliente<\/td>\n<td width=\"284\">Disponible<\/td>\n<\/tr>\n<tr>\n<td width=\"284\">Embalaje<\/td>\n<td width=\"284\">Caja de color, bl\u00edster, tarjeta de visita, etc.<\/td>\n<\/tr>\n<\/tbody>\n<\/table>\n<ul>\n<li>Dise\u00f1o de banda reflectante trasera: Mayor visibilidad y seguridad en entornos con poca luz.<\/li>\n<li>Admite la personalizaci\u00f3n del logotipo y el embalaje: Personalice la marca seg\u00fan las necesidades del cliente para mejorar el reconocimiento en el mercado.<\/li>\n<li>Mejora el apoyo lumbar: reduce eficazmente la presi\u00f3n lumbar y previene y alivia el dolor lumbar.<\/li>\n<li>C\u00f3modo dise\u00f1o ajustable: El cintur\u00f3n es ajustable para garantizar un ajuste perfecto para una comodidad \u00f3ptima.<\/li>\n<li>Amplia gama de aplicaciones: adecuado para trabajadores, personal de log\u00edstica y otras ocupaciones para garantizar la comodidad y seguridad de uso a largo plazo.<\/li>\n<\/ul>\n<p>TOPRISE admite varios estilos de personalizaci\u00f3n del cintur\u00f3n de sujeci\u00f3n de la espalda de trabajo; haga clic para <a href=\"https:\/\/toprisesafety.com\/es\/categoria-producto\/personal-protective-equipment\/back-support-belt\/\">ver m\u00e1s estilos de cintur\u00f3n de sujeci\u00f3n de la espalda de trabajo.<\/a><\/p>\n<p>Si no encuentra el cintur\u00f3n de sujeci\u00f3n para la espalda de trabajo que necesita , <a href=\"https:\/\/toprisesafety.com\/es\/contact-us\/\">Contacto<\/a>; apoyamos la personalizaci\u00f3n especial.<\/p>","protected":false},"excerpt":{"rendered":"<p>N\u00ba Referencia: BS09<\/p>\n<p>Material: poli\u00e9ster, hilo de l\u00e1tex, gancho y bucle<\/p>\n<p>Caracter\u00edstica: A\u00f1adir cintur\u00f3n reflectante<\/p>\n<p>Color: &amp;nbspNegro o personalizado<\/p>\n<p>List\u00f3n de refuerzo: Barra de PP o barra de acero o barra de resorte a elegir<\/p>\n<p>Talla: S-XXXL o personalizada<\/p>\n<p>MOQ: 1008PCS<\/p>","protected":false},"featured_media":11774,"template":"","meta":{"_acf_changed":false},"product_brand":[],"product_cat":[328,320],"product_tag":[],"class_list":{"0":"post-11771","1":"product","2":"type-product","3":"status-publish","4":"has-post-thumbnail","6":"product_cat-back-support-belt","7":"product_cat-personal-protective-equipment","9":"first","10":"instock","11":"shipping-taxable","12":"product-type-simple"},"acf":[],"_links":{"self":[{"href":"https:\/\/toprisesafety.com\/es\/wp-json\/wp\/v2\/product\/11771","targetHints":{"allow":["GET"]}}],"collection":[{"href":"https:\/\/toprisesafety.com\/es\/wp-json\/wp\/v2\/product"}],"about":[{"href":"https:\/\/toprisesafety.com\/es\/wp-json\/wp\/v2\/types\/product"}],"wp:featuredmedia":[{"embeddable":true,"href":"https:\/\/toprisesafety.com\/es\/wp-json\/wp\/v2\/media\/11774"}],"wp:attachment":[{"href":"https:\/\/toprisesafety.com\/es\/wp-json\/wp\/v2\/media?parent=11771"}],"wp:term":[{"taxonomy":"product_brand","embeddable":true,"href":"https:\/\/toprisesafety.com\/es\/wp-json\/wp\/v2\/product_brand?post=11771"},{"taxonomy":"product_cat","embeddable":true,"href":"https:\/\/toprisesafety.com\/es\/wp-json\/wp\/v2\/product_cat?post=11771"},{"taxonomy":"product_tag","embeddable":true,"href":"https:\/\/toprisesafety.com\/es\/wp-json\/wp\/v2\/product_tag?post=11771"}],"curies":[{"name":"wp","href":"https:\/\/api.w.org\/{rel}","templated":true}]}}