{"id":11767,"date":"2025-04-08T02:52:17","date_gmt":"2025-04-08T02:52:17","guid":{"rendered":"https:\/\/toprisesafety.com\/?post_type=product&#038;p=11767"},"modified":"2025-04-14T05:13:58","modified_gmt":"2025-04-14T05:13:58","slug":"pvc-coated-gloves-with-chips","status":"publish","type":"product","link":"https:\/\/toprisesafety.com\/es\/producto\/pvc-coated-gloves-with-chips\/","title":{"rendered":"GUANTES RECUBIERTOS DE PVC CON VIRUTAS"},"content":{"rendered":"<h2>GUANTES RECUBIERTOS DE PVC CON VIRUTAS<\/h2>\n<table>\n<tbody>\n<tr>\n<td width=\"284\">ART NO.<\/td>\n<td width=\"335\">PVC05<\/td>\n<\/tr>\n<tr>\n<td width=\"284\">Material<\/td>\n<td width=\"335\">Guantes de 27CM recubiertos de PVC con virutas.<\/td>\n<\/tr>\n<tr>\n<td width=\"284\">Acabado<\/td>\n<td width=\"335\">PVC recubierto de virutas<\/td>\n<\/tr>\n<tr>\n<td width=\"284\">Peso<\/td>\n<td width=\"335\">M\u00e1s de155g\/par<\/td>\n<\/tr>\n<tr>\n<td width=\"284\">Talla<\/td>\n<td width=\"335\">27CM o tama\u00f1o personalizado.<\/td>\n<\/tr>\n<tr>\n<td width=\"284\">Est\u00e1ndar de calidad<\/td>\n<td width=\"335\">CE EN388<\/td>\n<\/tr>\n<tr>\n<td width=\"284\">Logotipo<\/td>\n<td width=\"335\">Serigraf\u00eda, impresi\u00f3n por transferencia t\u00e9rmica a elegir.<\/td>\n<\/tr>\n<tr>\n<td width=\"284\">Color<\/td>\n<td width=\"335\">Soporte personalizado<\/td>\n<\/tr>\n<tr>\n<td width=\"284\">MOQ<\/td>\n<td width=\"335\">500 DOCENAS ( 6000 PARES)<\/td>\n<\/tr>\n<tr>\n<td width=\"284\">Embalaje<\/td>\n<td width=\"335\">12 pares por bolsa de polietileno, 120 pares por caja de cart\u00f3n o personalizados<\/td>\n<\/tr>\n<tr>\n<td width=\"284\">Aplicaci\u00f3n<\/td>\n<td width=\"335\">Montaje mec\u00e1nico, operaciones al aire libre, silvicultura, miner\u00eda, obras de construcci\u00f3n, manipulaci\u00f3n de almacenes, mantenimiento de carga y descarga, etc.<\/td>\n<\/tr>\n<\/tbody>\n<\/table>\n<ul>\n<li>Dise\u00f1o de part\u00edculas en la superficie de la palma, fuerte rendimiento antideslizante;<\/li>\n<li>Revestimiento de PVC resistente a aceites y productos qu\u00edmicos, apto para muchas industrias;<\/li>\n<li>Forro Interlock, m\u00e1s c\u00f3modo para absorber el sudor y mantener el calor;<\/li>\n<li>Dise\u00f1o de manga larga, amplia zona de protecci\u00f3n;<\/li>\n<li>Soporta la personalizaci\u00f3n del LOGO y del embalaje, resaltando la imagen profesional.<\/li>\n<\/ul>\n<p>TOPRISE admite varios estilos de personalizaci\u00f3n de guantes ba\u00f1ados en PVC; haga clic para <a href=\"https:\/\/toprisesafety.com\/es\/categoria-producto\/personal-protective-equipment\/hand-protection\/pvc-gloves\/\">ver m\u00e1s estilos de guantes recubiertos de PVC.<\/a><\/p>\n<p>Si no encuentra los guantes recubiertos de PVC que necesita, <a href=\"https:\/\/toprisesafety.com\/es\/contact-us\/\">Contacto<\/a>; apoyamos la personalizaci\u00f3n especial.<\/p>","protected":false},"excerpt":{"rendered":"<p>N\u00ba Referencia: PVC05<\/p>\n<p>Material: guantes de 27CM recubiertos de PVC con virutas.<\/p>\n<p>Peso : m\u00e1s de 155 g\/par<\/p>\n<p>Tama\u00f1o: 27CM o tama\u00f1o personalizado.<\/p>\n<p>Norma de calidad: CE EN388<\/p>\n<p>CANTIDAD M\u00cdNIMA: 500 DOCENAS (6000 PARES)<\/p>","protected":false},"featured_media":11768,"template":"","meta":{"_acf_changed":false},"product_brand":[],"product_cat":[350,345],"product_tag":[],"class_list":{"0":"post-11767","1":"product","2":"type-product","3":"status-publish","4":"has-post-thumbnail","6":"product_cat-pvc-gloves","7":"product_cat-hand-protection","9":"first","10":"instock","11":"shipping-taxable","12":"product-type-simple"},"acf":[],"_links":{"self":[{"href":"https:\/\/toprisesafety.com\/es\/wp-json\/wp\/v2\/product\/11767"}],"collection":[{"href":"https:\/\/toprisesafety.com\/es\/wp-json\/wp\/v2\/product"}],"about":[{"href":"https:\/\/toprisesafety.com\/es\/wp-json\/wp\/v2\/types\/product"}],"wp:featuredmedia":[{"embeddable":true,"href":"https:\/\/toprisesafety.com\/es\/wp-json\/wp\/v2\/media\/11768"}],"wp:attachment":[{"href":"https:\/\/toprisesafety.com\/es\/wp-json\/wp\/v2\/media?parent=11767"}],"wp:term":[{"taxonomy":"product_brand","embeddable":true,"href":"https:\/\/toprisesafety.com\/es\/wp-json\/wp\/v2\/product_brand?post=11767"},{"taxonomy":"product_cat","embeddable":true,"href":"https:\/\/toprisesafety.com\/es\/wp-json\/wp\/v2\/product_cat?post=11767"},{"taxonomy":"product_tag","embeddable":true,"href":"https:\/\/toprisesafety.com\/es\/wp-json\/wp\/v2\/product_tag?post=11767"}],"curies":[{"name":"wp","href":"https:\/\/api.w.org\/{rel}","templated":true}]}}