{"id":11764,"date":"2025-04-08T02:43:05","date_gmt":"2025-04-08T02:43:05","guid":{"rendered":"https:\/\/toprisesafety.com\/?post_type=product&#038;p=11764"},"modified":"2025-04-14T05:14:19","modified_gmt":"2025-04-14T05:14:19","slug":"orange-pvc-coated-work-gloves","status":"publish","type":"product","link":"https:\/\/toprisesafety.com\/es\/producto\/orange-pvc-coated-work-gloves\/","title":{"rendered":"Guantes de trabajo recubiertos de PVC naranja"},"content":{"rendered":"<h2>Guantes de trabajo recubiertos de PVC naranja<\/h2>\n<ul>\n<li>Muy resistente al desgaste, adecuado para operaciones de alta resistencia, como montajes mec\u00e1nicos y obras de construcci\u00f3n;<\/li>\n<li>Impermeable, resistente al aceite y protege las manos de la contaminaci\u00f3n qu\u00edmica o l\u00edquida;<\/li>\n<li>El dise\u00f1o transpirable proporciona comodidad, adecuado para un uso prolongado.<\/li>\n<li>Su gran durabilidad prolonga la vida \u00fatil y reduce la frecuencia de sustituci\u00f3n.<\/li>\n<li>Soporta la personalizaci\u00f3n: los clientes pueden a\u00f1adir un LOGO espec\u00edfico para satisfacer las necesidades de la marca.<\/li>\n<\/ul>\n<table>\n<tbody>\n<tr>\n<td width=\"284\">ART NO.<\/td>\n<td width=\"335\">PVC03<\/td>\n<\/tr>\n<tr>\n<td width=\"284\">Material<\/td>\n<td width=\"335\">Tejido de poli\u00e9ster de calibre 13 con revestimiento de PVC<\/p>\n<p>&nbsp;<\/td>\n<\/tr>\n<tr>\n<td width=\"284\">Acabado<\/td>\n<td width=\"335\">Revestimiento de PVC<\/td>\n<\/tr>\n<tr>\n<td width=\"284\">Peso<\/td>\n<td width=\"335\">m\u00e1s de 90 g\/par<\/td>\n<\/tr>\n<tr>\n<td width=\"284\">Talla<\/td>\n<td width=\"335\">24CM o tama\u00f1o personalizado.<\/td>\n<\/tr>\n<tr>\n<td width=\"284\">Norma de calidad<\/td>\n<td width=\"335\">CE EN388<\/td>\n<\/tr>\n<tr>\n<td width=\"284\">Logotipo<\/td>\n<td width=\"335\">Serigraf\u00eda, impresi\u00f3n por transferencia t\u00e9rmica a elegir.<\/td>\n<\/tr>\n<tr>\n<td width=\"284\">Color<\/td>\n<td width=\"335\">Soporte personalizado<\/td>\n<\/tr>\n<tr>\n<td width=\"284\">MOQ<\/td>\n<td width=\"335\">500 DOZ (6000 PARES)<\/td>\n<\/tr>\n<tr>\n<td width=\"284\">Embalaje<\/td>\n<td width=\"335\">12 pares por bolsa de polietileno, 120 pares por caja de cart\u00f3n o personalizados<\/td>\n<\/tr>\n<tr>\n<td width=\"284\">Aplicaci\u00f3n<\/td>\n<td width=\"335\">Montaje mec\u00e1nico, operaciones al aire libre, silvicultura, miner\u00eda, obras de construcci\u00f3n, manipulaci\u00f3n de almacenes, mantenimiento de carga y descarga, etc.<\/td>\n<\/tr>\n<\/tbody>\n<\/table>\n<p>TOPRISE admite varios estilos de personalizaci\u00f3n de guantes ba\u00f1ados en PVC; haga clic para <a href=\"https:\/\/toprisesafety.com\/es\/categoria-producto\/personal-protective-equipment\/hand-protection\/pvc-gloves\/\">ver m\u00e1s estilos de guantes recubiertos de PVC.<\/a><\/p>\n<p>Si no encuentra los guantes recubiertos de PVC que necesita, <a href=\"https:\/\/toprisesafety.com\/es\/contact-us\/\">Contacto<\/a>; apoyamos la personalizaci\u00f3n especial.<\/p>","protected":false},"excerpt":{"rendered":"<p>N\u00ba Referencia: PVC03<\/p>\n<p>Material: 13 Guage poli\u00e9ster de punto con recubrimiento de PVC<\/p>\n<p>Peso : m\u00e1s de 90 g\/par<\/p>\n<p>Tama\u00f1o: 24CM o tama\u00f1o personalizado.<\/p>\n<p>Norma de calidad: CE EN388<\/p>\n<p>CANTIDAD M\u00cdNIMA: 500 DOCENAS (6000 PARES)<\/p>","protected":false},"featured_media":11765,"template":"","meta":{"_acf_changed":false},"product_brand":[],"product_cat":[350,345],"product_tag":[],"class_list":{"0":"post-11764","1":"product","2":"type-product","3":"status-publish","4":"has-post-thumbnail","6":"product_cat-pvc-gloves","7":"product_cat-hand-protection","9":"first","10":"instock","11":"shipping-taxable","12":"product-type-simple"},"acf":[],"_links":{"self":[{"href":"https:\/\/toprisesafety.com\/es\/wp-json\/wp\/v2\/product\/11764","targetHints":{"allow":["GET"]}}],"collection":[{"href":"https:\/\/toprisesafety.com\/es\/wp-json\/wp\/v2\/product"}],"about":[{"href":"https:\/\/toprisesafety.com\/es\/wp-json\/wp\/v2\/types\/product"}],"wp:featuredmedia":[{"embeddable":true,"href":"https:\/\/toprisesafety.com\/es\/wp-json\/wp\/v2\/media\/11765"}],"wp:attachment":[{"href":"https:\/\/toprisesafety.com\/es\/wp-json\/wp\/v2\/media?parent=11764"}],"wp:term":[{"taxonomy":"product_brand","embeddable":true,"href":"https:\/\/toprisesafety.com\/es\/wp-json\/wp\/v2\/product_brand?post=11764"},{"taxonomy":"product_cat","embeddable":true,"href":"https:\/\/toprisesafety.com\/es\/wp-json\/wp\/v2\/product_cat?post=11764"},{"taxonomy":"product_tag","embeddable":true,"href":"https:\/\/toprisesafety.com\/es\/wp-json\/wp\/v2\/product_tag?post=11764"}],"curies":[{"name":"wp","href":"https:\/\/api.w.org\/{rel}","templated":true}]}}