{"id":11761,"date":"2025-04-08T02:37:55","date_gmt":"2025-04-08T02:37:55","guid":{"rendered":"https:\/\/toprisesafety.com\/?post_type=product&#038;p=11761"},"modified":"2025-04-14T04:58:46","modified_gmt":"2025-04-14T04:58:46","slug":"nitrile-coated-gloves-2","status":"publish","type":"product","link":"https:\/\/toprisesafety.com\/es\/producto\/nitrile-coated-gloves-2\/","title":{"rendered":"Guantes recubiertos de nitrilo"},"content":{"rendered":"<h2>Guantes recubiertos de nitrilo<\/h2>\n<ul>\n<li data-pm-slice=\"1 1 []\">Gran durabilidad: material de nailon de 13 patillas, ligero y resistente al desgaste, adecuado para un uso prolongado.<\/li>\n<li>Recubrimiento de nitrilo: Las palmas y los dedos est\u00e1n recubiertos de nitrilo para proporcionar una excelente resistencia al deslizamiento y al aceite y mejorar la fuerza de agarre.<\/li>\n<li>Dise\u00f1o que refuerza los dedos: Refuerza las partes de los dedos, aumenta la protecci\u00f3n y los hace aptos para manipular objetos afilados.<\/li>\n<li>C\u00f3modo y transpirable: el dise\u00f1o de malla garantiza la permeabilidad del aire y resulta c\u00f3modo y no sofocante durante mucho tiempo.<\/li>\n<li>Personalizaci\u00f3n del logotipo y el embalaje: Soporte personalizado LOGO y embalaje personalizado para satisfacer las necesidades de la marca.<\/li>\n<li>Ampliamente utilizado: Adecuado para entornos de trabajo de alta intensidad, como la industria y la construcci\u00f3n, protegiendo eficazmente las manos.<\/li>\n<\/ul>\n<table style=\"height: 775px;\" width=\"801\">\n<tbody>\n<tr>\n<td width=\"284\">ART NO.<\/td>\n<td width=\"335\">NG13<\/td>\n<\/tr>\n<tr>\n<td width=\"284\">Material<\/td>\n<td width=\"335\">Nylon de punto recubierto de nitrilo de calibre 13<\/td>\n<\/tr>\n<tr>\n<td width=\"284\">Acabado<\/td>\n<td width=\"335\">Recubierto de nitrilo, superficie lisa<\/td>\n<\/tr>\n<tr>\n<td width=\"284\">Peso<\/td>\n<td width=\"335\">M\u00e1s de 60 g\/par<\/td>\n<\/tr>\n<tr>\n<td width=\"284\">Talla<\/td>\n<td width=\"335\">7\u2033, 8\u2033, 9\u2033, 10\u2033 y 11\u2033 a elegir<\/td>\n<\/tr>\n<tr>\n<td width=\"284\">Norma de calidad<\/td>\n<td width=\"335\">CE EN388<\/td>\n<\/tr>\n<tr>\n<td width=\"284\">Logotipo<\/td>\n<td width=\"335\">Serigraf\u00eda, impresi\u00f3n por transferencia t\u00e9rmica a elegir.<\/td>\n<\/tr>\n<tr>\n<td width=\"284\">Color<\/td>\n<td width=\"335\">Soporte personalizado<\/td>\n<\/tr>\n<tr>\n<td width=\"284\">MOQ<\/td>\n<td width=\"335\">500 DOZ (6000 PARES)<\/td>\n<\/tr>\n<tr>\n<td width=\"284\">Embalaje<\/td>\n<td width=\"335\">12 pares por bolsa de polietileno, 120 pares por caja de cart\u00f3n o personalizados<\/td>\n<\/tr>\n<tr>\n<td width=\"284\">Aplicaci\u00f3n<\/td>\n<td width=\"335\">Mantenimiento de equipos de tuber\u00edas, reparaci\u00f3n mec\u00e1nica, reparaci\u00f3n de fabricaci\u00f3n de autom\u00f3viles, procesamiento de hardware, operaci\u00f3n de m\u00e1quinas herramienta, mantenimiento de fabricaci\u00f3n de aviones, obras de construcci\u00f3n, minas de carb\u00f3n, f\u00e1bricas, ensamblaje de barcos de jardiner\u00eda, pesca y otras industrias, etc.<\/td>\n<\/tr>\n<\/tbody>\n<\/table>\n<p>TOPRISE admite varios estilos de personalizaci\u00f3n de guantes de nitrilo; haga clic para <a href=\"https:\/\/toprisesafety.com\/es\/categoria-producto\/personal-protective-equipment\/hand-protection\/nitrile-gloves\/\">ver m\u00e1s estilos de guantes recubiertos de nitrilo.<\/a><\/p>\n<p>Si no encuentra los guantes de nitrilo que necesita, <a href=\"https:\/\/toprisesafety.com\/es\/contact-us\/\">Contacto<\/a>; apoyamos la personalizaci\u00f3n especial.<\/p>\n<p>&nbsp;<\/p>","protected":false},"excerpt":{"rendered":"<p>Art No.: NG13<\/p>\n<p>Material:\u00a013guage nylon knitted\u00a0\u00a0nitrile coated<\/p>\n<p>Weight : over 60g\/pair<\/p>\n<p>Talla: 7\u2033,8\u2033,9\u2033,10\u2033,11\u2033 a elegir.<\/p>\n<p>Norma de calidad: CE EN388<\/p>\n<p>MQ: 1000 DOZ (12000 PARES)<\/p>","protected":false},"featured_media":11762,"template":"","meta":{"_acf_changed":false},"product_brand":[],"product_cat":[349,345],"product_tag":[],"class_list":{"0":"post-11761","1":"product","2":"type-product","3":"status-publish","4":"has-post-thumbnail","6":"product_cat-nitrile-gloves","7":"product_cat-hand-protection","9":"first","10":"instock","11":"shipping-taxable","12":"product-type-simple"},"acf":[],"_links":{"self":[{"href":"https:\/\/toprisesafety.com\/es\/wp-json\/wp\/v2\/product\/11761"}],"collection":[{"href":"https:\/\/toprisesafety.com\/es\/wp-json\/wp\/v2\/product"}],"about":[{"href":"https:\/\/toprisesafety.com\/es\/wp-json\/wp\/v2\/types\/product"}],"wp:featuredmedia":[{"embeddable":true,"href":"https:\/\/toprisesafety.com\/es\/wp-json\/wp\/v2\/media\/11762"}],"wp:attachment":[{"href":"https:\/\/toprisesafety.com\/es\/wp-json\/wp\/v2\/media?parent=11761"}],"wp:term":[{"taxonomy":"product_brand","embeddable":true,"href":"https:\/\/toprisesafety.com\/es\/wp-json\/wp\/v2\/product_brand?post=11761"},{"taxonomy":"product_cat","embeddable":true,"href":"https:\/\/toprisesafety.com\/es\/wp-json\/wp\/v2\/product_cat?post=11761"},{"taxonomy":"product_tag","embeddable":true,"href":"https:\/\/toprisesafety.com\/es\/wp-json\/wp\/v2\/product_tag?post=11761"}],"curies":[{"name":"wp","href":"https:\/\/api.w.org\/{rel}","templated":true}]}}