{"id":11759,"date":"2025-04-08T02:28:53","date_gmt":"2025-04-08T02:28:53","guid":{"rendered":"https:\/\/toprisesafety.com\/?post_type=product&#038;p=11759"},"modified":"2025-04-14T04:18:45","modified_gmt":"2025-04-14T04:18:45","slug":"mechanical-gloves","status":"publish","type":"product","link":"https:\/\/toprisesafety.com\/es\/producto\/mechanical-gloves\/","title":{"rendered":"Guantes mec\u00e1nicos"},"content":{"rendered":"<h2>Guantes mec\u00e1nicos<\/h2>\n<ul>\n<li data-pm-slice=\"1 1 []\">Fuerte protecci\u00f3n: un n\u00facleo de guante de poli\u00e9ster de calibre 13 combinado con un revestimiento de TPE proporciona una excelente resistencia a los impactos y protecci\u00f3n para trabajos de alta intensidad.<\/li>\n<li>Gran resistencia al desgaste: El TPE refuerza el dise\u00f1o, mejora eficazmente la resistencia al desgaste y prolonga la vida \u00fatil de los guantes.<\/li>\n<li>C\u00f3modo y transpirable: La transpirabilidad del material de poli\u00e9ster es buena, c\u00f3modo de llevar, y el uso a largo plazo no es sofocante.<\/li>\n<li>Excelente agarre: El revestimiento de TPE de la palma proporciona un excelente efecto antideslizante y garantiza un agarre estable.<\/li>\n<li>Personalizaci\u00f3n de logotipos y envases: Soporte de personalizaci\u00f3n de logotipos y envases para mejorar la exposici\u00f3n de la marca y satisfacer las necesidades individuales.<\/li>\n<\/ul>\n<table>\n<tbody>\n<tr>\n<td width=\"284\">ART NO.<\/td>\n<td width=\"335\">MG01<\/td>\n<\/tr>\n<tr>\n<td width=\"284\">Material<\/td>\n<td width=\"335\">Tejido de poli\u00e9ster de galga 13 con revestimiento de TPE<\/td>\n<\/tr>\n<tr>\n<td width=\"284\">Acabado<\/td>\n<td width=\"335\">Recubierto de TPE<\/td>\n<\/tr>\n<tr>\n<td width=\"284\">Peso<\/td>\n<td width=\"335\">m\u00e1s de 120 g\/par<\/td>\n<\/tr>\n<tr>\n<td width=\"284\">Talla<\/td>\n<td width=\"335\">24CM o tama\u00f1o personalizado.<\/td>\n<\/tr>\n<tr>\n<td width=\"284\">Logotipo<\/td>\n<td width=\"335\">Serigraf\u00eda, impresi\u00f3n por transferencia t\u00e9rmica a elegir.<\/td>\n<\/tr>\n<tr>\n<td width=\"284\">Color<\/td>\n<td width=\"335\">Soporte personalizado<\/td>\n<\/tr>\n<tr>\n<td width=\"284\">MOQ<\/td>\n<td width=\"335\">1000 DOZ (12000 PARES)<\/td>\n<\/tr>\n<tr>\n<td width=\"284\">Embalaje<\/td>\n<td width=\"335\">12 pares por bolsa de polietileno, 120 pares por caja de cart\u00f3n o personalizados<\/td>\n<\/tr>\n<tr>\n<td width=\"284\">Aplicaci\u00f3n<\/td>\n<td width=\"335\">Montaje mec\u00e1nico, operaciones al aire libre, silvicultura, miner\u00eda, obras de construcci\u00f3n, manipulaci\u00f3n de almacenes, mantenimiento de carga y descarga, etc.<\/td>\n<\/tr>\n<\/tbody>\n<\/table>\n<p>TOPRISE admite varios estilos de personalizaci\u00f3n de guantes de l\u00e1tex; haga clic para <a href=\"https:\/\/toprisesafety.com\/es\/categoria-producto\/personal-protective-equipment\/hand-protection\/latex-gloves\/\">ver m\u00e1s estilos de guantes de l\u00e1tex.<\/a><\/p>\n<p>Si no encuentra los guantes de l\u00e1tex que necesita, <a href=\"https:\/\/toprisesafety.com\/es\/contact-us\/\">Contacto<\/a>; apoyamos la personalizaci\u00f3n especial.<\/p>","protected":false},"excerpt":{"rendered":"<p>Material:\u00a013 guage polyester knitted with TPE coated<\/p>\n<p>Peso : m\u00e1s de 120 g\/par<\/p>\n<p>Tama\u00f1o: 24CM o tama\u00f1o personalizado.<\/p>\n<p>MQ: 1000 DOZ (12000 PARES)<\/p>","protected":false},"featured_media":11760,"template":"","meta":{"_acf_changed":false},"product_brand":[],"product_cat":[348,345],"product_tag":[],"class_list":{"0":"post-11759","1":"product","2":"type-product","3":"status-publish","4":"has-post-thumbnail","6":"product_cat-latex-gloves","7":"product_cat-hand-protection","9":"first","10":"instock","11":"shipping-taxable","12":"product-type-simple"},"acf":[],"_links":{"self":[{"href":"https:\/\/toprisesafety.com\/es\/wp-json\/wp\/v2\/product\/11759"}],"collection":[{"href":"https:\/\/toprisesafety.com\/es\/wp-json\/wp\/v2\/product"}],"about":[{"href":"https:\/\/toprisesafety.com\/es\/wp-json\/wp\/v2\/types\/product"}],"wp:featuredmedia":[{"embeddable":true,"href":"https:\/\/toprisesafety.com\/es\/wp-json\/wp\/v2\/media\/11760"}],"wp:attachment":[{"href":"https:\/\/toprisesafety.com\/es\/wp-json\/wp\/v2\/media?parent=11759"}],"wp:term":[{"taxonomy":"product_brand","embeddable":true,"href":"https:\/\/toprisesafety.com\/es\/wp-json\/wp\/v2\/product_brand?post=11759"},{"taxonomy":"product_cat","embeddable":true,"href":"https:\/\/toprisesafety.com\/es\/wp-json\/wp\/v2\/product_cat?post=11759"},{"taxonomy":"product_tag","embeddable":true,"href":"https:\/\/toprisesafety.com\/es\/wp-json\/wp\/v2\/product_tag?post=11759"}],"curies":[{"name":"wp","href":"https:\/\/api.w.org\/{rel}","templated":true}]}}